{"id":10312,"date":"2024-12-03T14:48:34","date_gmt":"2024-12-19T10:42:52","guid":{"rendered":"https:\/\/gaspariutensili.it\/shop\/mdre-140\/"},"modified":"2024-12-19T10:42:52","modified_gmt":"2024-12-19T10:42:52","slug":"mdre-140","status":"publish","type":"product","link":"https:\/\/gaspariutensili.it\/en\/shop\/mdre-140\/","title":{"rendered":"MDRE-140"},"content":{"rendered":"<div class=\"boxed\">\n<div id=\"lipsum\">Carbide backstop for laminating \u00d8: 14 &#8211; useful: 35 footprint \u00d8: 7.7 &#8211; shank attachment \u00d8: 14<\/div>\n<p>&nbsp;<\/p>\n<div><button style=\"padding: 10px 20px; border: 1px solid #018dc4; background: #014584;\"><a style=\"color: white;\" href=\"#\" target=\"_blank\" rel=\"noopener\">Download PDF<\/a><\/button><\/div>\n<\/div>\n","protected":false},"excerpt":{"rendered":"<p>&nbsp;<\/p>\n<table class=\"woocommerce-product-attributes shop_attributes\" aria-label=\"Product Details\">\n<tbody>\n<tr class=\"woocommerce-product-attributes-item woocommerce-product-attributes-item--attribute_%c3%b8a-toll-01mm\">\n<th class=\"woocommerce-product-attributes-item__label\" scope=\"row\">\u00d8a toll 0.1mm<\/th>\n<td class=\"woocommerce-product-attributes-item__value\">14<\/td>\n<\/tr>\n<tr class=\"woocommerce-product-attributes-item woocommerce-product-attributes-item--attribute_b-mm-ingombro\">\n<th class=\"woocommerce-product-attributes-item__label\" scope=\"row\">B mm footprint<\/th>\n<td class=\"woocommerce-product-attributes-item__value\">7, 7<\/td>\n<\/tr>\n<tr class=\"woocommerce-product-attributes-item woocommerce-product-attributes-item--attribute_l-mm-utile\">\n<th class=\"woocommerce-product-attributes-item__label\" scope=\"row\">L mm useful<\/th>\n<td class=\"woocommerce-product-attributes-item__value\">35<\/td>\n<\/tr>\n<tr class=\"woocommerce-product-attributes-item woocommerce-product-attributes-item--attribute_l1-mm\">\n<th class=\"woocommerce-product-attributes-item__label\" scope=\"row\">L1 mm<\/th>\n<td class=\"woocommerce-product-attributes-item__value\">4, 4<\/td>\n<\/tr>\n<tr class=\"woocommerce-product-attributes-item woocommerce-product-attributes-item--attribute_%c3%b8c-mm-toll-h6\">\n<th class=\"woocommerce-product-attributes-item__label\" scope=\"row\">\u00d8C mm toll h6<\/th>\n<td class=\"woocommerce-product-attributes-item__value\">14<\/td>\n<\/tr>\n<tr class=\"woocommerce-product-attributes-item woocommerce-product-attributes-item--attribute_%c3%b8-minimo-foro-ingresso\">\n<th class=\"woocommerce-product-attributes-item__label\" scope=\"row\">Minimum inlet hole \u00d8<\/th>\n<td class=\"woocommerce-product-attributes-item__value\">8<\/td>\n<\/tr>\n<\/tbody>\n<\/table>\n","protected":false},"featured_media":7514,"comment_status":"closed","ping_status":"closed","template":"","meta":{"_acf_changed":false},"product_brand":[],"product_cat":[141],"product_tag":[],"class_list":{"0":"post-10312","1":"product","2":"type-product","3":"status-publish","4":"has-post-thumbnail","6":"product_cat-hard-metal-back-spot-facing","8":"first","9":"instock","10":"shipping-taxable","11":"product-type-simple"},"acf":[],"yoast_head":"<!-- This site is optimized with the Yoast SEO plugin v27.5 - https:\/\/yoast.com\/product\/yoast-seo-wordpress\/ -->\n<title>MDRE-140 - Gaspari<\/title>\n<meta name=\"robots\" content=\"index, follow, max-snippet:-1, max-image-preview:large, max-video-preview:-1\" \/>\n<link rel=\"canonical\" href=\"https:\/\/gaspariutensili.it\/en\/shop\/mdre-140\/\" \/>\n<meta property=\"og:locale\" content=\"en_US\" \/>\n<meta property=\"og:type\" content=\"article\" \/>\n<meta property=\"og:title\" content=\"MDRE-140 - Gaspari\" \/>\n<meta property=\"og:description\" content=\"&nbsp;  \u00d8a toll 0.1mm 14  B mm footprint 7, 7  L mm useful 35  L1 mm 4, 4  \u00d8C mm toll h6 14  Minimum inlet hole \u00d8 8\" \/>\n<meta property=\"og:url\" content=\"https:\/\/gaspariutensili.it\/en\/shop\/mdre-140\/\" \/>\n<meta property=\"og:site_name\" content=\"Gaspari\" \/>\n<meta property=\"og:image\" content=\"https:\/\/gaspariutensili.it\/wp-content\/uploads\/2024\/12\/RETROLAMATORE_MD_3.png\" \/>\n\t<meta property=\"og:image:width\" content=\"1600\" \/>\n\t<meta property=\"og:image:height\" content=\"1600\" \/>\n\t<meta property=\"og:image:type\" content=\"image\/png\" \/>\n<meta name=\"twitter:card\" content=\"summary_large_image\" \/>\n<script type=\"application\/ld+json\" class=\"yoast-schema-graph\">{\"@context\":\"https:\\\/\\\/schema.org\",\"@graph\":[{\"@type\":\"WebPage\",\"@id\":\"https:\\\/\\\/gaspariutensili.it\\\/en\\\/shop\\\/mdre-140\\\/\",\"url\":\"https:\\\/\\\/gaspariutensili.it\\\/en\\\/shop\\\/mdre-140\\\/\",\"name\":\"MDRE-140 - Gaspari\",\"isPartOf\":{\"@id\":\"https:\\\/\\\/gaspariutensili.it\\\/en\\\/#website\"},\"primaryImageOfPage\":{\"@id\":\"https:\\\/\\\/gaspariutensili.it\\\/en\\\/shop\\\/mdre-140\\\/#primaryimage\"},\"image\":{\"@id\":\"https:\\\/\\\/gaspariutensili.it\\\/en\\\/shop\\\/mdre-140\\\/#primaryimage\"},\"thumbnailUrl\":\"https:\\\/\\\/gaspariutensili.it\\\/wp-content\\\/uploads\\\/2024\\\/12\\\/RETROLAMATORE_MD_3.png\",\"datePublished\":\"2024-12-19T10:42:52+00:00\",\"breadcrumb\":{\"@id\":\"https:\\\/\\\/gaspariutensili.it\\\/en\\\/shop\\\/mdre-140\\\/#breadcrumb\"},\"inLanguage\":\"en-US\",\"potentialAction\":[{\"@type\":\"ReadAction\",\"target\":[\"https:\\\/\\\/gaspariutensili.it\\\/en\\\/shop\\\/mdre-140\\\/\"]}]},{\"@type\":\"ImageObject\",\"inLanguage\":\"en-US\",\"@id\":\"https:\\\/\\\/gaspariutensili.it\\\/en\\\/shop\\\/mdre-140\\\/#primaryimage\",\"url\":\"https:\\\/\\\/gaspariutensili.it\\\/wp-content\\\/uploads\\\/2024\\\/12\\\/RETROLAMATORE_MD_3.png\",\"contentUrl\":\"https:\\\/\\\/gaspariutensili.it\\\/wp-content\\\/uploads\\\/2024\\\/12\\\/RETROLAMATORE_MD_3.png\",\"width\":1600,\"height\":1600},{\"@type\":\"BreadcrumbList\",\"@id\":\"https:\\\/\\\/gaspariutensili.it\\\/en\\\/shop\\\/mdre-140\\\/#breadcrumb\",\"itemListElement\":[{\"@type\":\"ListItem\",\"position\":1,\"name\":\"Home\",\"item\":\"https:\\\/\\\/gaspariutensili.it\\\/en\\\/\"},{\"@type\":\"ListItem\",\"position\":2,\"name\":\"Shop\",\"item\":\"https:\\\/\\\/gaspariutensili.it\\\/en\\\/?page_id=8101\"},{\"@type\":\"ListItem\",\"position\":3,\"name\":\"MDRE-140\"}]},{\"@type\":\"WebSite\",\"@id\":\"https:\\\/\\\/gaspariutensili.it\\\/en\\\/#website\",\"url\":\"https:\\\/\\\/gaspariutensili.it\\\/en\\\/\",\"name\":\"Gaspari\",\"description\":\"Special tools since 1979\",\"publisher\":{\"@id\":\"https:\\\/\\\/gaspariutensili.it\\\/en\\\/#organization\"},\"potentialAction\":[{\"@type\":\"SearchAction\",\"target\":{\"@type\":\"EntryPoint\",\"urlTemplate\":\"https:\\\/\\\/gaspariutensili.it\\\/en\\\/?s={search_term_string}\"},\"query-input\":{\"@type\":\"PropertyValueSpecification\",\"valueRequired\":true,\"valueName\":\"search_term_string\"}}],\"inLanguage\":\"en-US\"},{\"@type\":\"Organization\",\"@id\":\"https:\\\/\\\/gaspariutensili.it\\\/en\\\/#organization\",\"name\":\"Gaspari Utensili\",\"url\":\"https:\\\/\\\/gaspariutensili.it\\\/en\\\/\",\"logo\":{\"@type\":\"ImageObject\",\"inLanguage\":\"en-US\",\"@id\":\"https:\\\/\\\/gaspariutensili.it\\\/en\\\/#\\\/schema\\\/logo\\\/image\\\/\",\"url\":\"http:\\\/\\\/gaspariutensili.it\\\/wp-content\\\/uploads\\\/2021\\\/11\\\/cropped-logo_gaspari-1.png\",\"contentUrl\":\"http:\\\/\\\/gaspariutensili.it\\\/wp-content\\\/uploads\\\/2021\\\/11\\\/cropped-logo_gaspari-1.png\",\"width\":500,\"height\":268,\"caption\":\"Gaspari Utensili\"},\"image\":{\"@id\":\"https:\\\/\\\/gaspariutensili.it\\\/en\\\/#\\\/schema\\\/logo\\\/image\\\/\"},\"sameAs\":[\"https:\\\/\\\/www.linkedin.com\\\/company\\\/gaspari-utensili-srl\\\/\"]}]}<\/script>\n<!-- \/ Yoast SEO plugin. -->","yoast_head_json":{"title":"MDRE-140 - Gaspari","robots":{"index":"index","follow":"follow","max-snippet":"max-snippet:-1","max-image-preview":"max-image-preview:large","max-video-preview":"max-video-preview:-1"},"canonical":"https:\/\/gaspariutensili.it\/en\/shop\/mdre-140\/","og_locale":"en_US","og_type":"article","og_title":"MDRE-140 - Gaspari","og_description":"&nbsp;  \u00d8a toll 0.1mm 14  B mm footprint 7, 7  L mm useful 35  L1 mm 4, 4  \u00d8C mm toll h6 14  Minimum inlet hole \u00d8 8","og_url":"https:\/\/gaspariutensili.it\/en\/shop\/mdre-140\/","og_site_name":"Gaspari","og_image":[{"width":1600,"height":1600,"url":"https:\/\/gaspariutensili.it\/wp-content\/uploads\/2024\/12\/RETROLAMATORE_MD_3.png","type":"image\/png"}],"twitter_card":"summary_large_image","schema":{"@context":"https:\/\/schema.org","@graph":[{"@type":"WebPage","@id":"https:\/\/gaspariutensili.it\/en\/shop\/mdre-140\/","url":"https:\/\/gaspariutensili.it\/en\/shop\/mdre-140\/","name":"MDRE-140 - Gaspari","isPartOf":{"@id":"https:\/\/gaspariutensili.it\/en\/#website"},"primaryImageOfPage":{"@id":"https:\/\/gaspariutensili.it\/en\/shop\/mdre-140\/#primaryimage"},"image":{"@id":"https:\/\/gaspariutensili.it\/en\/shop\/mdre-140\/#primaryimage"},"thumbnailUrl":"https:\/\/gaspariutensili.it\/wp-content\/uploads\/2024\/12\/RETROLAMATORE_MD_3.png","datePublished":"2024-12-19T10:42:52+00:00","breadcrumb":{"@id":"https:\/\/gaspariutensili.it\/en\/shop\/mdre-140\/#breadcrumb"},"inLanguage":"en-US","potentialAction":[{"@type":"ReadAction","target":["https:\/\/gaspariutensili.it\/en\/shop\/mdre-140\/"]}]},{"@type":"ImageObject","inLanguage":"en-US","@id":"https:\/\/gaspariutensili.it\/en\/shop\/mdre-140\/#primaryimage","url":"https:\/\/gaspariutensili.it\/wp-content\/uploads\/2024\/12\/RETROLAMATORE_MD_3.png","contentUrl":"https:\/\/gaspariutensili.it\/wp-content\/uploads\/2024\/12\/RETROLAMATORE_MD_3.png","width":1600,"height":1600},{"@type":"BreadcrumbList","@id":"https:\/\/gaspariutensili.it\/en\/shop\/mdre-140\/#breadcrumb","itemListElement":[{"@type":"ListItem","position":1,"name":"Home","item":"https:\/\/gaspariutensili.it\/en\/"},{"@type":"ListItem","position":2,"name":"Shop","item":"https:\/\/gaspariutensili.it\/en\/?page_id=8101"},{"@type":"ListItem","position":3,"name":"MDRE-140"}]},{"@type":"WebSite","@id":"https:\/\/gaspariutensili.it\/en\/#website","url":"https:\/\/gaspariutensili.it\/en\/","name":"Gaspari","description":"Special tools since 1979","publisher":{"@id":"https:\/\/gaspariutensili.it\/en\/#organization"},"potentialAction":[{"@type":"SearchAction","target":{"@type":"EntryPoint","urlTemplate":"https:\/\/gaspariutensili.it\/en\/?s={search_term_string}"},"query-input":{"@type":"PropertyValueSpecification","valueRequired":true,"valueName":"search_term_string"}}],"inLanguage":"en-US"},{"@type":"Organization","@id":"https:\/\/gaspariutensili.it\/en\/#organization","name":"Gaspari Utensili","url":"https:\/\/gaspariutensili.it\/en\/","logo":{"@type":"ImageObject","inLanguage":"en-US","@id":"https:\/\/gaspariutensili.it\/en\/#\/schema\/logo\/image\/","url":"http:\/\/gaspariutensili.it\/wp-content\/uploads\/2021\/11\/cropped-logo_gaspari-1.png","contentUrl":"http:\/\/gaspariutensili.it\/wp-content\/uploads\/2021\/11\/cropped-logo_gaspari-1.png","width":500,"height":268,"caption":"Gaspari Utensili"},"image":{"@id":"https:\/\/gaspariutensili.it\/en\/#\/schema\/logo\/image\/"},"sameAs":["https:\/\/www.linkedin.com\/company\/gaspari-utensili-srl\/"]}]}},"_links":{"self":[{"href":"https:\/\/gaspariutensili.it\/en\/wp-json\/wp\/v2\/product\/10312","targetHints":{"allow":["GET"]}}],"collection":[{"href":"https:\/\/gaspariutensili.it\/en\/wp-json\/wp\/v2\/product"}],"about":[{"href":"https:\/\/gaspariutensili.it\/en\/wp-json\/wp\/v2\/types\/product"}],"replies":[{"embeddable":true,"href":"https:\/\/gaspariutensili.it\/en\/wp-json\/wp\/v2\/comments?post=10312"}],"wp:featuredmedia":[{"embeddable":true,"href":"https:\/\/gaspariutensili.it\/en\/wp-json\/wp\/v2\/media\/7514"}],"wp:attachment":[{"href":"https:\/\/gaspariutensili.it\/en\/wp-json\/wp\/v2\/media?parent=10312"}],"wp:term":[{"taxonomy":"product_brand","embeddable":true,"href":"https:\/\/gaspariutensili.it\/en\/wp-json\/wp\/v2\/product_brand?post=10312"},{"taxonomy":"product_cat","embeddable":true,"href":"https:\/\/gaspariutensili.it\/en\/wp-json\/wp\/v2\/product_cat?post=10312"},{"taxonomy":"product_tag","embeddable":true,"href":"https:\/\/gaspariutensili.it\/en\/wp-json\/wp\/v2\/product_tag?post=10312"}],"curies":[{"name":"wp","href":"https:\/\/api.w.org\/{rel}","templated":true}]}}