{"id":4936,"date":"2024-11-05T15:27:57","date_gmt":"2024-11-05T15:27:57","guid":{"rendered":"https:\/\/gaspariutensili.it\/por\/"},"modified":"2024-11-05T15:27:59","modified_gmt":"2024-11-05T15:27:59","slug":"por","status":"publish","type":"page","link":"https:\/\/gaspariutensili.it\/es\/por\/","title":{"rendered":"POR"},"content":{"rendered":"\t\t<div data-elementor-type=\"wp-page\" data-elementor-id=\"4936\" class=\"elementor elementor-4936 elementor-3288\" data-elementor-post-type=\"page\">\n\t\t\t\t\t\t<section class=\"elementor-section elementor-top-section elementor-element elementor-element-e68e27b elementor-section-full_width elementor-section-height-default elementor-section-height-default\" data-id=\"e68e27b\" data-element_type=\"section\" data-e-type=\"section\">\n\t\t\t\t\t\t<div class=\"elementor-container elementor-column-gap-default\">\n\t\t\t\t\t<div class=\"elementor-column elementor-col-50 elementor-top-column elementor-element elementor-element-658fe2c\" data-id=\"658fe2c\" data-element_type=\"column\" data-e-type=\"column\">\n\t\t\t<div class=\"elementor-widget-wrap elementor-element-populated\">\n\t\t\t\t\t\t<div class=\"elementor-element elementor-element-766af7e elementor-widget elementor-widget-heading\" data-id=\"766af7e\" data-element_type=\"widget\" data-e-type=\"widget\" data-widget_type=\"heading.default\">\n\t\t\t\t<div class=\"elementor-widget-container\">\n\t\t\t\t\t<h2 class=\"elementor-heading-title elementor-size-default\"><br> ACCI\u00d3N 3.1.1 sub A - ventanilla B Anuncio DGR 769 DE 04.06.2019 <\/h2>\t\t\t\t<\/div>\n\t\t\t\t<\/div>\n\t\t\t\t<div class=\"elementor-element elementor-element-9bd49e5 elementor-widget elementor-widget-heading\" data-id=\"9bd49e5\" data-element_type=\"widget\" data-e-type=\"widget\" data-widget_type=\"heading.default\">\n\t\t\t\t<div class=\"elementor-widget-container\">\n\t\t\t\t\t<h2 class=\"elementor-heading-title elementor-size-default\">Nueva planta de quemado en caliente y almac\u00e9n vertical automatizado<\/h2>\t\t\t\t<\/div>\n\t\t\t\t<\/div>\n\t\t\t\t\t<\/div>\n\t\t<\/div>\n\t\t\t\t<div class=\"elementor-column elementor-col-50 elementor-top-column elementor-element elementor-element-22fef67\" data-id=\"22fef67\" data-element_type=\"column\" data-e-type=\"column\">\n\t\t\t<div class=\"elementor-widget-wrap elementor-element-populated\">\n\t\t\t\t\t\t<div class=\"elementor-element elementor-element-74a252b elementor-widget elementor-widget-image\" data-id=\"74a252b\" data-element_type=\"widget\" data-e-type=\"widget\" data-widget_type=\"image.default\">\n\t\t\t\t<div class=\"elementor-widget-container\">\n\t\t\t\t\t\t\t\t\t\t\t\t\t\t\t<img fetchpriority=\"high\" decoding=\"async\" width=\"422\" height=\"360\" src=\"https:\/\/gaspariutensili.it\/wp-content\/uploads\/2022\/01\/POR_FESR-14_20-bn-logo.png\" class=\"attachment-large size-large wp-image-4938\" alt=\"\" srcset=\"https:\/\/gaspariutensili.it\/wp-content\/uploads\/2022\/01\/POR_FESR-14_20-bn-logo.png 422w, https:\/\/gaspariutensili.it\/wp-content\/uploads\/2022\/01\/POR_FESR-14_20-bn-logo-300x256.png 300w\" sizes=\"(max-width: 422px) 100vw, 422px\" \/>\t\t\t\t\t\t\t\t\t\t\t\t\t\t\t<\/div>\n\t\t\t\t<\/div>\n\t\t\t\t\t<\/div>\n\t\t<\/div>\n\t\t\t\t\t<\/div>\n\t\t<\/section>\n\t\t\t\t<section class=\"elementor-section elementor-top-section elementor-element elementor-element-d18d7a4 elementor-section-full_width elementor-section-height-default elementor-section-height-default\" data-id=\"d18d7a4\" data-element_type=\"section\" data-e-type=\"section\">\n\t\t\t\t\t\t<div class=\"elementor-container elementor-column-gap-default\">\n\t\t\t\t\t<div class=\"elementor-column elementor-col-50 elementor-top-column elementor-element elementor-element-eda2b16\" data-id=\"eda2b16\" data-element_type=\"column\" data-e-type=\"column\">\n\t\t\t<div class=\"elementor-widget-wrap elementor-element-populated\">\n\t\t\t\t\t\t<div class=\"elementor-element elementor-element-173f86d elementor-widget elementor-widget-text-editor\" data-id=\"173f86d\" data-element_type=\"widget\" data-e-type=\"widget\" data-widget_type=\"text-editor.default\">\n\t\t\t\t<div class=\"elementor-widget-container\">\n\t\t\t\t\t\t\t\t\t<p>Con este proyecto, nuestra empresa pudo sustituir una anticuada planta de quemado en caliente por una planta moderna.<br \/>La nueva planta permite reducir el consumo de electricidad, reducir la cantidad de residuos que hay que eliminar y mejorar el acabado del tratamiento superficial. Tambi\u00e9n formaba parte del proyecto un almac\u00e9n vertical automatizado Lista, capaz de almacenar eficazmente productos acabados y materias primas.<br \/>El nuevo almac\u00e9n est\u00e1 interconectado en una perspectiva 4.0 con el sistema de la empresa para una gesti\u00f3n ajustada y precisa de las existencias. El valor total del proyecto fue de 64.455,00 euros, de los que obtuvimos una contribuci\u00f3n de 19.336,52 euros.  <\/p>\n\t\t\t\t\t\t\t\t<\/div>\n\t\t\t\t<\/div>\n\t\t\t\t\t<\/div>\n\t\t<\/div>\n\t\t\t\t<div class=\"elementor-column elementor-col-50 elementor-top-column elementor-element elementor-element-91c1895\" data-id=\"91c1895\" data-element_type=\"column\" data-e-type=\"column\">\n\t\t\t<div class=\"elementor-widget-wrap elementor-element-populated\">\n\t\t\t\t\t\t<div class=\"elementor-element elementor-element-c76c7fc elementor-widget elementor-widget-image\" data-id=\"c76c7fc\" data-element_type=\"widget\" data-e-type=\"widget\" data-widget_type=\"image.default\">\n\t\t\t\t<div class=\"elementor-widget-container\">\n\t\t\t\t\t\t\t\t\t\t\t\t\t\t\t<img decoding=\"async\" width=\"1440\" height=\"1338\" src=\"https:\/\/gaspariutensili.it\/wp-content\/uploads\/2022\/01\/20220120_180647-scaled-e1642765422732.jpg\" class=\"attachment-full size-full wp-image-4939\" alt=\"\" srcset=\"https:\/\/gaspariutensili.it\/wp-content\/uploads\/2022\/01\/20220120_180647-scaled-e1642765422732.jpg 1440w, https:\/\/gaspariutensili.it\/wp-content\/uploads\/2022\/01\/20220120_180647-scaled-e1642765422732-600x558.jpg 600w, https:\/\/gaspariutensili.it\/wp-content\/uploads\/2022\/01\/20220120_180647-scaled-e1642765422732-300x279.jpg 300w, https:\/\/gaspariutensili.it\/wp-content\/uploads\/2022\/01\/20220120_180647-scaled-e1642765422732-1024x951.jpg 1024w, https:\/\/gaspariutensili.it\/wp-content\/uploads\/2022\/01\/20220120_180647-scaled-e1642765422732-768x714.jpg 768w\" sizes=\"(max-width: 1440px) 100vw, 1440px\" \/>\t\t\t\t\t\t\t\t\t\t\t\t\t\t\t<\/div>\n\t\t\t\t<\/div>\n\t\t\t\t<div class=\"elementor-element elementor-element-c7a5a86 elementor-widget elementor-widget-image\" data-id=\"c7a5a86\" data-element_type=\"widget\" data-e-type=\"widget\" data-widget_type=\"image.default\">\n\t\t\t\t<div class=\"elementor-widget-container\">\n\t\t\t\t\t\t\t\t\t\t\t\t\t\t\t<img decoding=\"async\" width=\"800\" height=\"450\" src=\"https:\/\/gaspariutensili.it\/wp-content\/uploads\/2022\/01\/20220120_180825-1024x576.jpg\" class=\"attachment-large size-large wp-image-4940\" alt=\"\" srcset=\"https:\/\/gaspariutensili.it\/wp-content\/uploads\/2022\/01\/20220120_180825-1024x576.jpg 1024w, https:\/\/gaspariutensili.it\/wp-content\/uploads\/2022\/01\/20220120_180825-scaled-600x338.jpg 600w, https:\/\/gaspariutensili.it\/wp-content\/uploads\/2022\/01\/20220120_180825-300x169.jpg 300w, https:\/\/gaspariutensili.it\/wp-content\/uploads\/2022\/01\/20220120_180825-768x432.jpg 768w, https:\/\/gaspariutensili.it\/wp-content\/uploads\/2022\/01\/20220120_180825-1536x864.jpg 1536w, https:\/\/gaspariutensili.it\/wp-content\/uploads\/2022\/01\/20220120_180825-2048x1152.jpg 2048w\" sizes=\"(max-width: 800px) 100vw, 800px\" \/>\t\t\t\t\t\t\t\t\t\t\t\t\t\t\t<\/div>\n\t\t\t\t<\/div>\n\t\t\t\t\t<\/div>\n\t\t<\/div>\n\t\t\t\t\t<\/div>\n\t\t<\/section>\n\t\t\t\t<\/div>\n\t\t","protected":false},"excerpt":{"rendered":"<p>ACCI\u00d3N 3.1.1 sub A &#8211; ventanilla B Anuncio DGR 769 DE 04.06.2019 Nueva planta de quemado en caliente y almac\u00e9n vertical automatizado Con este proyecto, nuestra empresa pudo sustituir una anticuada planta de quemado en caliente por una planta moderna.La nueva planta permite reducir el consumo de electricidad, reducir la cantidad de residuos que hay [&hellip;]<\/p>\n","protected":false},"author":1,"featured_media":0,"parent":0,"menu_order":0,"comment_status":"closed","ping_status":"closed","template":"","meta":{"_acf_changed":false,"footnotes":""},"class_list":["post-4936","page","type-page","status-publish","hentry"],"acf":[],"yoast_head":"<!-- This site is optimized with the Yoast SEO plugin v27.5 - https:\/\/yoast.com\/product\/yoast-seo-wordpress\/ -->\n<title>POR - Gaspari<\/title>\n<meta name=\"robots\" content=\"index, follow, max-snippet:-1, max-image-preview:large, max-video-preview:-1\" \/>\n<link rel=\"canonical\" href=\"https:\/\/gaspariutensili.it\/es\/por\/\" \/>\n<meta property=\"og:locale\" content=\"es_ES\" \/>\n<meta property=\"og:type\" content=\"article\" \/>\n<meta property=\"og:title\" content=\"POR - Gaspari\" \/>\n<meta property=\"og:description\" content=\"ACCI\u00d3N 3.1.1 sub A &#8211; ventanilla B Anuncio DGR 769 DE 04.06.2019 Nueva planta de quemado en caliente y almac\u00e9n vertical automatizado Con este proyecto, nuestra empresa pudo sustituir una anticuada planta de quemado en caliente por una planta moderna.La nueva planta permite reducir el consumo de electricidad, reducir la cantidad de residuos que hay [&hellip;]\" \/>\n<meta property=\"og:url\" content=\"https:\/\/gaspariutensili.it\/es\/por\/\" \/>\n<meta property=\"og:site_name\" content=\"Gaspari\" \/>\n<meta property=\"article:modified_time\" content=\"2024-11-05T15:27:59+00:00\" \/>\n<meta property=\"og:image\" content=\"https:\/\/gaspariutensili.it\/wp-content\/uploads\/2022\/01\/POR_FESR-14_20-bn-logo.png\" \/>\n<meta name=\"twitter:card\" content=\"summary_large_image\" \/>\n<meta name=\"twitter:label1\" content=\"Tiempo de lectura\" \/>\n\t<meta name=\"twitter:data1\" content=\"1 minuto\" \/>\n<script type=\"application\/ld+json\" class=\"yoast-schema-graph\">{\"@context\":\"https:\\\/\\\/schema.org\",\"@graph\":[{\"@type\":\"WebPage\",\"@id\":\"https:\\\/\\\/gaspariutensili.it\\\/es\\\/por\\\/\",\"url\":\"https:\\\/\\\/gaspariutensili.it\\\/es\\\/por\\\/\",\"name\":\"POR - Gaspari\",\"isPartOf\":{\"@id\":\"https:\\\/\\\/gaspariutensili.it\\\/es\\\/#website\"},\"primaryImageOfPage\":{\"@id\":\"https:\\\/\\\/gaspariutensili.it\\\/es\\\/por\\\/#primaryimage\"},\"image\":{\"@id\":\"https:\\\/\\\/gaspariutensili.it\\\/es\\\/por\\\/#primaryimage\"},\"thumbnailUrl\":\"https:\\\/\\\/gaspariutensili.it\\\/wp-content\\\/uploads\\\/2022\\\/01\\\/POR_FESR-14_20-bn-logo.png\",\"datePublished\":\"2024-11-05T15:27:57+00:00\",\"dateModified\":\"2024-11-05T15:27:59+00:00\",\"breadcrumb\":{\"@id\":\"https:\\\/\\\/gaspariutensili.it\\\/es\\\/por\\\/#breadcrumb\"},\"inLanguage\":\"es\",\"potentialAction\":[{\"@type\":\"ReadAction\",\"target\":[\"https:\\\/\\\/gaspariutensili.it\\\/es\\\/por\\\/\"]}]},{\"@type\":\"ImageObject\",\"inLanguage\":\"es\",\"@id\":\"https:\\\/\\\/gaspariutensili.it\\\/es\\\/por\\\/#primaryimage\",\"url\":\"https:\\\/\\\/gaspariutensili.it\\\/wp-content\\\/uploads\\\/2022\\\/01\\\/POR_FESR-14_20-bn-logo.png\",\"contentUrl\":\"https:\\\/\\\/gaspariutensili.it\\\/wp-content\\\/uploads\\\/2022\\\/01\\\/POR_FESR-14_20-bn-logo.png\"},{\"@type\":\"BreadcrumbList\",\"@id\":\"https:\\\/\\\/gaspariutensili.it\\\/es\\\/por\\\/#breadcrumb\",\"itemListElement\":[{\"@type\":\"ListItem\",\"position\":1,\"name\":\"Home\",\"item\":\"https:\\\/\\\/gaspariutensili.it\\\/es\\\/\"},{\"@type\":\"ListItem\",\"position\":2,\"name\":\"POR\"}]},{\"@type\":\"WebSite\",\"@id\":\"https:\\\/\\\/gaspariutensili.it\\\/es\\\/#website\",\"url\":\"https:\\\/\\\/gaspariutensili.it\\\/es\\\/\",\"name\":\"Gaspari\",\"description\":\"Special tools since 1979\",\"publisher\":{\"@id\":\"https:\\\/\\\/gaspariutensili.it\\\/es\\\/#organization\"},\"potentialAction\":[{\"@type\":\"SearchAction\",\"target\":{\"@type\":\"EntryPoint\",\"urlTemplate\":\"https:\\\/\\\/gaspariutensili.it\\\/es\\\/?s={search_term_string}\"},\"query-input\":{\"@type\":\"PropertyValueSpecification\",\"valueRequired\":true,\"valueName\":\"search_term_string\"}}],\"inLanguage\":\"es\"},{\"@type\":\"Organization\",\"@id\":\"https:\\\/\\\/gaspariutensili.it\\\/es\\\/#organization\",\"name\":\"Gaspari Utensili\",\"url\":\"https:\\\/\\\/gaspariutensili.it\\\/es\\\/\",\"logo\":{\"@type\":\"ImageObject\",\"inLanguage\":\"es\",\"@id\":\"https:\\\/\\\/gaspariutensili.it\\\/es\\\/#\\\/schema\\\/logo\\\/image\\\/\",\"url\":\"http:\\\/\\\/gaspariutensili.it\\\/wp-content\\\/uploads\\\/2021\\\/11\\\/cropped-logo_gaspari-1.png\",\"contentUrl\":\"http:\\\/\\\/gaspariutensili.it\\\/wp-content\\\/uploads\\\/2021\\\/11\\\/cropped-logo_gaspari-1.png\",\"width\":500,\"height\":268,\"caption\":\"Gaspari Utensili\"},\"image\":{\"@id\":\"https:\\\/\\\/gaspariutensili.it\\\/es\\\/#\\\/schema\\\/logo\\\/image\\\/\"},\"sameAs\":[\"https:\\\/\\\/www.linkedin.com\\\/company\\\/gaspari-utensili-srl\\\/\"]}]}<\/script>\n<!-- \/ Yoast SEO plugin. -->","yoast_head_json":{"title":"POR - Gaspari","robots":{"index":"index","follow":"follow","max-snippet":"max-snippet:-1","max-image-preview":"max-image-preview:large","max-video-preview":"max-video-preview:-1"},"canonical":"https:\/\/gaspariutensili.it\/es\/por\/","og_locale":"es_ES","og_type":"article","og_title":"POR - Gaspari","og_description":"ACCI\u00d3N 3.1.1 sub A &#8211; ventanilla B Anuncio DGR 769 DE 04.06.2019 Nueva planta de quemado en caliente y almac\u00e9n vertical automatizado Con este proyecto, nuestra empresa pudo sustituir una anticuada planta de quemado en caliente por una planta moderna.La nueva planta permite reducir el consumo de electricidad, reducir la cantidad de residuos que hay [&hellip;]","og_url":"https:\/\/gaspariutensili.it\/es\/por\/","og_site_name":"Gaspari","article_modified_time":"2024-11-05T15:27:59+00:00","og_image":[{"url":"https:\/\/gaspariutensili.it\/wp-content\/uploads\/2022\/01\/POR_FESR-14_20-bn-logo.png","type":"","width":"","height":""}],"twitter_card":"summary_large_image","twitter_misc":{"Tiempo de lectura":"1 minuto"},"schema":{"@context":"https:\/\/schema.org","@graph":[{"@type":"WebPage","@id":"https:\/\/gaspariutensili.it\/es\/por\/","url":"https:\/\/gaspariutensili.it\/es\/por\/","name":"POR - Gaspari","isPartOf":{"@id":"https:\/\/gaspariutensili.it\/es\/#website"},"primaryImageOfPage":{"@id":"https:\/\/gaspariutensili.it\/es\/por\/#primaryimage"},"image":{"@id":"https:\/\/gaspariutensili.it\/es\/por\/#primaryimage"},"thumbnailUrl":"https:\/\/gaspariutensili.it\/wp-content\/uploads\/2022\/01\/POR_FESR-14_20-bn-logo.png","datePublished":"2024-11-05T15:27:57+00:00","dateModified":"2024-11-05T15:27:59+00:00","breadcrumb":{"@id":"https:\/\/gaspariutensili.it\/es\/por\/#breadcrumb"},"inLanguage":"es","potentialAction":[{"@type":"ReadAction","target":["https:\/\/gaspariutensili.it\/es\/por\/"]}]},{"@type":"ImageObject","inLanguage":"es","@id":"https:\/\/gaspariutensili.it\/es\/por\/#primaryimage","url":"https:\/\/gaspariutensili.it\/wp-content\/uploads\/2022\/01\/POR_FESR-14_20-bn-logo.png","contentUrl":"https:\/\/gaspariutensili.it\/wp-content\/uploads\/2022\/01\/POR_FESR-14_20-bn-logo.png"},{"@type":"BreadcrumbList","@id":"https:\/\/gaspariutensili.it\/es\/por\/#breadcrumb","itemListElement":[{"@type":"ListItem","position":1,"name":"Home","item":"https:\/\/gaspariutensili.it\/es\/"},{"@type":"ListItem","position":2,"name":"POR"}]},{"@type":"WebSite","@id":"https:\/\/gaspariutensili.it\/es\/#website","url":"https:\/\/gaspariutensili.it\/es\/","name":"Gaspari","description":"Special tools since 1979","publisher":{"@id":"https:\/\/gaspariutensili.it\/es\/#organization"},"potentialAction":[{"@type":"SearchAction","target":{"@type":"EntryPoint","urlTemplate":"https:\/\/gaspariutensili.it\/es\/?s={search_term_string}"},"query-input":{"@type":"PropertyValueSpecification","valueRequired":true,"valueName":"search_term_string"}}],"inLanguage":"es"},{"@type":"Organization","@id":"https:\/\/gaspariutensili.it\/es\/#organization","name":"Gaspari Utensili","url":"https:\/\/gaspariutensili.it\/es\/","logo":{"@type":"ImageObject","inLanguage":"es","@id":"https:\/\/gaspariutensili.it\/es\/#\/schema\/logo\/image\/","url":"http:\/\/gaspariutensili.it\/wp-content\/uploads\/2021\/11\/cropped-logo_gaspari-1.png","contentUrl":"http:\/\/gaspariutensili.it\/wp-content\/uploads\/2021\/11\/cropped-logo_gaspari-1.png","width":500,"height":268,"caption":"Gaspari Utensili"},"image":{"@id":"https:\/\/gaspariutensili.it\/es\/#\/schema\/logo\/image\/"},"sameAs":["https:\/\/www.linkedin.com\/company\/gaspari-utensili-srl\/"]}]}},"_links":{"self":[{"href":"https:\/\/gaspariutensili.it\/es\/wp-json\/wp\/v2\/pages\/4936","targetHints":{"allow":["GET"]}}],"collection":[{"href":"https:\/\/gaspariutensili.it\/es\/wp-json\/wp\/v2\/pages"}],"about":[{"href":"https:\/\/gaspariutensili.it\/es\/wp-json\/wp\/v2\/types\/page"}],"author":[{"embeddable":true,"href":"https:\/\/gaspariutensili.it\/es\/wp-json\/wp\/v2\/users\/1"}],"replies":[{"embeddable":true,"href":"https:\/\/gaspariutensili.it\/es\/wp-json\/wp\/v2\/comments?post=4936"}],"version-history":[{"count":2,"href":"https:\/\/gaspariutensili.it\/es\/wp-json\/wp\/v2\/pages\/4936\/revisions"}],"predecessor-version":[{"id":4942,"href":"https:\/\/gaspariutensili.it\/es\/wp-json\/wp\/v2\/pages\/4936\/revisions\/4942"}],"wp:attachment":[{"href":"https:\/\/gaspariutensili.it\/es\/wp-json\/wp\/v2\/media?parent=4936"}],"curies":[{"name":"wp","href":"https:\/\/api.w.org\/{rel}","templated":true}]}}