{"id":4960,"date":"2024-11-05T15:28:04","date_gmt":"2024-11-05T15:28:04","guid":{"rendered":"https:\/\/gaspariutensili.it\/articulos-tecnicos\/"},"modified":"2024-12-18T07:35:03","modified_gmt":"2024-12-18T07:35:03","slug":"articulos-tecnicos","status":"publish","type":"page","link":"https:\/\/gaspariutensili.it\/es\/articulos-tecnicos\/","title":{"rendered":"Art\u00edculos t\u00e9cnicos"},"content":{"rendered":"\t\t<div data-elementor-type=\"wp-page\" data-elementor-id=\"4960\" class=\"elementor elementor-4960 elementor-2323\" data-elementor-post-type=\"page\">\n\t\t\t\t\t\t<section class=\"elementor-section elementor-top-section elementor-element elementor-element-6c395b7b elementor-section-height-min-height elementor-section-full_width elementor-section-items-bottom elementor-section-content-top elementor-section-height-default\" data-id=\"6c395b7b\" data-element_type=\"section\" data-e-type=\"section\" data-settings=\"{&quot;background_background&quot;:&quot;classic&quot;}\">\n\t\t\t\t\t\t<div class=\"elementor-container elementor-column-gap-default\">\n\t\t\t\t\t<div class=\"elementor-column elementor-col-100 elementor-top-column elementor-element elementor-element-4fe2eb4b animated-fast elementor-invisible\" data-id=\"4fe2eb4b\" data-element_type=\"column\" data-e-type=\"column\" data-settings=\"{&quot;background_background&quot;:&quot;classic&quot;,&quot;animation&quot;:&quot;fadeInUp&quot;}\">\n\t\t\t<div class=\"elementor-widget-wrap elementor-element-populated\">\n\t\t\t\t\t\t<section class=\"elementor-section elementor-inner-section elementor-element elementor-element-c157bcd elementor-section-full_width elementor-section-height-default elementor-section-height-default\" data-id=\"c157bcd\" data-element_type=\"section\" data-e-type=\"section\">\n\t\t\t\t\t\t<div class=\"elementor-container elementor-column-gap-default\">\n\t\t\t\t\t<div class=\"elementor-column elementor-col-50 elementor-inner-column elementor-element elementor-element-763f9129\" data-id=\"763f9129\" data-element_type=\"column\" data-e-type=\"column\">\n\t\t\t<div class=\"elementor-widget-wrap elementor-element-populated\">\n\t\t\t\t\t\t<div class=\"elementor-element elementor-element-10b4c32 elementor-widget elementor-widget-heading\" data-id=\"10b4c32\" data-element_type=\"widget\" data-e-type=\"widget\" data-widget_type=\"heading.default\">\n\t\t\t\t<div class=\"elementor-widget-container\">\n\t\t\t\t\t<h1 class=\"elementor-heading-title elementor-size-default\">art\u00edculos t\u00e9cnicos<\/h1>\t\t\t\t<\/div>\n\t\t\t\t<\/div>\n\t\t\t\t<div class=\"elementor-element elementor-element-9cc00ae elementor-widget elementor-widget-text-editor\" data-id=\"9cc00ae\" data-element_type=\"widget\" data-e-type=\"widget\" data-widget_type=\"text-editor.default\">\n\t\t\t\t<div class=\"elementor-widget-container\">\n\t\t\t\t\t\t\t\t\t<p>En esta secci\u00f3n profundizaremos en varios temas t\u00e9cnicos \u00fatiles.<\/p>\n\t\t\t\t\t\t\t\t<\/div>\n\t\t\t\t<\/div>\n\t\t\t\t\t<\/div>\n\t\t<\/div>\n\t\t\t\t<div class=\"elementor-column elementor-col-50 elementor-inner-column elementor-element elementor-element-71908ef7\" data-id=\"71908ef7\" data-element_type=\"column\" data-e-type=\"column\" data-settings=\"{&quot;background_background&quot;:&quot;classic&quot;}\">\n\t\t\t<div class=\"elementor-widget-wrap elementor-element-populated\">\n\t\t\t\t\t\t<div class=\"elementor-element elementor-element-1c22cabc elementor-widget elementor-widget-heading\" data-id=\"1c22cabc\" data-element_type=\"widget\" data-e-type=\"widget\" data-widget_type=\"heading.default\">\n\t\t\t\t<div class=\"elementor-widget-container\">\n\t\t\t\t\t<h3 class=\"elementor-heading-title elementor-size-default\">contactanos<\/h3>\t\t\t\t<\/div>\n\t\t\t\t<\/div>\n\t\t\t\t<div class=\"elementor-element elementor-element-68c5f2b1 elementor-widget elementor-widget-text-editor\" data-id=\"68c5f2b1\" data-element_type=\"widget\" data-e-type=\"widget\" data-widget_type=\"text-editor.default\">\n\t\t\t\t<div class=\"elementor-widget-container\">\n\t\t\t\t\t\t\t\t\t<p>Via Lago di Costanza, 46 36015 Schio (VI) (+39) 0445.576314 commerciale@gaspariutensili.it<\/p>\n\t\t\t\t\t\t\t\t<\/div>\n\t\t\t\t<\/div>\n\t\t\t\t\t<\/div>\n\t\t<\/div>\n\t\t\t\t\t<\/div>\n\t\t<\/section>\n\t\t\t\t\t<\/div>\n\t\t<\/div>\n\t\t\t\t\t<\/div>\n\t\t<\/section>\n\t\t\t\t<section class=\"elementor-section elementor-top-section elementor-element elementor-element-592f1006 elementor-section-height-min-height elementor-section-boxed elementor-section-height-default elementor-section-items-middle\" data-id=\"592f1006\" data-element_type=\"section\" data-e-type=\"section\" data-settings=\"{&quot;background_background&quot;:&quot;classic&quot;}\">\n\t\t\t\t\t\t<div class=\"elementor-container elementor-column-gap-default\">\n\t\t\t\t\t<div class=\"elementor-column elementor-col-100 elementor-top-column elementor-element elementor-element-231a7cca\" data-id=\"231a7cca\" data-element_type=\"column\" data-e-type=\"column\">\n\t\t\t<div class=\"elementor-widget-wrap elementor-element-populated\">\n\t\t\t\t\t\t\t<\/div>\n\t\t<\/div>\n\t\t\t\t\t<\/div>\n\t\t<\/section>\n\t\t\t\t<\/div>\n\t\t","protected":false},"excerpt":{"rendered":"<p>art\u00edculos t\u00e9cnicos En esta secci\u00f3n profundizaremos en varios temas t\u00e9cnicos \u00fatiles. contactanos Via Lago di Costanza, 46 36015 Schio (VI) (+39) 0445.576314 commerciale@gaspariutensili.it<\/p>\n","protected":false},"author":1,"featured_media":0,"parent":0,"menu_order":0,"comment_status":"closed","ping_status":"closed","template":"elementor_header_footer","meta":{"_acf_changed":false,"footnotes":""},"class_list":["post-4960","page","type-page","status-publish","hentry"],"acf":[],"yoast_head":"<!-- This site is optimized with the Yoast SEO plugin v27.5 - https:\/\/yoast.com\/product\/yoast-seo-wordpress\/ -->\n<title>Gaspari Utensili - Herramientas especiales desde 1979 | Art\u00edculos t\u00e9cnicos<\/title>\n<meta name=\"robots\" content=\"index, follow, max-snippet:-1, max-image-preview:large, max-video-preview:-1\" \/>\n<link rel=\"canonical\" href=\"https:\/\/gaspariutensili.it\/es\/articulos-tecnicos\/\" \/>\n<meta property=\"og:locale\" content=\"es_ES\" \/>\n<meta property=\"og:type\" content=\"article\" \/>\n<meta property=\"og:title\" content=\"Gaspari Utensili - Herramientas especiales desde 1979 | Art\u00edculos t\u00e9cnicos\" \/>\n<meta property=\"og:description\" content=\"art\u00edculos t\u00e9cnicos En esta secci\u00f3n profundizaremos en varios temas t\u00e9cnicos \u00fatiles. contactanos Via Lago di Costanza, 46 36015 Schio (VI) (+39) 0445.576314 commerciale@gaspariutensili.it\" \/>\n<meta property=\"og:url\" content=\"https:\/\/gaspariutensili.it\/es\/articulos-tecnicos\/\" \/>\n<meta property=\"og:site_name\" content=\"Gaspari\" \/>\n<meta property=\"article:modified_time\" content=\"2024-12-18T07:35:03+00:00\" \/>\n<meta name=\"twitter:card\" content=\"summary_large_image\" \/>\n<script type=\"application\/ld+json\" class=\"yoast-schema-graph\">{\"@context\":\"https:\\\/\\\/schema.org\",\"@graph\":[{\"@type\":\"WebPage\",\"@id\":\"https:\\\/\\\/gaspariutensili.it\\\/es\\\/articulos-tecnicos\\\/\",\"url\":\"https:\\\/\\\/gaspariutensili.it\\\/es\\\/articulos-tecnicos\\\/\",\"name\":\"Gaspari Utensili - Herramientas especiales desde 1979 | Art\u00edculos t\u00e9cnicos\",\"isPartOf\":{\"@id\":\"https:\\\/\\\/gaspariutensili.it\\\/es\\\/#website\"},\"datePublished\":\"2024-11-05T15:28:04+00:00\",\"dateModified\":\"2024-12-18T07:35:03+00:00\",\"breadcrumb\":{\"@id\":\"https:\\\/\\\/gaspariutensili.it\\\/es\\\/articulos-tecnicos\\\/#breadcrumb\"},\"inLanguage\":\"es\",\"potentialAction\":[{\"@type\":\"ReadAction\",\"target\":[\"https:\\\/\\\/gaspariutensili.it\\\/es\\\/articulos-tecnicos\\\/\"]}]},{\"@type\":\"BreadcrumbList\",\"@id\":\"https:\\\/\\\/gaspariutensili.it\\\/es\\\/articulos-tecnicos\\\/#breadcrumb\",\"itemListElement\":[{\"@type\":\"ListItem\",\"position\":1,\"name\":\"Home\",\"item\":\"https:\\\/\\\/gaspariutensili.it\\\/es\\\/\"},{\"@type\":\"ListItem\",\"position\":2,\"name\":\"Art\u00edculos t\u00e9cnicos\"}]},{\"@type\":\"WebSite\",\"@id\":\"https:\\\/\\\/gaspariutensili.it\\\/es\\\/#website\",\"url\":\"https:\\\/\\\/gaspariutensili.it\\\/es\\\/\",\"name\":\"Gaspari\",\"description\":\"Special tools since 1979\",\"publisher\":{\"@id\":\"https:\\\/\\\/gaspariutensili.it\\\/es\\\/#organization\"},\"potentialAction\":[{\"@type\":\"SearchAction\",\"target\":{\"@type\":\"EntryPoint\",\"urlTemplate\":\"https:\\\/\\\/gaspariutensili.it\\\/es\\\/?s={search_term_string}\"},\"query-input\":{\"@type\":\"PropertyValueSpecification\",\"valueRequired\":true,\"valueName\":\"search_term_string\"}}],\"inLanguage\":\"es\"},{\"@type\":\"Organization\",\"@id\":\"https:\\\/\\\/gaspariutensili.it\\\/es\\\/#organization\",\"name\":\"Gaspari Utensili\",\"url\":\"https:\\\/\\\/gaspariutensili.it\\\/es\\\/\",\"logo\":{\"@type\":\"ImageObject\",\"inLanguage\":\"es\",\"@id\":\"https:\\\/\\\/gaspariutensili.it\\\/es\\\/#\\\/schema\\\/logo\\\/image\\\/\",\"url\":\"http:\\\/\\\/gaspariutensili.it\\\/wp-content\\\/uploads\\\/2021\\\/11\\\/cropped-logo_gaspari-1.png\",\"contentUrl\":\"http:\\\/\\\/gaspariutensili.it\\\/wp-content\\\/uploads\\\/2021\\\/11\\\/cropped-logo_gaspari-1.png\",\"width\":500,\"height\":268,\"caption\":\"Gaspari Utensili\"},\"image\":{\"@id\":\"https:\\\/\\\/gaspariutensili.it\\\/es\\\/#\\\/schema\\\/logo\\\/image\\\/\"},\"sameAs\":[\"https:\\\/\\\/www.linkedin.com\\\/company\\\/gaspari-utensili-srl\\\/\"]}]}<\/script>\n<!-- \/ Yoast SEO plugin. -->","yoast_head_json":{"title":"Gaspari Utensili - Herramientas especiales desde 1979 | Art\u00edculos t\u00e9cnicos","robots":{"index":"index","follow":"follow","max-snippet":"max-snippet:-1","max-image-preview":"max-image-preview:large","max-video-preview":"max-video-preview:-1"},"canonical":"https:\/\/gaspariutensili.it\/es\/articulos-tecnicos\/","og_locale":"es_ES","og_type":"article","og_title":"Gaspari Utensili - Herramientas especiales desde 1979 | Art\u00edculos t\u00e9cnicos","og_description":"art\u00edculos t\u00e9cnicos En esta secci\u00f3n profundizaremos en varios temas t\u00e9cnicos \u00fatiles. contactanos Via Lago di Costanza, 46 36015 Schio (VI) (+39) 0445.576314 commerciale@gaspariutensili.it","og_url":"https:\/\/gaspariutensili.it\/es\/articulos-tecnicos\/","og_site_name":"Gaspari","article_modified_time":"2024-12-18T07:35:03+00:00","twitter_card":"summary_large_image","schema":{"@context":"https:\/\/schema.org","@graph":[{"@type":"WebPage","@id":"https:\/\/gaspariutensili.it\/es\/articulos-tecnicos\/","url":"https:\/\/gaspariutensili.it\/es\/articulos-tecnicos\/","name":"Gaspari Utensili - Herramientas especiales desde 1979 | Art\u00edculos t\u00e9cnicos","isPartOf":{"@id":"https:\/\/gaspariutensili.it\/es\/#website"},"datePublished":"2024-11-05T15:28:04+00:00","dateModified":"2024-12-18T07:35:03+00:00","breadcrumb":{"@id":"https:\/\/gaspariutensili.it\/es\/articulos-tecnicos\/#breadcrumb"},"inLanguage":"es","potentialAction":[{"@type":"ReadAction","target":["https:\/\/gaspariutensili.it\/es\/articulos-tecnicos\/"]}]},{"@type":"BreadcrumbList","@id":"https:\/\/gaspariutensili.it\/es\/articulos-tecnicos\/#breadcrumb","itemListElement":[{"@type":"ListItem","position":1,"name":"Home","item":"https:\/\/gaspariutensili.it\/es\/"},{"@type":"ListItem","position":2,"name":"Art\u00edculos t\u00e9cnicos"}]},{"@type":"WebSite","@id":"https:\/\/gaspariutensili.it\/es\/#website","url":"https:\/\/gaspariutensili.it\/es\/","name":"Gaspari","description":"Special tools since 1979","publisher":{"@id":"https:\/\/gaspariutensili.it\/es\/#organization"},"potentialAction":[{"@type":"SearchAction","target":{"@type":"EntryPoint","urlTemplate":"https:\/\/gaspariutensili.it\/es\/?s={search_term_string}"},"query-input":{"@type":"PropertyValueSpecification","valueRequired":true,"valueName":"search_term_string"}}],"inLanguage":"es"},{"@type":"Organization","@id":"https:\/\/gaspariutensili.it\/es\/#organization","name":"Gaspari Utensili","url":"https:\/\/gaspariutensili.it\/es\/","logo":{"@type":"ImageObject","inLanguage":"es","@id":"https:\/\/gaspariutensili.it\/es\/#\/schema\/logo\/image\/","url":"http:\/\/gaspariutensili.it\/wp-content\/uploads\/2021\/11\/cropped-logo_gaspari-1.png","contentUrl":"http:\/\/gaspariutensili.it\/wp-content\/uploads\/2021\/11\/cropped-logo_gaspari-1.png","width":500,"height":268,"caption":"Gaspari Utensili"},"image":{"@id":"https:\/\/gaspariutensili.it\/es\/#\/schema\/logo\/image\/"},"sameAs":["https:\/\/www.linkedin.com\/company\/gaspari-utensili-srl\/"]}]}},"_links":{"self":[{"href":"https:\/\/gaspariutensili.it\/es\/wp-json\/wp\/v2\/pages\/4960","targetHints":{"allow":["GET"]}}],"collection":[{"href":"https:\/\/gaspariutensili.it\/es\/wp-json\/wp\/v2\/pages"}],"about":[{"href":"https:\/\/gaspariutensili.it\/es\/wp-json\/wp\/v2\/types\/page"}],"author":[{"embeddable":true,"href":"https:\/\/gaspariutensili.it\/es\/wp-json\/wp\/v2\/users\/1"}],"replies":[{"embeddable":true,"href":"https:\/\/gaspariutensili.it\/es\/wp-json\/wp\/v2\/comments?post=4960"}],"version-history":[{"count":5,"href":"https:\/\/gaspariutensili.it\/es\/wp-json\/wp\/v2\/pages\/4960\/revisions"}],"predecessor-version":[{"id":7953,"href":"https:\/\/gaspariutensili.it\/es\/wp-json\/wp\/v2\/pages\/4960\/revisions\/7953"}],"wp:attachment":[{"href":"https:\/\/gaspariutensili.it\/es\/wp-json\/wp\/v2\/media?parent=4960"}],"curies":[{"name":"wp","href":"https:\/\/api.w.org\/{rel}","templated":true}]}}