{"id":5165,"date":"2024-11-05T15:29:12","date_gmt":"2024-11-05T15:29:12","guid":{"rendered":"https:\/\/gaspariutensili.it\/reparacion-de-herramientas-danadas\/"},"modified":"2024-12-11T11:01:33","modified_gmt":"2024-12-11T11:01:33","slug":"reparacion-de-herramientas-danadas","status":"publish","type":"page","link":"https:\/\/gaspariutensili.it\/es\/reparacion-de-herramientas-danadas\/","title":{"rendered":"Reparaci\u00f3n de herramientas da\u00f1adas"},"content":{"rendered":"\t\t<div data-elementor-type=\"wp-page\" data-elementor-id=\"5165\" class=\"elementor elementor-5165 elementor-1092\" data-elementor-post-type=\"page\">\n\t\t\t\t\t\t<section class=\"elementor-section elementor-top-section elementor-element elementor-element-46bafb5b elementor-section-height-min-height elementor-section-full_width elementor-section-items-bottom elementor-section-content-top elementor-section-height-default\" data-id=\"46bafb5b\" data-element_type=\"section\" data-e-type=\"section\" data-settings=\"{&quot;background_background&quot;:&quot;classic&quot;}\">\n\t\t\t\t\t\t<div class=\"elementor-container elementor-column-gap-default\">\n\t\t\t\t\t<div class=\"elementor-column elementor-col-100 elementor-top-column elementor-element elementor-element-7e1b89e0 animated-fast elementor-invisible\" data-id=\"7e1b89e0\" data-element_type=\"column\" data-e-type=\"column\" data-settings=\"{&quot;background_background&quot;:&quot;classic&quot;,&quot;animation&quot;:&quot;fadeInUp&quot;}\">\n\t\t\t<div class=\"elementor-widget-wrap elementor-element-populated\">\n\t\t\t\t\t\t<section class=\"elementor-section elementor-inner-section elementor-element elementor-element-32b85edf elementor-section-full_width elementor-section-height-default elementor-section-height-default\" data-id=\"32b85edf\" data-element_type=\"section\" data-e-type=\"section\">\n\t\t\t\t\t\t<div class=\"elementor-container elementor-column-gap-default\">\n\t\t\t\t\t<div class=\"elementor-column elementor-col-50 elementor-inner-column elementor-element elementor-element-17d5a16c\" data-id=\"17d5a16c\" data-element_type=\"column\" data-e-type=\"column\">\n\t\t\t<div class=\"elementor-widget-wrap elementor-element-populated\">\n\t\t\t\t\t\t<div class=\"elementor-element elementor-element-6428143a elementor-widget elementor-widget-heading\" data-id=\"6428143a\" data-element_type=\"widget\" data-e-type=\"widget\" data-widget_type=\"heading.default\">\n\t\t\t\t<div class=\"elementor-widget-container\">\n\t\t\t\t\t<h1 class=\"elementor-heading-title elementor-size-default\">Reparaci\u00f3n de herramientas da\u00f1adas<\/h1>\t\t\t\t<\/div>\n\t\t\t\t<\/div>\n\t\t\t\t<div class=\"elementor-element elementor-element-5a731560 elementor-widget elementor-widget-text-editor\" data-id=\"5a731560\" data-element_type=\"widget\" data-e-type=\"widget\" data-widget_type=\"text-editor.default\">\n\t\t\t\t<div class=\"elementor-widget-container\">\n\t\t\t\t\t\t\t\t\t<p>Uno de los servicios hist\u00f3ricos de nuestra empresa es la reparaci\u00f3n de herramientas con fijaci\u00f3n mec\u00e1nica da\u00f1adas. Este tipo de intervenci\u00f3n consiste en la restauraci\u00f3n de los alojamientos de los insertos que se han deteriorado debido a golpes, desgaste o fricci\u00f3n de la viruta sobre el cuerpo de la herramienta.<\/p>\t\t\t\t\t\t\t\t<\/div>\n\t\t\t\t<\/div>\n\t\t\t\t\t<\/div>\n\t\t<\/div>\n\t\t\t\t<div class=\"elementor-column elementor-col-50 elementor-inner-column elementor-element elementor-element-5d8e7997\" data-id=\"5d8e7997\" data-element_type=\"column\" data-e-type=\"column\" data-settings=\"{&quot;background_background&quot;:&quot;classic&quot;}\">\n\t\t\t<div class=\"elementor-widget-wrap elementor-element-populated\">\n\t\t\t\t\t\t<div class=\"elementor-element elementor-element-4d14b58e elementor-widget elementor-widget-heading\" data-id=\"4d14b58e\" data-element_type=\"widget\" data-e-type=\"widget\" data-widget_type=\"heading.default\">\n\t\t\t\t<div class=\"elementor-widget-container\">\n\t\t\t\t\t<h3 class=\"elementor-heading-title elementor-size-default\">contactanos<\/h3>\t\t\t\t<\/div>\n\t\t\t\t<\/div>\n\t\t\t\t<div class=\"elementor-element elementor-element-7412bb45 elementor-widget elementor-widget-text-editor\" data-id=\"7412bb45\" data-element_type=\"widget\" data-e-type=\"widget\" data-widget_type=\"text-editor.default\">\n\t\t\t\t<div class=\"elementor-widget-container\">\n\t\t\t\t\t\t\t\t\t<p>Via Lago di Costanza, 46 36015 Schio (VI) (+39) 0445.576314 commerciale@gaspariutensili.it<\/p>\n\t\t\t\t\t\t\t\t<\/div>\n\t\t\t\t<\/div>\n\t\t\t\t\t<\/div>\n\t\t<\/div>\n\t\t\t\t\t<\/div>\n\t\t<\/section>\n\t\t\t\t\t<\/div>\n\t\t<\/div>\n\t\t\t\t\t<\/div>\n\t\t<\/section>\n\t\t\t\t<section class=\"elementor-section elementor-top-section elementor-element elementor-element-7102c94f elementor-section-height-min-height elementor-section-boxed elementor-section-height-default elementor-section-items-middle\" data-id=\"7102c94f\" data-element_type=\"section\" data-e-type=\"section\" data-settings=\"{&quot;background_background&quot;:&quot;classic&quot;}\">\n\t\t\t\t\t\t<div class=\"elementor-container elementor-column-gap-default\">\n\t\t\t\t\t<div class=\"elementor-column elementor-col-100 elementor-top-column elementor-element elementor-element-5ee5d675\" data-id=\"5ee5d675\" data-element_type=\"column\" data-e-type=\"column\">\n\t\t\t<div class=\"elementor-widget-wrap elementor-element-populated\">\n\t\t\t\t\t\t<div class=\"elementor-element elementor-element-ea7d804 animated-fast elementor-invisible elementor-widget elementor-widget-heading\" data-id=\"ea7d804\" data-element_type=\"widget\" data-e-type=\"widget\" data-settings=\"{&quot;_animation&quot;:&quot;fadeInRight&quot;}\" data-widget_type=\"heading.default\">\n\t\t\t\t<div class=\"elementor-widget-container\">\n\t\t\t\t\t<h3 class=\"elementor-heading-title elementor-size-default\">Reparaci\u00f3n de herramientas da\u00f1adas<\/h3>\t\t\t\t<\/div>\n\t\t\t\t<\/div>\n\t\t\t\t<section class=\"elementor-section elementor-inner-section elementor-element elementor-element-b402779 elementor-section-boxed elementor-section-height-default elementor-section-height-default\" data-id=\"b402779\" data-element_type=\"section\" data-e-type=\"section\">\n\t\t\t\t\t\t<div class=\"elementor-container elementor-column-gap-default\">\n\t\t\t\t\t<div class=\"elementor-column elementor-col-50 elementor-inner-column elementor-element elementor-element-d2ff167\" data-id=\"d2ff167\" data-element_type=\"column\" data-e-type=\"column\">\n\t\t\t<div class=\"elementor-widget-wrap elementor-element-populated\">\n\t\t\t\t\t\t<div class=\"elementor-element elementor-element-ae8454f elementor-widget elementor-widget-text-editor\" data-id=\"ae8454f\" data-element_type=\"widget\" data-e-type=\"widget\" data-widget_type=\"text-editor.default\">\n\t\t\t\t<div class=\"elementor-widget-container\">\n\t\t\t\t\t\t\t\t\t<p>Uno de los <strong>servicios hist\u00f3ricos<\/strong> de nuestra empresa es la <strong>reparaci\u00f3n de herramientas con fijaci\u00f3n mec\u00e1nica da\u00f1adas<\/strong>. Este tipo de intervenci\u00f3n consiste en la restauraci\u00f3n de los alojamientos de los insertos que se han deteriorado debido a golpes, desgaste o fricci\u00f3n de la viruta sobre el cuerpo de la herramienta.<\/p><p><strong>La restauraci\u00f3n es posible cuando el alojamiento del inserto conserva al menos el orificio roscado intacto<\/strong>; sin embargo, cuando esta parte del alojamiento est\u00e1 completamente eliminada o presenta grietas, la reparaci\u00f3n ya no es posible. El proceso de ajuste comienza con un granallado, que permite eliminar residuos de material a\u00f1adido e impurezas. A continuaci\u00f3n, se aplica una capa de material <strong>Inconel 625 fundido<\/strong> con la ayuda de una lanza de gas arg\u00f3n.<\/p><p>El recubrimiento aplicado llena las grietas, las depresiones y proporciona una nueva base de material para la <strong>reconstrucci\u00f3n del alojamiento da\u00f1ado<\/strong>. Posteriormente, mediante una afiladora manual o un centro de mecanizado de 5 ejes (seg\u00fan la complejidad del alojamiento a reconstruir), se restaura el alojamiento del inserto.<\/p>\t\t\t\t\t\t\t\t<\/div>\n\t\t\t\t<\/div>\n\t\t\t\t\t<\/div>\n\t\t<\/div>\n\t\t\t\t<div class=\"elementor-column elementor-col-50 elementor-inner-column elementor-element elementor-element-c5ff094\" data-id=\"c5ff094\" data-element_type=\"column\" data-e-type=\"column\">\n\t\t\t<div class=\"elementor-widget-wrap elementor-element-populated\">\n\t\t\t\t\t\t<div class=\"elementor-element elementor-element-c8f2405 elementor-widget elementor-widget-text-editor\" data-id=\"c8f2405\" data-element_type=\"widget\" data-e-type=\"widget\" data-widget_type=\"text-editor.default\">\n\t\t\t\t<div class=\"elementor-widget-container\">\n\t\t\t\t\t\t\t\t\t<p>Tambi\u00e9n es posible <strong>eliminar tornillos rotos dentro de la rosca<\/strong>, utilizando microbrocas o con la ayuda de una perforadora, que mediante un electrodo desintegra el tornillo roto. En caso de que la rosca est\u00e9 da\u00f1ada e impida la entrada de un nuevo tornillo, <strong>se realiza una inserci\u00f3n de buje en el orificio o se aplica una capa de material mediante soldadura TIG<\/strong>. Esta t\u00e9cnica requiere precisi\u00f3n y mano firme, por lo que es llevada a cabo por nuestros colaboradores m\u00e1s experimentados.<\/p><p>Si en tu almac\u00e9n tienes fresas o herramientas da\u00f1adas, pero cuyo costo de reposici\u00f3n es elevado, <strong>eval\u00faa con nosotros la conveniencia de repararlas<\/strong>. Solo necesitas enviarnos fotos detalladas de las herramientas en cuesti\u00f3n para recibir un presupuesto para su regeneraci\u00f3n. Recuerda que, <strong>para realizar esta operaci\u00f3n, siempre es necesario entregar a Gaspari Utensili,<\/strong> junto con la herramienta, <strong>sus insertos, tornillos y otros posibles repuestos de sujeci\u00f3n del alojamiento<\/strong>.<\/p>\t\t\t\t\t\t\t\t<\/div>\n\t\t\t\t<\/div>\n\t\t\t\t\t<\/div>\n\t\t<\/div>\n\t\t\t\t\t<\/div>\n\t\t<\/section>\n\t\t\t\t\t<\/div>\n\t\t<\/div>\n\t\t\t\t\t<\/div>\n\t\t<\/section>\n\t\t\t\t<section class=\"elementor-section elementor-top-section elementor-element elementor-element-6ace53a elementor-section-boxed elementor-section-height-default elementor-section-height-default\" data-id=\"6ace53a\" data-element_type=\"section\" data-e-type=\"section\" data-settings=\"{&quot;background_background&quot;:&quot;classic&quot;}\">\n\t\t\t\t\t\t<div class=\"elementor-container elementor-column-gap-default\">\n\t\t\t\t\t<div class=\"elementor-column elementor-col-100 elementor-top-column elementor-element elementor-element-ea3dbd8\" data-id=\"ea3dbd8\" data-element_type=\"column\" data-e-type=\"column\">\n\t\t\t<div class=\"elementor-widget-wrap elementor-element-populated\">\n\t\t\t\t\t\t<div class=\"elementor-element elementor-element-c714968 gallery-spacing-custom elementor-widget elementor-widget-image-gallery\" data-id=\"c714968\" data-element_type=\"widget\" data-e-type=\"widget\" data-widget_type=\"image-gallery.default\">\n\t\t\t\t<div class=\"elementor-widget-container\">\n\t\t\t\t\t\t\t<div class=\"elementor-image-gallery\">\n\t\t\t<div id='gallery-1' class='gallery galleryid-5165 gallery-columns-2 gallery-size-full'><figure class='gallery-item'>\n\t\t\t<div class='gallery-icon landscape'>\n\t\t\t\t<a data-elementor-open-lightbox=\"yes\" data-elementor-lightbox-slideshow=\"c714968\" data-elementor-lightbox-title=\"riparazione-utensile-a-bm_ok\" data-e-action-hash=\"#elementor-action%3Aaction%3Dlightbox%26settings%3DeyJpZCI6NzA2NywidXJsIjoiaHR0cHM6XC9cL2dhc3Bhcml1dGVuc2lsaS5pdFwvd3AtY29udGVudFwvdXBsb2Fkc1wvMjAyNFwvMTJcL3JpcGFyYXppb25lLXV0ZW5zaWxlLWEtYm1fb2suanBnIiwic2xpZGVzaG93IjoiYzcxNDk2OCJ9\" href='https:\/\/gaspariutensili.it\/wp-content\/uploads\/2024\/12\/riparazione-utensile-a-bm_ok.jpg'><img fetchpriority=\"high\" decoding=\"async\" width=\"2560\" height=\"2124\" src=\"https:\/\/gaspariutensili.it\/wp-content\/uploads\/2024\/12\/riparazione-utensile-a-bm_ok.jpg\" class=\"attachment-full size-full\" alt=\"\" aria-describedby=\"gallery-1-7067\" srcset=\"https:\/\/gaspariutensili.it\/wp-content\/uploads\/2024\/12\/riparazione-utensile-a-bm_ok.jpg 2560w, https:\/\/gaspariutensili.it\/wp-content\/uploads\/2024\/12\/riparazione-utensile-a-bm_ok-300x249.jpg 300w, https:\/\/gaspariutensili.it\/wp-content\/uploads\/2024\/12\/riparazione-utensile-a-bm_ok-1024x850.jpg 1024w, https:\/\/gaspariutensili.it\/wp-content\/uploads\/2024\/12\/riparazione-utensile-a-bm_ok-768x637.jpg 768w, https:\/\/gaspariutensili.it\/wp-content\/uploads\/2024\/12\/riparazione-utensile-a-bm_ok-1536x1274.jpg 1536w, https:\/\/gaspariutensili.it\/wp-content\/uploads\/2024\/12\/riparazione-utensile-a-bm_ok-2048x1699.jpg 2048w, https:\/\/gaspariutensili.it\/wp-content\/uploads\/2024\/12\/riparazione-utensile-a-bm_ok-600x498.jpg 600w\" sizes=\"(max-width: 2560px) 100vw, 2560px\" \/><\/a>\n\t\t\t<\/div>\n\t\t\t\t<figcaption class='wp-caption-text gallery-caption' id='gallery-1-7067'>\n\t\t\t\tRecubrimiento TIG realizado sobre herramienta de torneado para posterior reparaci\u00f3n del asiento averiado\n\t\t\t\t<\/figcaption><\/figure><figure class='gallery-item'>\n\t\t\t<div class='gallery-icon landscape'>\n\t\t\t\t<a data-elementor-open-lightbox=\"yes\" data-elementor-lightbox-slideshow=\"c714968\" data-elementor-lightbox-title=\"riparazione-fresa-a-bm_ok\" data-e-action-hash=\"#elementor-action%3Aaction%3Dlightbox%26settings%3DeyJpZCI6NzA3MSwidXJsIjoiaHR0cHM6XC9cL2dhc3Bhcml1dGVuc2lsaS5pdFwvd3AtY29udGVudFwvdXBsb2Fkc1wvMjAyNFwvMTJcL3JpcGFyYXppb25lLWZyZXNhLWEtYm1fb2suanBnIiwic2xpZGVzaG93IjoiYzcxNDk2OCJ9\" href='https:\/\/gaspariutensili.it\/wp-content\/uploads\/2024\/12\/riparazione-fresa-a-bm_ok.jpg'><img decoding=\"async\" width=\"2560\" height=\"2124\" src=\"https:\/\/gaspariutensili.it\/wp-content\/uploads\/2024\/12\/riparazione-fresa-a-bm_ok.jpg\" class=\"attachment-full size-full\" alt=\"\" aria-describedby=\"gallery-1-7071\" srcset=\"https:\/\/gaspariutensili.it\/wp-content\/uploads\/2024\/12\/riparazione-fresa-a-bm_ok.jpg 2560w, https:\/\/gaspariutensili.it\/wp-content\/uploads\/2024\/12\/riparazione-fresa-a-bm_ok-300x249.jpg 300w, https:\/\/gaspariutensili.it\/wp-content\/uploads\/2024\/12\/riparazione-fresa-a-bm_ok-1024x850.jpg 1024w, https:\/\/gaspariutensili.it\/wp-content\/uploads\/2024\/12\/riparazione-fresa-a-bm_ok-768x637.jpg 768w, https:\/\/gaspariutensili.it\/wp-content\/uploads\/2024\/12\/riparazione-fresa-a-bm_ok-1536x1274.jpg 1536w, https:\/\/gaspariutensili.it\/wp-content\/uploads\/2024\/12\/riparazione-fresa-a-bm_ok-2048x1699.jpg 2048w, https:\/\/gaspariutensili.it\/wp-content\/uploads\/2024\/12\/riparazione-fresa-a-bm_ok-600x498.jpg 600w\" sizes=\"(max-width: 2560px) 100vw, 2560px\" \/><\/a>\n\t\t\t<\/div>\n\t\t\t\t<figcaption class='wp-caption-text gallery-caption' id='gallery-1-7071'>\n\t\t\t\tRecubrimiento TIG realizado con cortadora rizada para posterior reparaci\u00f3n de los asientos da\u00f1ados\n\t\t\t\t<\/figcaption><\/figure>\n\t\t<\/div>\n\t\t<\/div>\n\t\t\t\t\t\t<\/div>\n\t\t\t\t<\/div>\n\t\t\t\t\t<\/div>\n\t\t<\/div>\n\t\t\t\t\t<\/div>\n\t\t<\/section>\n\t\t\t\t<section class=\"elementor-section elementor-top-section elementor-element elementor-element-7fbbb9f4 elementor-section-full_width elementor-section-height-default elementor-section-height-default\" data-id=\"7fbbb9f4\" data-element_type=\"section\" data-e-type=\"section\" data-settings=\"{&quot;background_background&quot;:&quot;classic&quot;}\">\n\t\t\t\t\t\t<div class=\"elementor-container elementor-column-gap-default\">\n\t\t\t\t\t<div class=\"elementor-column elementor-col-100 elementor-top-column elementor-element elementor-element-1f2f0ae6\" data-id=\"1f2f0ae6\" data-element_type=\"column\" data-e-type=\"column\">\n\t\t\t<div class=\"elementor-widget-wrap elementor-element-populated\">\n\t\t\t\t\t\t<div class=\"elementor-element elementor-element-52314b21 elementor-widget elementor-widget-spacer\" data-id=\"52314b21\" data-element_type=\"widget\" data-e-type=\"widget\" data-widget_type=\"spacer.default\">\n\t\t\t\t<div class=\"elementor-widget-container\">\n\t\t\t\t\t\t\t<div class=\"elementor-spacer\">\n\t\t\t<div class=\"elementor-spacer-inner\"><\/div>\n\t\t<\/div>\n\t\t\t\t\t\t<\/div>\n\t\t\t\t<\/div>\n\t\t\t\t\t<\/div>\n\t\t<\/div>\n\t\t\t\t\t<\/div>\n\t\t<\/section>\n\t\t\t\t<\/div>\n\t\t","protected":false},"excerpt":{"rendered":"<p>Reparaci\u00f3n de herramientas da\u00f1adas Uno de los servicios hist\u00f3ricos de nuestra empresa es la reparaci\u00f3n de herramientas con fijaci\u00f3n mec\u00e1nica da\u00f1adas. Este tipo de intervenci\u00f3n consiste en la restauraci\u00f3n de los alojamientos de los insertos que se han deteriorado debido a golpes, desgaste o fricci\u00f3n de la viruta sobre el cuerpo de la herramienta. contactanos [&hellip;]<\/p>\n","protected":false},"author":1,"featured_media":0,"parent":0,"menu_order":0,"comment_status":"closed","ping_status":"closed","template":"elementor_header_footer","meta":{"_acf_changed":false,"footnotes":""},"class_list":["post-5165","page","type-page","status-publish","hentry"],"acf":[],"yoast_head":"<!-- This site is optimized with the Yoast SEO plugin v27.5 - https:\/\/yoast.com\/product\/yoast-seo-wordpress\/ -->\n<title>Gaspari Utensili - Servicios | Reparaci\u00f3n de herramientas da\u00f1adas<\/title>\n<meta name=\"description\" content=\"Uno de los servicios hist\u00f3ricos de nuestra empresa es la reparaci\u00f3n de herramientas fijadas mec\u00e1nicamente da\u00f1adas.\" \/>\n<meta name=\"robots\" content=\"index, follow, max-snippet:-1, max-image-preview:large, max-video-preview:-1\" \/>\n<link rel=\"canonical\" href=\"https:\/\/gaspariutensili.it\/es\/reparacion-de-herramientas-danadas\/\" \/>\n<meta property=\"og:locale\" content=\"es_ES\" \/>\n<meta property=\"og:type\" content=\"article\" \/>\n<meta property=\"og:title\" content=\"Gaspari Utensili - Servicios | Reparaci\u00f3n de herramientas da\u00f1adas\" \/>\n<meta property=\"og:description\" content=\"Uno de los servicios hist\u00f3ricos de nuestra empresa es la reparaci\u00f3n de herramientas fijadas mec\u00e1nicamente da\u00f1adas.\" \/>\n<meta property=\"og:url\" content=\"https:\/\/gaspariutensili.it\/es\/reparacion-de-herramientas-danadas\/\" \/>\n<meta property=\"og:site_name\" content=\"Gaspari\" \/>\n<meta property=\"article:modified_time\" content=\"2024-12-11T11:01:33+00:00\" \/>\n<meta property=\"og:image\" content=\"https:\/\/gaspariutensili.it\/wp-content\/uploads\/2024\/12\/riparazione-utensile-a-bm_ok.jpg\" \/>\n<meta name=\"twitter:card\" content=\"summary_large_image\" \/>\n<meta name=\"twitter:label1\" content=\"Tiempo de lectura\" \/>\n\t<meta name=\"twitter:data1\" content=\"2 minutos\" \/>\n<script type=\"application\/ld+json\" class=\"yoast-schema-graph\">{\"@context\":\"https:\\\/\\\/schema.org\",\"@graph\":[{\"@type\":\"WebPage\",\"@id\":\"https:\\\/\\\/gaspariutensili.it\\\/es\\\/reparacion-de-herramientas-danadas\\\/\",\"url\":\"https:\\\/\\\/gaspariutensili.it\\\/es\\\/reparacion-de-herramientas-danadas\\\/\",\"name\":\"Gaspari Utensili - Servicios | Reparaci\u00f3n de herramientas da\u00f1adas\",\"isPartOf\":{\"@id\":\"https:\\\/\\\/gaspariutensili.it\\\/es\\\/#website\"},\"primaryImageOfPage\":{\"@id\":\"https:\\\/\\\/gaspariutensili.it\\\/es\\\/reparacion-de-herramientas-danadas\\\/#primaryimage\"},\"image\":{\"@id\":\"https:\\\/\\\/gaspariutensili.it\\\/es\\\/reparacion-de-herramientas-danadas\\\/#primaryimage\"},\"thumbnailUrl\":\"https:\\\/\\\/gaspariutensili.it\\\/wp-content\\\/uploads\\\/2024\\\/12\\\/riparazione-utensile-a-bm_ok.jpg\",\"datePublished\":\"2024-11-05T15:29:12+00:00\",\"dateModified\":\"2024-12-11T11:01:33+00:00\",\"description\":\"Uno de los servicios hist\u00f3ricos de nuestra empresa es la reparaci\u00f3n de herramientas fijadas mec\u00e1nicamente da\u00f1adas.\",\"breadcrumb\":{\"@id\":\"https:\\\/\\\/gaspariutensili.it\\\/es\\\/reparacion-de-herramientas-danadas\\\/#breadcrumb\"},\"inLanguage\":\"es\",\"potentialAction\":[{\"@type\":\"ReadAction\",\"target\":[\"https:\\\/\\\/gaspariutensili.it\\\/es\\\/reparacion-de-herramientas-danadas\\\/\"]}]},{\"@type\":\"ImageObject\",\"inLanguage\":\"es\",\"@id\":\"https:\\\/\\\/gaspariutensili.it\\\/es\\\/reparacion-de-herramientas-danadas\\\/#primaryimage\",\"url\":\"https:\\\/\\\/gaspariutensili.it\\\/wp-content\\\/uploads\\\/2024\\\/12\\\/riparazione-utensile-a-bm_ok.jpg\",\"contentUrl\":\"https:\\\/\\\/gaspariutensili.it\\\/wp-content\\\/uploads\\\/2024\\\/12\\\/riparazione-utensile-a-bm_ok.jpg\"},{\"@type\":\"BreadcrumbList\",\"@id\":\"https:\\\/\\\/gaspariutensili.it\\\/es\\\/reparacion-de-herramientas-danadas\\\/#breadcrumb\",\"itemListElement\":[{\"@type\":\"ListItem\",\"position\":1,\"name\":\"Home\",\"item\":\"https:\\\/\\\/gaspariutensili.it\\\/es\\\/\"},{\"@type\":\"ListItem\",\"position\":2,\"name\":\"Reparaci\u00f3n de herramientas da\u00f1adas\"}]},{\"@type\":\"WebSite\",\"@id\":\"https:\\\/\\\/gaspariutensili.it\\\/es\\\/#website\",\"url\":\"https:\\\/\\\/gaspariutensili.it\\\/es\\\/\",\"name\":\"Gaspari\",\"description\":\"Special tools since 1979\",\"publisher\":{\"@id\":\"https:\\\/\\\/gaspariutensili.it\\\/es\\\/#organization\"},\"potentialAction\":[{\"@type\":\"SearchAction\",\"target\":{\"@type\":\"EntryPoint\",\"urlTemplate\":\"https:\\\/\\\/gaspariutensili.it\\\/es\\\/?s={search_term_string}\"},\"query-input\":{\"@type\":\"PropertyValueSpecification\",\"valueRequired\":true,\"valueName\":\"search_term_string\"}}],\"inLanguage\":\"es\"},{\"@type\":\"Organization\",\"@id\":\"https:\\\/\\\/gaspariutensili.it\\\/es\\\/#organization\",\"name\":\"Gaspari Utensili\",\"url\":\"https:\\\/\\\/gaspariutensili.it\\\/es\\\/\",\"logo\":{\"@type\":\"ImageObject\",\"inLanguage\":\"es\",\"@id\":\"https:\\\/\\\/gaspariutensili.it\\\/es\\\/#\\\/schema\\\/logo\\\/image\\\/\",\"url\":\"http:\\\/\\\/gaspariutensili.it\\\/wp-content\\\/uploads\\\/2021\\\/11\\\/cropped-logo_gaspari-1.png\",\"contentUrl\":\"http:\\\/\\\/gaspariutensili.it\\\/wp-content\\\/uploads\\\/2021\\\/11\\\/cropped-logo_gaspari-1.png\",\"width\":500,\"height\":268,\"caption\":\"Gaspari Utensili\"},\"image\":{\"@id\":\"https:\\\/\\\/gaspariutensili.it\\\/es\\\/#\\\/schema\\\/logo\\\/image\\\/\"},\"sameAs\":[\"https:\\\/\\\/www.linkedin.com\\\/company\\\/gaspari-utensili-srl\\\/\"]}]}<\/script>\n<!-- \/ Yoast SEO plugin. -->","yoast_head_json":{"title":"Gaspari Utensili - Servicios | Reparaci\u00f3n de herramientas da\u00f1adas","description":"Uno de los servicios hist\u00f3ricos de nuestra empresa es la reparaci\u00f3n de herramientas fijadas mec\u00e1nicamente da\u00f1adas.","robots":{"index":"index","follow":"follow","max-snippet":"max-snippet:-1","max-image-preview":"max-image-preview:large","max-video-preview":"max-video-preview:-1"},"canonical":"https:\/\/gaspariutensili.it\/es\/reparacion-de-herramientas-danadas\/","og_locale":"es_ES","og_type":"article","og_title":"Gaspari Utensili - Servicios | Reparaci\u00f3n de herramientas da\u00f1adas","og_description":"Uno de los servicios hist\u00f3ricos de nuestra empresa es la reparaci\u00f3n de herramientas fijadas mec\u00e1nicamente da\u00f1adas.","og_url":"https:\/\/gaspariutensili.it\/es\/reparacion-de-herramientas-danadas\/","og_site_name":"Gaspari","article_modified_time":"2024-12-11T11:01:33+00:00","og_image":[{"url":"https:\/\/gaspariutensili.it\/wp-content\/uploads\/2024\/12\/riparazione-utensile-a-bm_ok.jpg","type":"","width":"","height":""}],"twitter_card":"summary_large_image","twitter_misc":{"Tiempo de lectura":"2 minutos"},"schema":{"@context":"https:\/\/schema.org","@graph":[{"@type":"WebPage","@id":"https:\/\/gaspariutensili.it\/es\/reparacion-de-herramientas-danadas\/","url":"https:\/\/gaspariutensili.it\/es\/reparacion-de-herramientas-danadas\/","name":"Gaspari Utensili - Servicios | Reparaci\u00f3n de herramientas da\u00f1adas","isPartOf":{"@id":"https:\/\/gaspariutensili.it\/es\/#website"},"primaryImageOfPage":{"@id":"https:\/\/gaspariutensili.it\/es\/reparacion-de-herramientas-danadas\/#primaryimage"},"image":{"@id":"https:\/\/gaspariutensili.it\/es\/reparacion-de-herramientas-danadas\/#primaryimage"},"thumbnailUrl":"https:\/\/gaspariutensili.it\/wp-content\/uploads\/2024\/12\/riparazione-utensile-a-bm_ok.jpg","datePublished":"2024-11-05T15:29:12+00:00","dateModified":"2024-12-11T11:01:33+00:00","description":"Uno de los servicios hist\u00f3ricos de nuestra empresa es la reparaci\u00f3n de herramientas fijadas mec\u00e1nicamente da\u00f1adas.","breadcrumb":{"@id":"https:\/\/gaspariutensili.it\/es\/reparacion-de-herramientas-danadas\/#breadcrumb"},"inLanguage":"es","potentialAction":[{"@type":"ReadAction","target":["https:\/\/gaspariutensili.it\/es\/reparacion-de-herramientas-danadas\/"]}]},{"@type":"ImageObject","inLanguage":"es","@id":"https:\/\/gaspariutensili.it\/es\/reparacion-de-herramientas-danadas\/#primaryimage","url":"https:\/\/gaspariutensili.it\/wp-content\/uploads\/2024\/12\/riparazione-utensile-a-bm_ok.jpg","contentUrl":"https:\/\/gaspariutensili.it\/wp-content\/uploads\/2024\/12\/riparazione-utensile-a-bm_ok.jpg"},{"@type":"BreadcrumbList","@id":"https:\/\/gaspariutensili.it\/es\/reparacion-de-herramientas-danadas\/#breadcrumb","itemListElement":[{"@type":"ListItem","position":1,"name":"Home","item":"https:\/\/gaspariutensili.it\/es\/"},{"@type":"ListItem","position":2,"name":"Reparaci\u00f3n de herramientas da\u00f1adas"}]},{"@type":"WebSite","@id":"https:\/\/gaspariutensili.it\/es\/#website","url":"https:\/\/gaspariutensili.it\/es\/","name":"Gaspari","description":"Special tools since 1979","publisher":{"@id":"https:\/\/gaspariutensili.it\/es\/#organization"},"potentialAction":[{"@type":"SearchAction","target":{"@type":"EntryPoint","urlTemplate":"https:\/\/gaspariutensili.it\/es\/?s={search_term_string}"},"query-input":{"@type":"PropertyValueSpecification","valueRequired":true,"valueName":"search_term_string"}}],"inLanguage":"es"},{"@type":"Organization","@id":"https:\/\/gaspariutensili.it\/es\/#organization","name":"Gaspari Utensili","url":"https:\/\/gaspariutensili.it\/es\/","logo":{"@type":"ImageObject","inLanguage":"es","@id":"https:\/\/gaspariutensili.it\/es\/#\/schema\/logo\/image\/","url":"http:\/\/gaspariutensili.it\/wp-content\/uploads\/2021\/11\/cropped-logo_gaspari-1.png","contentUrl":"http:\/\/gaspariutensili.it\/wp-content\/uploads\/2021\/11\/cropped-logo_gaspari-1.png","width":500,"height":268,"caption":"Gaspari Utensili"},"image":{"@id":"https:\/\/gaspariutensili.it\/es\/#\/schema\/logo\/image\/"},"sameAs":["https:\/\/www.linkedin.com\/company\/gaspari-utensili-srl\/"]}]}},"_links":{"self":[{"href":"https:\/\/gaspariutensili.it\/es\/wp-json\/wp\/v2\/pages\/5165","targetHints":{"allow":["GET"]}}],"collection":[{"href":"https:\/\/gaspariutensili.it\/es\/wp-json\/wp\/v2\/pages"}],"about":[{"href":"https:\/\/gaspariutensili.it\/es\/wp-json\/wp\/v2\/types\/page"}],"author":[{"embeddable":true,"href":"https:\/\/gaspariutensili.it\/es\/wp-json\/wp\/v2\/users\/1"}],"replies":[{"embeddable":true,"href":"https:\/\/gaspariutensili.it\/es\/wp-json\/wp\/v2\/comments?post=5165"}],"version-history":[{"count":12,"href":"https:\/\/gaspariutensili.it\/es\/wp-json\/wp\/v2\/pages\/5165\/revisions"}],"predecessor-version":[{"id":7085,"href":"https:\/\/gaspariutensili.it\/es\/wp-json\/wp\/v2\/pages\/5165\/revisions\/7085"}],"wp:attachment":[{"href":"https:\/\/gaspariutensili.it\/es\/wp-json\/wp\/v2\/media?parent=5165"}],"curies":[{"name":"wp","href":"https:\/\/api.w.org\/{rel}","templated":true}]}}