{"id":5175,"date":"2024-11-05T15:29:14","date_gmt":"2024-11-05T15:29:14","guid":{"rendered":"https:\/\/gaspariutensili.it\/politica-de-privacidad\/"},"modified":"2024-11-05T15:29:20","modified_gmt":"2024-11-05T15:29:20","slug":"politica-de-privacidad","status":"publish","type":"page","link":"https:\/\/gaspariutensili.it\/es\/politica-de-privacidad\/","title":{"rendered":"Pol\u00edtica de privacidad"},"content":{"rendered":"\n<p>POL\u00cdTICA DE PRIVACIDAD<\/p>\n\n<p>Informaci\u00f3n sobre tratamiento, comunicaci\u00f3n y difusi\u00f3n de datos en aplicaci\u00f3n del Reglamento Europeo de Protecci\u00f3n de Datos -Reg. 679\/2016 (GDPR) <\/p>\n\n<p>Este sitio recoge determinados datos personales de sus usuarios<\/p>\n\n<p>Nos preocupamos por tu privacidad y s\u00f3lo utilizaremos la informaci\u00f3n personal que nos facilites para servirte mejor y proporcionarte la informaci\u00f3n que solicitaste.<\/p>\n\n<p>No venderemos tus datos a terceros ni los utilizaremos para enviarte correos basura.<\/p>\n\n<p>\u2014\u2014\u2014\u2014-<\/p>\n\n<p>Responsable del tratamiento:<\/p>\n\n<p><br\/><br\/>Gaspari Utensili Srl &#8211; Via Lago di Costanza 46, Schio 36015 (VI)<\/p>\n\n<p>\u2014\u2014\u2014\u2014-<\/p>\n\n<p>Estos datos se recogen a trav\u00e9s de:<\/p>\n\n<p>Formularios de contacto (datos personales facilitados como: nombre, apellidos, correo electr\u00f3nico)<\/p>\n\n<p>Google Analytics, con IP an\u00f3nimas: Estad\u00edsticas de uso, tiempo de permanencia en el sitio, etc.<\/p>\n\n<p>Google maps, youtube y contenido incrustado de otros sitios web: pueden recopilar datos personales fuera de nuestro control, de acuerdo con la pol\u00edtica de privacidad de Google<\/p>\n\n<p>\u2014\u2014\u2014\u2014-<\/p>\n\n<p>De conformidad con los art\u00edculos 13 y 14 del Reglamento UE 2016\/679 (RGPD), por el que se establecen disposiciones para la protecci\u00f3n de las personas f\u00edsicas en lo que respecta al tratamiento de datos personales, el Responsable del Tratamiento est\u00e1 obligado a proporcionar a los interesados determinada informaci\u00f3n sobre el uso de sus datos personales.<\/p>\n\n<p>En el presente caso, el abajo firmante Gaspari Utensili Srl, en el desempe\u00f1o de sus actividades\/funciones, necesita procesar informaci\u00f3n y datos personales relativos a su organizaci\u00f3n, actuando en calidad de Responsable del Tratamiento de acuerdo con el GDPR.<\/p>\n\n<p>La informaci\u00f3n y los datos personales facilitados por ti, o adquiridos en el curso de tu relaci\u00f3n contractual con nosotros, se procesan de acuerdo con la legislaci\u00f3n vigente y las obligaciones de confidencialidad que siempre han inspirado nuestra actividad.<\/p>\n\n<p>FINALIDAD DEL TRATAMIENTO<\/p>\n\n<p>El tratamiento de datos tiene como finalidad la gesti\u00f3n precontractual y contractual de las actividades realizadas por cuenta del cliente por Gaspari Utensili Srl. Se hace especial hincapi\u00e9 en las finalidades de: <\/p>\n\n<p>Gesti\u00f3n comercial y precontractual, que abarca todas las actividades previas a la celebraci\u00f3n del contrato;<\/p>\n\n<p>Gesti\u00f3n administrativa y contable;<\/p>\n\n<p>Gesti\u00f3n de los servicios de suministro, entrega y soporte de las soluciones y productos suministrados seg\u00fan contrato y\/o pedido<\/p>\n\n<p>Gesti\u00f3n comercial y promocional postventa de soluciones, nuevos productos, organizaci\u00f3n de eventos, en l\u00ednea con los servicios y soluciones propuestos.<\/p>\n\n<p>El tratamiento se realizar\u00e1 con la ayuda prevalente de instrumentos electr\u00f3nicos, y podr\u00e1 referirse a datos e informaci\u00f3n en soportes inform\u00e1ticos o en papel, por personas especialmente autorizadas.<\/p>\n\n<p>En general, para los fines mencionados, seg\u00fan los casos, los datos se almacenar\u00e1n en nuestra empresa, en la infraestructura inform\u00e1tica del cliente, en nuestros centros de datos o en los centros de datos de nuestros proveedores, y se comunicar\u00e1n exclusivamente a las partes competentes, internas o externas a la organizaci\u00f3n, tal como se describe a continuaci\u00f3n, para la realizaci\u00f3n de los servicios necesarios para la correcta gesti\u00f3n de la relaci\u00f3n contractual y los servicios subyacentes, con garant\u00eda de protecci\u00f3n de los derechos del interesado. <\/p>\n\n<p>LICITUD Y BASE JUR\u00cdDICA DEL TRATAMIENTO<\/p>\n\n<p>El tratamiento de datos personales por parte del Responsable del tratamiento est\u00e1 legitimado por las siguientes condiciones (Art. 6 del RGPD):<\/p>\n\n<p>El interesado ha consentido el tratamiento de sus datos personales para uno o varios fines espec\u00edficos.<\/p>\n\n<p>El tratamiento es necesario para la ejecuci\u00f3n de un contrato en el que el interesado es parte y para la posible ejecuci\u00f3n de medidas precontractuales o postcontractuales adoptadas a petici\u00f3n del interesado.<\/p>\n\n<p>El tratamiento es necesario para cumplir una obligaci\u00f3n legal a la que est\u00e1 sujeto el Responsable del Tratamiento (en particular, con fines administrativos y contables).<\/p>\n\n<p>Profundizaci\u00f3n:<\/p>\n\n<p>Pol\u00edtica de cookies<\/p>\n\n<p>Este sitio utiliza cookies, en su mayor\u00eda an\u00f3nimas, para mejorar su funcionamiento. Se te pedir\u00e1 que aceptes estas cookies cuando entres en el sitio por primera vez. El consentimiento para el uso de cookies tendr\u00e1 una duraci\u00f3n de 12 meses y podr\u00e1 ser revocado en cualquier momento.  <\/p>\n\n<p>Para una lectura en profundidad de las cookies utilizadas, haz clic aqu\u00ed.<\/p>\n\n<p>Google Analytics &#8211; IP anonimizada<\/p>\n\n<p>Este sitio recoge, mediante google analytics y sus cookies, datos generales sobre el comportamiento de los usuarios dentro del mismo, las direcciones IP se anonimizan y no se asigna ning\u00fan identificador de usuario.<\/p>\n\n<p>Esto nos permite mejorar la calidad de nuestro servicio sin recoger tus datos personales.<\/p>\n\n<p>Dado que estos datos son recopilados por Google, tambi\u00e9n se alojan en espacios web fuera de la Uni\u00f3n Europea, actuando Google como procesador de datos en este contexto.<\/p>\n\n<p>Flamingo &#8211; Archivo de correos enviados y solicitudes<\/p>\n\n<p>Recogemos en el sitio los datos enviados a trav\u00e9s de formularios de contacto, as\u00ed como los consentimientos dados y su fecha de recogida. Estos datos se utilizan \u00fanicamente con fines de Atenci\u00f3n al Cliente, sin ning\u00fan fin comercial. <\/p>\n\n<p>Puedes ponerte en contacto en cualquier momento en commerciale@gaspariutensili.it para solicitar la presentaci\u00f3n, modificaci\u00f3n o supresi\u00f3n de estos datos, o de parte de ellos.<\/p>\n\n<p>Los contactos archivados se eliminan peri\u00f3dicamente, por lo que pasado un cierto tiempo ya no ser\u00e1 posible solicitarlos.<\/p>\n\n<p>Estos datos se almacenan localmente en nuestro espacio de alojamiento, alojado en Italia<\/p>\n\n<p>Contenido incrustado de otros sitios web<\/p>\n\n<p>Los art\u00edculos de este sitio pueden incluir contenido incrustado (por ejemplo, v\u00eddeos, im\u00e1genes, art\u00edculos, etc.). El contenido incrustado de otros sitios web se comporta exactamente igual que si el visitante hubiera visitado el otro sitio web. <\/p>\n\n<p>Estos sitios web pueden recopilar datos sobre ti, utilizar cookies, integrar seguimiento adicional de terceros y controlar tu interacci\u00f3n con ese contenido incrustado, incluido el seguimiento de tu interacci\u00f3n con el contenido incrustado si tienes una cuenta y has iniciado sesi\u00f3n en ese sitio web.<\/p>\n\n<p>Cu\u00e1nto tiempo conservamos tus datos<\/p>\n\n<p>Los datos s\u00f3lo se conservan durante el periodo de tiempo necesario para los fines para los que se tratan o dentro de los plazos previstos por las leyes, normas y reglamentos nacionales y de la UE que la organizaci\u00f3n debe cumplir (por ejemplo, normas contables y fiscales, etc.). Anualmente se llevar\u00e1 a cabo una comprobaci\u00f3n peri\u00f3dica de los datos tratados y de la posibilidad de eliminarlos si ya no son necesarios para los fines previstos. <\/p>\n\n<p>Si dejas un comentario, el comentario y sus metadatos se almacenan indefinidamente. As\u00ed podemos reconocer y aprobar autom\u00e1ticamente cualquier comentario posterior, en lugar de mantenerlos en una cola de moderaci\u00f3n. <\/p>\n\n<p>Para los usuarios que se registran en nuestro sitio web (si los hay), tambi\u00e9n almacenamos la informaci\u00f3n personal que proporcionan en su perfil de usuario. Todos los usuarios pueden ver, editar o borrar su informaci\u00f3n personal en cualquier momento (excepto su nombre de usuario, que no pueden cambiar). Los administradores del sitio web tambi\u00e9n pueden ver y editar esta informaci\u00f3n.  <\/p>\n\n<p>\u00bfQu\u00e9 derechos tienes sobre tus datos?<\/p>\n\n<p>Si tienes una cuenta en este sitio, o has dejado comentarios, puedes solicitar recibir un archivo exportado del sitio con los datos personales que tenemos sobre ti, incluidos los datos que nos has proporcionado. Tambi\u00e9n puedes solicitar que eliminemos todos tus datos personales. Esto no incluye los datos que estamos obligados a conservar por motivos administrativos, legales o de seguridad.  <\/p>\n\n<p>D\u00f3nde alojamos tus datos<\/p>\n\n<p>Fuera de Google Analytics, tus datos se guardan en nuestros servidores, se mantienen actualizados y seguros.<\/p>\n\n<p>Los correos electr\u00f3nicos enviados a trav\u00e9s del formulario de contacto son recibidos por personas capacitadas para procesar dichos datos personales y en ordenadores seguros.<\/p>\n\n<p>Tus Datos Anal\u00edticos y Datos de Terceros se recopilan y alojan en los servidores fuera de la Uni\u00f3n Europea de dichos terceros y se gestionan de forma segura de acuerdo con la normativa aplicable.<\/p>\n\n<p>Medios de comunicaci\u00f3n:<\/p>\n\n<p>Si subes im\u00e1genes al sitio web, debes evitar subir im\u00e1genes que incluyan datos de localizaci\u00f3n incrustados (EXIF GPS). Los visitantes del sitio web pueden descargar y extraer cualquier dato de localizaci\u00f3n de las im\u00e1genes del sitio web. <\/p>\n\n<p>Galleta:<\/p>\n\n<p>Si dejas un comentario en nuestro sitio, puedes elegir guardar tu nombre, direcci\u00f3n de correo electr\u00f3nico y sitio web en cookies. Se utilizan para tu comodidad, para que no tengas que volver a introducir tus datos cuando dejes otro comentario. Estas cookies durar\u00e1n un a\u00f1o.  <\/p>\n\n<p>Si tienes una cuenta y accedes a este sitio, se crear\u00e1 una cookie temporal para determinar si tu navegador acepta cookies. Esta cookie no contiene datos personales y se elimina cuando cierras el navegador. <\/p>\n\n<p>Cuando te conectes, se establecer\u00e1n varias cookies para almacenar tu informaci\u00f3n de inicio de sesi\u00f3n y tus opciones de pantalla. Las cookies de inicio de sesi\u00f3n duran dos d\u00edas, mientras que las cookies de opciones de pantalla duran un a\u00f1o. Si seleccionas \u00abRecordarme\u00bb, tu inicio de sesi\u00f3n persistir\u00e1 durante quince d\u00edas. Si cierras la sesi\u00f3n de tu cuenta, se eliminar\u00e1n las cookies de inicio de sesi\u00f3n. Si editas o publicas un art\u00edculo, se guardar\u00e1 una cookie adicional en tu navegador. Esta cookie no incluye ning\u00fan dato personal, sino que simplemente indica el ID del art\u00edculo que acabas de editar. Caduca al cabo de 1 d\u00eda.      <\/p>\n\n<p>C\u00f3mo protegemos tus datos<\/p>\n\n<p>Este sitio protege tus datos mediante encriptaci\u00f3n SSL (tambi\u00e9n se utiliza al enviar correos electr\u00f3nicos desde formularios de contacto).<\/p>\n\n<p>El propio sitio se actualiza peri\u00f3dicamente y est\u00e1 protegido por sistemas de defensa contra ciberataques. Las personas que tienen acceso administrativo a este sitio han recibido formaci\u00f3n sobre la seguridad de los datos. <\/p>\n\n<p>Qu\u00e9 procedimientos tenemos implantados para evitar la violaci\u00f3n de datos<\/p>\n\n<p>Nuestros programas internos est\u00e1n programados para alertarnos en caso de detecci\u00f3n de fallos o infracciones en el sitio.<\/p>\n","protected":false},"excerpt":{"rendered":"<p>POL\u00cdTICA DE PRIVACIDAD Informaci\u00f3n sobre tratamiento, comunicaci\u00f3n y difusi\u00f3n de datos en aplicaci\u00f3n del Reglamento Europeo de Protecci\u00f3n de Datos -Reg. 679\/2016 (GDPR) Este sitio recoge determinados datos personales de sus usuarios Nos preocupamos por tu privacidad y s\u00f3lo utilizaremos la informaci\u00f3n personal que nos facilites para servirte mejor y proporcionarte la informaci\u00f3n que solicitaste. [&hellip;]<\/p>\n","protected":false},"author":1,"featured_media":0,"parent":0,"menu_order":0,"comment_status":"closed","ping_status":"closed","template":"","meta":{"_acf_changed":false,"footnotes":""},"class_list":["post-5175","page","type-page","status-publish","hentry"],"acf":[],"yoast_head":"<!-- This site is optimized with the Yoast SEO plugin v27.5 - https:\/\/yoast.com\/product\/yoast-seo-wordpress\/ -->\n<title>Pol\u00edtica de privacidad - Gaspari<\/title>\n<meta name=\"robots\" content=\"index, follow, max-snippet:-1, max-image-preview:large, max-video-preview:-1\" \/>\n<link rel=\"canonical\" href=\"https:\/\/gaspariutensili.it\/es\/politica-de-privacidad\/\" \/>\n<meta property=\"og:locale\" content=\"es_ES\" \/>\n<meta property=\"og:type\" content=\"article\" \/>\n<meta property=\"og:title\" content=\"Pol\u00edtica de privacidad - Gaspari\" \/>\n<meta property=\"og:description\" content=\"POL\u00cdTICA DE PRIVACIDAD Informaci\u00f3n sobre tratamiento, comunicaci\u00f3n y difusi\u00f3n de datos en aplicaci\u00f3n del Reglamento Europeo de Protecci\u00f3n de Datos -Reg. 679\/2016 (GDPR) Este sitio recoge determinados datos personales de sus usuarios Nos preocupamos por tu privacidad y s\u00f3lo utilizaremos la informaci\u00f3n personal que nos facilites para servirte mejor y proporcionarte la informaci\u00f3n que solicitaste. [&hellip;]\" \/>\n<meta property=\"og:url\" content=\"https:\/\/gaspariutensili.it\/es\/politica-de-privacidad\/\" \/>\n<meta property=\"og:site_name\" content=\"Gaspari\" \/>\n<meta property=\"article:modified_time\" content=\"2024-11-05T15:29:20+00:00\" \/>\n<meta name=\"twitter:card\" content=\"summary_large_image\" \/>\n<meta name=\"twitter:label1\" content=\"Tiempo de lectura\" \/>\n\t<meta name=\"twitter:data1\" content=\"8 minutos\" \/>\n<script type=\"application\/ld+json\" class=\"yoast-schema-graph\">{\"@context\":\"https:\\\/\\\/schema.org\",\"@graph\":[{\"@type\":\"WebPage\",\"@id\":\"https:\\\/\\\/gaspariutensili.it\\\/es\\\/politica-de-privacidad\\\/\",\"url\":\"https:\\\/\\\/gaspariutensili.it\\\/es\\\/politica-de-privacidad\\\/\",\"name\":\"Pol\u00edtica de privacidad - Gaspari\",\"isPartOf\":{\"@id\":\"https:\\\/\\\/gaspariutensili.it\\\/es\\\/#website\"},\"datePublished\":\"2024-11-05T15:29:14+00:00\",\"dateModified\":\"2024-11-05T15:29:20+00:00\",\"breadcrumb\":{\"@id\":\"https:\\\/\\\/gaspariutensili.it\\\/es\\\/politica-de-privacidad\\\/#breadcrumb\"},\"inLanguage\":\"es\",\"potentialAction\":[{\"@type\":\"ReadAction\",\"target\":[\"https:\\\/\\\/gaspariutensili.it\\\/es\\\/politica-de-privacidad\\\/\"]}]},{\"@type\":\"BreadcrumbList\",\"@id\":\"https:\\\/\\\/gaspariutensili.it\\\/es\\\/politica-de-privacidad\\\/#breadcrumb\",\"itemListElement\":[{\"@type\":\"ListItem\",\"position\":1,\"name\":\"Home\",\"item\":\"https:\\\/\\\/gaspariutensili.it\\\/es\\\/\"},{\"@type\":\"ListItem\",\"position\":2,\"name\":\"Pol\u00edtica de privacidad\"}]},{\"@type\":\"WebSite\",\"@id\":\"https:\\\/\\\/gaspariutensili.it\\\/es\\\/#website\",\"url\":\"https:\\\/\\\/gaspariutensili.it\\\/es\\\/\",\"name\":\"Gaspari\",\"description\":\"Special tools since 1979\",\"publisher\":{\"@id\":\"https:\\\/\\\/gaspariutensili.it\\\/es\\\/#organization\"},\"potentialAction\":[{\"@type\":\"SearchAction\",\"target\":{\"@type\":\"EntryPoint\",\"urlTemplate\":\"https:\\\/\\\/gaspariutensili.it\\\/es\\\/?s={search_term_string}\"},\"query-input\":{\"@type\":\"PropertyValueSpecification\",\"valueRequired\":true,\"valueName\":\"search_term_string\"}}],\"inLanguage\":\"es\"},{\"@type\":\"Organization\",\"@id\":\"https:\\\/\\\/gaspariutensili.it\\\/es\\\/#organization\",\"name\":\"Gaspari Utensili\",\"url\":\"https:\\\/\\\/gaspariutensili.it\\\/es\\\/\",\"logo\":{\"@type\":\"ImageObject\",\"inLanguage\":\"es\",\"@id\":\"https:\\\/\\\/gaspariutensili.it\\\/es\\\/#\\\/schema\\\/logo\\\/image\\\/\",\"url\":\"http:\\\/\\\/gaspariutensili.it\\\/wp-content\\\/uploads\\\/2021\\\/11\\\/cropped-logo_gaspari-1.png\",\"contentUrl\":\"http:\\\/\\\/gaspariutensili.it\\\/wp-content\\\/uploads\\\/2021\\\/11\\\/cropped-logo_gaspari-1.png\",\"width\":500,\"height\":268,\"caption\":\"Gaspari Utensili\"},\"image\":{\"@id\":\"https:\\\/\\\/gaspariutensili.it\\\/es\\\/#\\\/schema\\\/logo\\\/image\\\/\"},\"sameAs\":[\"https:\\\/\\\/www.linkedin.com\\\/company\\\/gaspari-utensili-srl\\\/\"]}]}<\/script>\n<!-- \/ Yoast SEO plugin. -->","yoast_head_json":{"title":"Pol\u00edtica de privacidad - Gaspari","robots":{"index":"index","follow":"follow","max-snippet":"max-snippet:-1","max-image-preview":"max-image-preview:large","max-video-preview":"max-video-preview:-1"},"canonical":"https:\/\/gaspariutensili.it\/es\/politica-de-privacidad\/","og_locale":"es_ES","og_type":"article","og_title":"Pol\u00edtica de privacidad - Gaspari","og_description":"POL\u00cdTICA DE PRIVACIDAD Informaci\u00f3n sobre tratamiento, comunicaci\u00f3n y difusi\u00f3n de datos en aplicaci\u00f3n del Reglamento Europeo de Protecci\u00f3n de Datos -Reg. 679\/2016 (GDPR) Este sitio recoge determinados datos personales de sus usuarios Nos preocupamos por tu privacidad y s\u00f3lo utilizaremos la informaci\u00f3n personal que nos facilites para servirte mejor y proporcionarte la informaci\u00f3n que solicitaste. [&hellip;]","og_url":"https:\/\/gaspariutensili.it\/es\/politica-de-privacidad\/","og_site_name":"Gaspari","article_modified_time":"2024-11-05T15:29:20+00:00","twitter_card":"summary_large_image","twitter_misc":{"Tiempo de lectura":"8 minutos"},"schema":{"@context":"https:\/\/schema.org","@graph":[{"@type":"WebPage","@id":"https:\/\/gaspariutensili.it\/es\/politica-de-privacidad\/","url":"https:\/\/gaspariutensili.it\/es\/politica-de-privacidad\/","name":"Pol\u00edtica de privacidad - Gaspari","isPartOf":{"@id":"https:\/\/gaspariutensili.it\/es\/#website"},"datePublished":"2024-11-05T15:29:14+00:00","dateModified":"2024-11-05T15:29:20+00:00","breadcrumb":{"@id":"https:\/\/gaspariutensili.it\/es\/politica-de-privacidad\/#breadcrumb"},"inLanguage":"es","potentialAction":[{"@type":"ReadAction","target":["https:\/\/gaspariutensili.it\/es\/politica-de-privacidad\/"]}]},{"@type":"BreadcrumbList","@id":"https:\/\/gaspariutensili.it\/es\/politica-de-privacidad\/#breadcrumb","itemListElement":[{"@type":"ListItem","position":1,"name":"Home","item":"https:\/\/gaspariutensili.it\/es\/"},{"@type":"ListItem","position":2,"name":"Pol\u00edtica de privacidad"}]},{"@type":"WebSite","@id":"https:\/\/gaspariutensili.it\/es\/#website","url":"https:\/\/gaspariutensili.it\/es\/","name":"Gaspari","description":"Special tools since 1979","publisher":{"@id":"https:\/\/gaspariutensili.it\/es\/#organization"},"potentialAction":[{"@type":"SearchAction","target":{"@type":"EntryPoint","urlTemplate":"https:\/\/gaspariutensili.it\/es\/?s={search_term_string}"},"query-input":{"@type":"PropertyValueSpecification","valueRequired":true,"valueName":"search_term_string"}}],"inLanguage":"es"},{"@type":"Organization","@id":"https:\/\/gaspariutensili.it\/es\/#organization","name":"Gaspari Utensili","url":"https:\/\/gaspariutensili.it\/es\/","logo":{"@type":"ImageObject","inLanguage":"es","@id":"https:\/\/gaspariutensili.it\/es\/#\/schema\/logo\/image\/","url":"http:\/\/gaspariutensili.it\/wp-content\/uploads\/2021\/11\/cropped-logo_gaspari-1.png","contentUrl":"http:\/\/gaspariutensili.it\/wp-content\/uploads\/2021\/11\/cropped-logo_gaspari-1.png","width":500,"height":268,"caption":"Gaspari Utensili"},"image":{"@id":"https:\/\/gaspariutensili.it\/es\/#\/schema\/logo\/image\/"},"sameAs":["https:\/\/www.linkedin.com\/company\/gaspari-utensili-srl\/"]}]}},"_links":{"self":[{"href":"https:\/\/gaspariutensili.it\/es\/wp-json\/wp\/v2\/pages\/5175","targetHints":{"allow":["GET"]}}],"collection":[{"href":"https:\/\/gaspariutensili.it\/es\/wp-json\/wp\/v2\/pages"}],"about":[{"href":"https:\/\/gaspariutensili.it\/es\/wp-json\/wp\/v2\/types\/page"}],"author":[{"embeddable":true,"href":"https:\/\/gaspariutensili.it\/es\/wp-json\/wp\/v2\/users\/1"}],"replies":[{"embeddable":true,"href":"https:\/\/gaspariutensili.it\/es\/wp-json\/wp\/v2\/comments?post=5175"}],"version-history":[{"count":2,"href":"https:\/\/gaspariutensili.it\/es\/wp-json\/wp\/v2\/pages\/5175\/revisions"}],"predecessor-version":[{"id":5179,"href":"https:\/\/gaspariutensili.it\/es\/wp-json\/wp\/v2\/pages\/5175\/revisions\/5179"}],"wp:attachment":[{"href":"https:\/\/gaspariutensili.it\/es\/wp-json\/wp\/v2\/media?parent=5175"}],"curies":[{"name":"wp","href":"https:\/\/api.w.org\/{rel}","templated":true}]}}