{"id":6356,"date":"2024-12-06T10:26:10","date_gmt":"2024-12-06T10:26:10","guid":{"rendered":"https:\/\/gaspariutensili.it\/gestion-de-cookies\/"},"modified":"2024-12-06T10:26:11","modified_gmt":"2024-12-06T10:26:11","slug":"gestion-de-cookies","status":"publish","type":"page","link":"https:\/\/gaspariutensili.it\/es\/gestion-de-cookies\/","title":{"rendered":"Gesti\u00f3n de Cookies"},"content":{"rendered":"\n<p>POL\u00cdTICA DE COOKIES<\/p>\n\n<p>Acerca de nuestro uso de cookies<\/p>\n\n<p>Este sitio web (gaspariutensili.it) utiliza cookies para ofrecerte una mejor experiencia de usuario. Cuando utilizas este sitio web, una peque\u00f1a cantidad de datos, que a menudo incluye un identificador \u00fanico, se env\u00eda al navegador de tu ordenador o dispositivo m\u00f3vil (en adelante, \u00abdispositivo\u00bb) desde un servidor del sitio web y se almacena en el disco duro de tu dispositivo. <\/p>\n\n<p>Las cookies se dividen en diferentes categor\u00edas y realizan diferentes funciones, algunas para un uso m\u00e1s eficaz del Sitio, otras para habilitar ciertas funcionalidades.<\/p>\n\n<p>En nuestro caso concreto, las cookies utilizadas pueden:<\/p>\n\n<p>&#8211; Almacenar las preferencias introducidas.<\/p>\n\n<p>&#8211; Evita volver a introducir la misma informaci\u00f3n varias veces durante la visita, como el nombre de usuario, el correo electr\u00f3nico y la contrase\u00f1a.<\/p>\n\n<p>&#8211; Analizar el uso de los servicios y contenidos proporcionados por el sitio para optimizar y mejorar la experiencia de navegaci\u00f3n y los servicios ofrecidos.<\/p>\n\n<p>Tipos de cookies utilizadas por gaspariutensili.it<\/p>\n\n<p>A continuaci\u00f3n se indican los distintos tipos de cookies utilizados por gaspariutensili.it seg\u00fan su uso previsto:<\/p>\n\n<p>Cookies t\u00e9cnicas<\/p>\n\n<p>Este tipo de cookie de navegador permite que determinadas secciones del sitio funcionen correctamente.<\/p>\n\n<p>Son de dos categor\u00edas, persistentes y de sesi\u00f3n:<\/p>\n\n<p>Persistentes: una vez cerrado el navegador, las cookies no se destruyen, sino que permanecen hasta una fecha de caducidad preestablecida<\/p>\n\n<p>Sesi\u00f3n: se destruyen cada vez que cierras tu navegador. Estas cookies, enviadas siempre desde nuestro dominio, son necesarias para la visualizaci\u00f3n del sitio y en relaci\u00f3n con los servicios t\u00e9cnicos ofrecidos. Siempre se utilizar\u00e1n y se enviar\u00e1n, a menos que cambies la configuraci\u00f3n de tu navegador (afectando as\u00ed a la visualizaci\u00f3n de las p\u00e1ginas del sitio).  <\/p>\n\n<p>tambi\u00e9n utilizamos:<\/p>\n\n<p>_icl_current_language &#8211; &#8211; cookie de sesi\u00f3n<\/p>\n\n<p>cookie_notice_accepted &#8211; cookie persistente utilizada para almacenar la aceptaci\u00f3n del uso de la cookie<\/p>\n\n<p>Cookies anal\u00edticas<\/p>\n\n<p>Las cookies de esta categor\u00eda se utilizan para recopilar informaci\u00f3n sobre c\u00f3mo los visitantes utilizan el sitio web. gaspariutensili.it utilizar\u00e1 esta informaci\u00f3n para realizar an\u00e1lisis estad\u00edsticos an\u00f3nimos con el fin de mejorar el uso del Sitio y hacer que el contenido sea m\u00e1s interesante y relevante para los usuarios. <\/p>\n\n<p>Este tipo de cookie recoge datos de forma an\u00f3nima sobre la actividad del usuario y c\u00f3mo lleg\u00f3 al Sitio. Las cookies anal\u00edticas se env\u00edan desde el mismo Sitio o desde dominios de terceros. <\/p>\n\n<p>Google Analytics &#8211; Protecci\u00f3n de datos<\/p>\n\n<p>Estad\u00edsticas de Google<\/p>\n\n<p>Puedes inhabilitar selectivamente la instalaci\u00f3n de Google Analytics en tu navegador, un componente de la opci\u00f3n de inhabilitaci\u00f3n proporcionada por Google. Para inhabilitar la recopilaci\u00f3n de datos de Google Analytics, consulta el enlace anterior. <\/p>\n\n<p>Cookies utilizadas por los sitios de an\u00e1lisis de G.<\/p>\n\n<p>Cookies de an\u00e1lisis de servicios de terceros<\/p>\n\n<p>Estas cookies se utilizan para recopilar informaci\u00f3n sobre el uso del Sitio por parte de los usuarios de forma an\u00f3nima, como las p\u00e1ginas visitadas, el tiempo empleado, las fuentes de tr\u00e1fico, el origen geogr\u00e1fico, la edad, el sexo y los intereses, con el fin de realizar campa\u00f1as de marketing. Estas cookies se env\u00edan desde dominios de terceros ajenos al Sitio. <\/p>\n\n<p>Cookies para integrar productos y funciones de software de terceros<\/p>\n\n<p>Este tipo de cookies incorpora funcionalidades desarrolladas por terceros dentro de las p\u00e1ginas del Sitio, como iconos y preferencias expresadas en redes sociales para compartir el contenido del Sitio o para el uso de servicios de software de terceros (como software que genera mapas y software adicional que ofrece servicios adicionales). Estas cookies se env\u00edan desde dominios de terceros y sitios asociados que ofrecen su funcionalidad a trav\u00e9s de las p\u00e1ginas del Sitio. <\/p>\n\n<p>Cookies de perfil<\/p>\n\n<p>Estas cookies son necesarias para crear perfiles de usuario con el fin de enviar mensajes publicitarios de acuerdo con las preferencias expresadas por el usuario dentro de las p\u00e1ginas del sitio.<\/p>\n\n<p>gaspariutensili.it, de acuerdo con la normativa vigente, no est\u00e1 obligado a solicitar el consentimiento para las cookies t\u00e9cnicas y anal\u00edticas, ya que son necesarias para prestar los servicios solicitados.<\/p>\n\n<p>Para todos los dem\u00e1s tipos de cookies, el usuario puede expresar su consentimiento de una o varias de las siguientes formas:<\/p>\n\n<p>A trav\u00e9s de configuraciones espec\u00edficas del navegador o de sus programas utilizados para navegar por las p\u00e1ginas que componen el sitio web.<\/p>\n\n<p>Cambiar la configuraci\u00f3n al utilizar servicios de terceros.<\/p>\n\n<p>Cualquiera de estas soluciones puede impedir que el usuario utilice o vea partes del sitio web.<\/p>\n\n<p>Adem\u00e1s, el usuario puede acceder a las funcionalidades disponibles en el bloque de informaci\u00f3n breve:<\/p>\n\n<p>Sitios web y servicios de terceros<\/p>\n\n<p>El Sitio puede contener enlaces a otros Sitios Web que tienen sus propias pol\u00edticas de privacidad que pueden diferir de las adoptadas por gaspariutensili.it y que, por lo tanto, no son responsables de dichos sitios.<\/p>\n\n<p>C\u00f3mo desactivar las cookies a trav\u00e9s del navegador:<\/p>\n\n<p>Cromo<\/p>\n\n<p>Ejecuta el navegador Chrome<\/p>\n\n<p>Haz clic en el men\u00fa de la barra de herramientas del navegador, junto a la ventana de introducci\u00f3n de la URL<\/p>\n\n<p>Selecciona Ajustes<\/p>\n\n<p>Haz clic en Mostrar configuraci\u00f3n avanzada<\/p>\n\n<p>En la secci\u00f3n \u00abPrivacidad\u00bb, haz clic en el bot\u00f3n \u00abConfiguraci\u00f3n de contenido\u00bb.<\/p>\n\n<p>En la secci\u00f3n \u00abCookies\u00bb, puedes cambiar la configuraci\u00f3n de las siguientes cookies:<\/p>\n\n<p>Permitir que los datos se guarden localmente<\/p>\n\n<p>Modificar los datos locales s\u00f3lo hasta que se cierre el navegador<\/p>\n\n<p>No permitas que los sitios establezcan cookies<\/p>\n\n<p>Para bloquear las cookies de terceros y los datos del sitio<\/p>\n\n<p>Tratamiento de excepciones en algunos sitios de Internet<\/p>\n\n<p>Borrar una o todas las cookies<\/p>\n\n<p>Para m\u00e1s informaci\u00f3n, visita la p\u00e1gina dedicada.<\/p>\n\n<p>Mozilla Firefox<\/p>\n\n<p>Ejecuta el navegador Mozilla Firefox<\/p>\n\n<p>Haz clic en el men\u00fa de la barra de herramientas del navegador, junto a la ventana de introducci\u00f3n de la URL<\/p>\n\n<p>Seleccionar opciones<\/p>\n\n<p>Selecciona el panel Privacidad<\/p>\n\n<p>Haz clic en Mostrar configuraci\u00f3n avanzada<\/p>\n\n<p>En la secci\u00f3n \u00abPrivacidad\u00bb, haz clic en el bot\u00f3n \u00abConfiguraci\u00f3n de contenido\u00bb.<\/p>\n\n<p>En la secci\u00f3n \u00abSeguimiento\u00bb, se pueden cambiar los siguientes ajustes de las cookies:<\/p>\n\n<p>Solicitar a los sitios que no realicen ning\u00fan seguimiento<\/p>\n\n<p>Notificar la disponibilidad de los lugares a localizar<\/p>\n\n<p>No expresar ninguna preferencia sobre los datos de seguimiento<\/p>\n\n<p>Desde la secci\u00f3n \u00abHistorial\u00bb, puedes<\/p>\n\n<p>Al activar \u00abUsar configuraci\u00f3n personalizada\u00bb, selecciona aceptar cookies de terceros (siempre, de la mayor\u00eda de los sitios visitados o nunca) y conservarlas durante un periodo determinado (hasta que caduquen al cerrar Firefox o preguntar cada vez que<\/p>\n\n<p>Eliminar cookies individuales almacenadas<\/p>\n\n<p>Para m\u00e1s informaci\u00f3n, visita la p\u00e1gina dedicada.<\/p>\n\n<p>Internet Explorer<\/p>\n\n<p>Ejecuta el navegador Internet Explorer<\/p>\n\n<p>Pulsa el bot\u00f3n Herramientas y elige Opciones de Internet<\/p>\n\n<p>Haz clic en la pesta\u00f1a Privacidad en Configuraci\u00f3n y cambia el control deslizante a la acci\u00f3n de cookies deseada:<\/p>\n\n<p>Bloquear todas las cookies<\/p>\n\n<p>Permitir todas las cookies<\/p>\n\n<p>Selecci\u00f3n de sitios de los que obtener cookies: mueve el cursor a una posici\u00f3n intermedia para no bloquear ni permitir todas las cookies, luego haz clic en la casilla Sitios, Direcci\u00f3n del sitio web para introducir un sitio web y luego haz clic en Bloquear o Permitir<\/p>\n\n<p>Para m\u00e1s informaci\u00f3n, visita la p\u00e1gina dedicada.<\/p>\n\n<p>Safari 6<\/p>\n\n<p>Ejecuta el navegador Safari<\/p>\n\n<p>Haz clic en Safari, selecciona Preferencias y haz clic en Privacidad<\/p>\n\n<p>En Bloquear cookies, especifica c\u00f3mo debe aceptar Safari las cookies de los sitios web.<\/p>\n\n<p>Para ver qu\u00e9 sitios han almacenado cookies, haz clic en Detalles<\/p>\n\n<p>Para m\u00e1s informaci\u00f3n, visita la p\u00e1gina dedicada.<\/p>\n\n<p>Safari iOS (dispositivos m\u00f3viles)<\/p>\n\n<p>Ejecuta el navegador Safari para iOS<\/p>\n\n<p>Toca Ajustes y, a continuaci\u00f3n, Safari<\/p>\n\n<p>Pulsa en Bloquear cookies y elige entre varias opciones: \u00abNunca\u00bb, \u00abAnunciantes de terceros y\u00bb o \u00abSiempre\u00bb.<\/p>\n\n<p>Para eliminar todas las cookies almacenadas por Safari, pulsa en Ajustes, luego en Safari y, a continuaci\u00f3n, en Eliminar cookies y datos<\/p>\n\n<p>Para m\u00e1s informaci\u00f3n, visita la p\u00e1gina dedicada.<\/p>\n\n<p>m\u00fasica de \u00f3pera<\/p>\n\n<p>Ejecuta el navegador Opera<\/p>\n\n<p>Haz clic en Preferencias, luego en Avanzadas y, por \u00faltimo, en Cookies<\/p>\n\n<p>Elige entre las siguientes opciones:<\/p>\n\n<p>Aceptar todas las cookies<\/p>\n\n<p>Aceptar cookies s\u00f3lo del sitio que est\u00e1s visitando: se rechazar\u00e1n las cookies de terceros que se env\u00eden a y desde un dominio distinto del que est\u00e1s visitando<\/p>\n\n<p>No aceptar cookies nunca: nunca se guardar\u00e1n todas las cookies<\/p>\n\n<p>Para m\u00e1s informaci\u00f3n, visita la p\u00e1gina dedicada.<\/p>\n\n<p>Cookies de terceros y pol\u00edtica de privacidad<\/p>\n\n<p>Tipos de cookies utilizadas por Google<\/p>\n\n<p>Pol\u00edtica de privacidad de Google<\/p>\n\n<p>Google analytics &#8211; Protecci\u00f3n de datos<\/p>\n\n<p>Pol\u00edtica de privacidad de Twitter<\/p>\n\n<p>Pinterest &#8211; pol\u00edtica de privacidad<\/p>\n\n<p>C\u00f3mo desactivar las cookies de servicios de terceros<\/p>\n\n<p>Establecer autorizaciones para las empresas de publicidad<\/p>\n\n<p>Servicios de Google<\/p>\n\n<p>Estad\u00edsticas de Google<\/p>\n\n<p>Puedes inhabilitar selectivamente la acci\u00f3n de Google Analytics instalando en tu navegador el componente de inhabilitaci\u00f3n proporcionado por Google. Para inhabilitar la recopilaci\u00f3n de datos por parte de Google Analytics, consulta el enlace anterior. <\/p>\n\n<p>Facebook<\/p>\n\n<p>Twitter<\/p>\n\n<p>Pinterest<\/p>\n\n<p>Esta p\u00e1gina es visible mediante un enlace en la parte inferior de todas las p\u00e1ginas del Sitio de conformidad con el art\u00edculo 122, p\u00e1rrafo segundo, del Decreto Legislativo n.\u00ba 196\/2003, siguiendo los procedimientos simplificados para la informaci\u00f3n y la obtenci\u00f3n del consentimiento para el uso de cookies publicados en el Bolet\u00edn Oficial n.\u00ba 126 de 3 de junio de 2014 y las actas relacionadas de los actos pol\u00edticos n.\u00ba 229 de 8 de mayo de 2014.     <\/p>\n","protected":false},"excerpt":{"rendered":"<p>POL\u00cdTICA DE COOKIES Acerca de nuestro uso de cookies Este sitio web (gaspariutensili.it) utiliza cookies para ofrecerte una mejor experiencia de usuario. Cuando utilizas este sitio web, una peque\u00f1a cantidad de datos, que a menudo incluye un identificador \u00fanico, se env\u00eda al navegador de tu ordenador o dispositivo m\u00f3vil (en adelante, \u00abdispositivo\u00bb) desde un servidor [&hellip;]<\/p>\n","protected":false},"author":1,"featured_media":0,"parent":0,"menu_order":0,"comment_status":"closed","ping_status":"closed","template":"","meta":{"_acf_changed":false,"footnotes":""},"class_list":["post-6356","page","type-page","status-publish","hentry"],"acf":[],"yoast_head":"<!-- This site is optimized with the Yoast SEO plugin v27.5 - https:\/\/yoast.com\/product\/yoast-seo-wordpress\/ -->\n<title>Gesti\u00f3n de Cookies - Gaspari<\/title>\n<meta name=\"robots\" content=\"index, follow, max-snippet:-1, max-image-preview:large, max-video-preview:-1\" \/>\n<link rel=\"canonical\" href=\"https:\/\/gaspariutensili.it\/es\/gestion-de-cookies\/\" \/>\n<meta property=\"og:locale\" content=\"es_ES\" \/>\n<meta property=\"og:type\" content=\"article\" \/>\n<meta property=\"og:title\" content=\"Gesti\u00f3n de Cookies - Gaspari\" \/>\n<meta property=\"og:description\" content=\"POL\u00cdTICA DE COOKIES Acerca de nuestro uso de cookies Este sitio web (gaspariutensili.it) utiliza cookies para ofrecerte una mejor experiencia de usuario. Cuando utilizas este sitio web, una peque\u00f1a cantidad de datos, que a menudo incluye un identificador \u00fanico, se env\u00eda al navegador de tu ordenador o dispositivo m\u00f3vil (en adelante, \u00abdispositivo\u00bb) desde un servidor [&hellip;]\" \/>\n<meta property=\"og:url\" content=\"https:\/\/gaspariutensili.it\/es\/gestion-de-cookies\/\" \/>\n<meta property=\"og:site_name\" content=\"Gaspari\" \/>\n<meta property=\"article:modified_time\" content=\"2024-12-06T10:26:11+00:00\" \/>\n<meta name=\"twitter:card\" content=\"summary_large_image\" \/>\n<meta name=\"twitter:label1\" content=\"Tiempo de lectura\" \/>\n\t<meta name=\"twitter:data1\" content=\"8 minutos\" \/>\n<script type=\"application\/ld+json\" class=\"yoast-schema-graph\">{\"@context\":\"https:\\\/\\\/schema.org\",\"@graph\":[{\"@type\":\"WebPage\",\"@id\":\"https:\\\/\\\/gaspariutensili.it\\\/es\\\/gestion-de-cookies\\\/\",\"url\":\"https:\\\/\\\/gaspariutensili.it\\\/es\\\/gestion-de-cookies\\\/\",\"name\":\"Gesti\u00f3n de Cookies - Gaspari\",\"isPartOf\":{\"@id\":\"https:\\\/\\\/gaspariutensili.it\\\/es\\\/#website\"},\"datePublished\":\"2024-12-06T10:26:10+00:00\",\"dateModified\":\"2024-12-06T10:26:11+00:00\",\"breadcrumb\":{\"@id\":\"https:\\\/\\\/gaspariutensili.it\\\/es\\\/gestion-de-cookies\\\/#breadcrumb\"},\"inLanguage\":\"es\",\"potentialAction\":[{\"@type\":\"ReadAction\",\"target\":[\"https:\\\/\\\/gaspariutensili.it\\\/es\\\/gestion-de-cookies\\\/\"]}]},{\"@type\":\"BreadcrumbList\",\"@id\":\"https:\\\/\\\/gaspariutensili.it\\\/es\\\/gestion-de-cookies\\\/#breadcrumb\",\"itemListElement\":[{\"@type\":\"ListItem\",\"position\":1,\"name\":\"Home\",\"item\":\"https:\\\/\\\/gaspariutensili.it\\\/es\\\/\"},{\"@type\":\"ListItem\",\"position\":2,\"name\":\"Gesti\u00f3n de Cookies\"}]},{\"@type\":\"WebSite\",\"@id\":\"https:\\\/\\\/gaspariutensili.it\\\/es\\\/#website\",\"url\":\"https:\\\/\\\/gaspariutensili.it\\\/es\\\/\",\"name\":\"Gaspari\",\"description\":\"Special tools since 1979\",\"publisher\":{\"@id\":\"https:\\\/\\\/gaspariutensili.it\\\/es\\\/#organization\"},\"potentialAction\":[{\"@type\":\"SearchAction\",\"target\":{\"@type\":\"EntryPoint\",\"urlTemplate\":\"https:\\\/\\\/gaspariutensili.it\\\/es\\\/?s={search_term_string}\"},\"query-input\":{\"@type\":\"PropertyValueSpecification\",\"valueRequired\":true,\"valueName\":\"search_term_string\"}}],\"inLanguage\":\"es\"},{\"@type\":\"Organization\",\"@id\":\"https:\\\/\\\/gaspariutensili.it\\\/es\\\/#organization\",\"name\":\"Gaspari Utensili\",\"url\":\"https:\\\/\\\/gaspariutensili.it\\\/es\\\/\",\"logo\":{\"@type\":\"ImageObject\",\"inLanguage\":\"es\",\"@id\":\"https:\\\/\\\/gaspariutensili.it\\\/es\\\/#\\\/schema\\\/logo\\\/image\\\/\",\"url\":\"http:\\\/\\\/gaspariutensili.it\\\/wp-content\\\/uploads\\\/2021\\\/11\\\/cropped-logo_gaspari-1.png\",\"contentUrl\":\"http:\\\/\\\/gaspariutensili.it\\\/wp-content\\\/uploads\\\/2021\\\/11\\\/cropped-logo_gaspari-1.png\",\"width\":500,\"height\":268,\"caption\":\"Gaspari Utensili\"},\"image\":{\"@id\":\"https:\\\/\\\/gaspariutensili.it\\\/es\\\/#\\\/schema\\\/logo\\\/image\\\/\"},\"sameAs\":[\"https:\\\/\\\/www.linkedin.com\\\/company\\\/gaspari-utensili-srl\\\/\"]}]}<\/script>\n<!-- \/ Yoast SEO plugin. -->","yoast_head_json":{"title":"Gesti\u00f3n de Cookies - Gaspari","robots":{"index":"index","follow":"follow","max-snippet":"max-snippet:-1","max-image-preview":"max-image-preview:large","max-video-preview":"max-video-preview:-1"},"canonical":"https:\/\/gaspariutensili.it\/es\/gestion-de-cookies\/","og_locale":"es_ES","og_type":"article","og_title":"Gesti\u00f3n de Cookies - Gaspari","og_description":"POL\u00cdTICA DE COOKIES Acerca de nuestro uso de cookies Este sitio web (gaspariutensili.it) utiliza cookies para ofrecerte una mejor experiencia de usuario. Cuando utilizas este sitio web, una peque\u00f1a cantidad de datos, que a menudo incluye un identificador \u00fanico, se env\u00eda al navegador de tu ordenador o dispositivo m\u00f3vil (en adelante, \u00abdispositivo\u00bb) desde un servidor [&hellip;]","og_url":"https:\/\/gaspariutensili.it\/es\/gestion-de-cookies\/","og_site_name":"Gaspari","article_modified_time":"2024-12-06T10:26:11+00:00","twitter_card":"summary_large_image","twitter_misc":{"Tiempo de lectura":"8 minutos"},"schema":{"@context":"https:\/\/schema.org","@graph":[{"@type":"WebPage","@id":"https:\/\/gaspariutensili.it\/es\/gestion-de-cookies\/","url":"https:\/\/gaspariutensili.it\/es\/gestion-de-cookies\/","name":"Gesti\u00f3n de Cookies - Gaspari","isPartOf":{"@id":"https:\/\/gaspariutensili.it\/es\/#website"},"datePublished":"2024-12-06T10:26:10+00:00","dateModified":"2024-12-06T10:26:11+00:00","breadcrumb":{"@id":"https:\/\/gaspariutensili.it\/es\/gestion-de-cookies\/#breadcrumb"},"inLanguage":"es","potentialAction":[{"@type":"ReadAction","target":["https:\/\/gaspariutensili.it\/es\/gestion-de-cookies\/"]}]},{"@type":"BreadcrumbList","@id":"https:\/\/gaspariutensili.it\/es\/gestion-de-cookies\/#breadcrumb","itemListElement":[{"@type":"ListItem","position":1,"name":"Home","item":"https:\/\/gaspariutensili.it\/es\/"},{"@type":"ListItem","position":2,"name":"Gesti\u00f3n de Cookies"}]},{"@type":"WebSite","@id":"https:\/\/gaspariutensili.it\/es\/#website","url":"https:\/\/gaspariutensili.it\/es\/","name":"Gaspari","description":"Special tools since 1979","publisher":{"@id":"https:\/\/gaspariutensili.it\/es\/#organization"},"potentialAction":[{"@type":"SearchAction","target":{"@type":"EntryPoint","urlTemplate":"https:\/\/gaspariutensili.it\/es\/?s={search_term_string}"},"query-input":{"@type":"PropertyValueSpecification","valueRequired":true,"valueName":"search_term_string"}}],"inLanguage":"es"},{"@type":"Organization","@id":"https:\/\/gaspariutensili.it\/es\/#organization","name":"Gaspari Utensili","url":"https:\/\/gaspariutensili.it\/es\/","logo":{"@type":"ImageObject","inLanguage":"es","@id":"https:\/\/gaspariutensili.it\/es\/#\/schema\/logo\/image\/","url":"http:\/\/gaspariutensili.it\/wp-content\/uploads\/2021\/11\/cropped-logo_gaspari-1.png","contentUrl":"http:\/\/gaspariutensili.it\/wp-content\/uploads\/2021\/11\/cropped-logo_gaspari-1.png","width":500,"height":268,"caption":"Gaspari Utensili"},"image":{"@id":"https:\/\/gaspariutensili.it\/es\/#\/schema\/logo\/image\/"},"sameAs":["https:\/\/www.linkedin.com\/company\/gaspari-utensili-srl\/"]}]}},"_links":{"self":[{"href":"https:\/\/gaspariutensili.it\/es\/wp-json\/wp\/v2\/pages\/6356","targetHints":{"allow":["GET"]}}],"collection":[{"href":"https:\/\/gaspariutensili.it\/es\/wp-json\/wp\/v2\/pages"}],"about":[{"href":"https:\/\/gaspariutensili.it\/es\/wp-json\/wp\/v2\/types\/page"}],"author":[{"embeddable":true,"href":"https:\/\/gaspariutensili.it\/es\/wp-json\/wp\/v2\/users\/1"}],"replies":[{"embeddable":true,"href":"https:\/\/gaspariutensili.it\/es\/wp-json\/wp\/v2\/comments?post=6356"}],"version-history":[{"count":1,"href":"https:\/\/gaspariutensili.it\/es\/wp-json\/wp\/v2\/pages\/6356\/revisions"}],"predecessor-version":[{"id":6357,"href":"https:\/\/gaspariutensili.it\/es\/wp-json\/wp\/v2\/pages\/6356\/revisions\/6357"}],"wp:attachment":[{"href":"https:\/\/gaspariutensili.it\/es\/wp-json\/wp\/v2\/media?parent=6356"}],"curies":[{"name":"wp","href":"https:\/\/api.w.org\/{rel}","templated":true}]}}