{"id":8341,"date":"2024-12-19T08:35:28","date_gmt":"2024-12-19T08:35:28","guid":{"rendered":"https:\/\/gaspariutensili.it\/iniciar-sesion2\/"},"modified":"2024-12-19T08:35:30","modified_gmt":"2024-12-19T08:35:30","slug":"iniciar-sesion2","status":"publish","type":"page","link":"https:\/\/gaspariutensili.it\/es\/iniciar-sesion2\/","title":{"rendered":"Iniciar sesi\u00f3n2"},"content":{"rendered":"\t\t<div data-elementor-type=\"wp-page\" data-elementor-id=\"8341\" class=\"elementor elementor-8341 elementor-5347\" data-elementor-post-type=\"page\">\n\t\t\t\t\t\t<section class=\"elementor-section elementor-top-section elementor-element elementor-element-5b96728 elementor-section-boxed elementor-section-height-default elementor-section-height-default\" data-id=\"5b96728\" data-element_type=\"section\" data-e-type=\"section\">\n\t\t\t\t\t\t<div class=\"elementor-container elementor-column-gap-default\">\n\t\t\t\t\t<div class=\"elementor-column elementor-col-100 elementor-top-column elementor-element elementor-element-8bcfead\" data-id=\"8bcfead\" data-element_type=\"column\" data-e-type=\"column\">\n\t\t\t<div class=\"elementor-widget-wrap elementor-element-populated\">\n\t\t\t\t\t\t<div class=\"elementor-element elementor-element-1aba3dc elementor-widget elementor-widget-shortcode\" data-id=\"1aba3dc\" data-element_type=\"widget\" data-e-type=\"widget\" data-widget_type=\"shortcode.default\">\n\t\t\t\t<div class=\"elementor-widget-container\">\n\t\t\t\t\t\t\t<div class=\"elementor-shortcode\">\r\n<div class=\"xoo-el-form-container xoo-el-form-inline\" data-active=\"login\">\r\n\r\n\t\r\n\t\r\n\t\r\n<div class=\"xoo-el-header\">\r\n\t<ul class=\"xoo-el-tabs\">\r\n\t\t\r\n        \t\t  <li data-tab=\"login\" class=\"xoo-el-login-tgr\" style=\"order: 0 \">Accedi<\/li>\r\n        \r\n\t\t \r\n\t\t\t<li data-tab=\"register\" class=\"xoo-el-reg-tgr\" style=\"order: 1\">Registrati<\/li>\r\n\t\t\r\n\t<\/ul>\r\n<\/div>\r\n\t\r\n\t\r\n\t\t\r\n\t\t\t\r\n\t\t<div data-section=\"login\" class=\"xoo-el-section\">\r\n\r\n\t\t\t<div class=\"xoo-el-fields\">\r\n\r\n\t\t\t\t<div class=\"xoo-el-notice\"><\/div>\r\n\t\t\t\t<form class=\"xoo-el-action-form xoo-el-form-login\">\r\n\r\n\t\t\t\t\t\r\n\t\t\t\t\t<div class=\"xoo-el-fields-cont\"><div class=\"xoo-aff-group xoo-aff-cont-text one xoo-aff-cont-required xoo-el-username_cont\"><div class=\"xoo-aff-input-group\"><span class=\"xoo-aff-input-icon fas fa-user-plus\"><\/span><input type=\"text\" class=\"xoo-aff-required xoo-aff-text xoo-aff-field\" name=\"xoo-el-username\" placeholder=\"Nome utente \/ email\"  value=\"\" required=\"\t\" autocomplete=\"username\"\/><\/div><\/div><div class=\"xoo-aff-group xoo-aff-cont-password one xoo-aff-cont-required xoo-el-password_cont\"><div class=\"xoo-aff-input-group\"><span class=\"xoo-aff-input-icon fas fa-key\"><\/span><input type=\"password\" class=\"xoo-aff-required xoo-aff-password xoo-aff-field\" name=\"xoo-el-password\" placeholder=\"Password\"  value=\"\" required=\"\t\" autocomplete=\"current-password\"\/><div class=\"xoo-aff-pw-toggle\">\r\n\t\t\t\t\t<span class=\"xoo-aff-pwtog-show\"><i class=\"far fa-eye\"><\/i><\/span>\r\n\t\t\t\t\t<span class=\"xoo-aff-pwtog-hide\"><i class=\"far fa-eye-slash\"><\/i><\/span>\r\n\t\t\t\t\t<\/div><\/div><\/div><\/div>\r\n<div class=\"xoo-aff-group xoo-el-login-btm-fields\">\r\n\t<label class=\"xoo-el-form-label\">\r\n\t\t<input type=\"checkbox\" name=\"xoo-el-rememberme\" value=\"forever\" \/>\r\n\t\t<span>Recu\u00e9rdame<\/span>\r\n\t<\/label>\r\n\t<a class=\"xoo-el-lostpw-tgr\" rel=\"nofollow\" href=\"#\">\u00bfHas olvidado la contrase\u00f1a?<\/a>\r\n<\/div>\r\n\r\n\r\n<input type=\"hidden\" name=\"_xoo_el_form\" value=\"login\">\r\n\r\n<button type=\"submit\" class=\"button btn xoo-el-action-btn xoo-el-login-btn\" >Accedi<\/button>\r\n\r\n<input type=\"hidden\" name=\"xoo_el_redirect\" value=\"https:\/\/gaspariutensili.it\/mio-account\/\">\r\n\t\t\t\t\t\r\n\t\t\t\t<\/form>\r\n\r\n\t\t\t\t\r\n\t\r\n\t\r\n\r\n\t\r\n\t\r\n\t\t\t<\/div>\r\n\r\n\t\t<\/div>\r\n\r\n\t\r\n\t\t\t\r\n\t\t<div data-section=\"register\" class=\"xoo-el-section\">\r\n\r\n\t\t\t<div class=\"xoo-el-fields\">\r\n\r\n\t\t\t\t<div class=\"xoo-el-notice\"><\/div>\r\n\t\t\t\t<form class=\"xoo-el-action-form xoo-el-form-register\">\r\n\r\n\t\t\t\t\t\r\n\t\t\t\t\t<div class=\"xoo-el-fields-cont\"><div class=\"xoo-aff-group xoo-aff-cont-email one xoo-aff-cont-required xoo_el_reg_email_cont\"><div class=\"xoo-aff-input-group\"><span class=\"xoo-aff-input-icon fas fa-at\"><\/span><input type=\"email\" class=\"xoo-aff-required xoo-aff-email xoo-aff-field\" name=\"xoo_el_reg_email\" placeholder=\"Email\"  value=\"\" required=\"\t\" autocomplete=\"email\"\/><\/div><\/div><div class=\"xoo-aff-group xoo-aff-cont-password one xoo-aff-cont-required xoo_el_reg_pass_cont\"><div class=\"xoo-aff-input-group\"><span class=\"xoo-aff-input-icon fas fa-key\"><\/span><input type=\"password\" class=\"xoo-aff-required xoo-aff-password xoo-aff-field\" name=\"xoo_el_reg_pass\" placeholder=\"Password\"  value=\"\" maxlength=\"40\" minlength=\"6\" required=\"\t\" autocomplete=\"new-password\"\/><div class=\"xoo-aff-pw-toggle\">\r\n\t\t\t\t\t<span class=\"xoo-aff-pwtog-show\"><i class=\"far fa-eye\"><\/i><\/span>\r\n\t\t\t\t\t<span class=\"xoo-aff-pwtog-hide\"><i class=\"far fa-eye-slash\"><\/i><\/span>\r\n\t\t\t\t\t<\/div><\/div><\/div><div class=\"xoo-aff-group xoo-aff-cont-password one xoo-aff-cont-required xoo_el_reg_pass_again_cont\"><div class=\"xoo-aff-input-group\"><span class=\"xoo-aff-input-icon fas fa-key\"><\/span><input type=\"password\" class=\"xoo-aff-required xoo-aff-password xoo-aff-field\" name=\"xoo_el_reg_pass_again\" placeholder=\"Confirm Password\"  value=\"\" required=\"\t\" autocomplete=\"new-password\"\/><div class=\"xoo-aff-pw-toggle\">\r\n\t\t\t\t\t<span class=\"xoo-aff-pwtog-show\"><i class=\"far fa-eye\"><\/i><\/span>\r\n\t\t\t\t\t<span class=\"xoo-aff-pwtog-hide\"><i class=\"far fa-eye-slash\"><\/i><\/span>\r\n\t\t\t\t\t<\/div><\/div><\/div><div class=\"xoo-aff-group xoo-aff-cont-text one xoo-aff-cont-required xoo_aff_text_gu47o_cont\"><label for=xoo_aff_text_gu47o class=\"xoo-aff-label\">Ragione sociale<\/label><div class=\"xoo-aff-input-group\"><span class=\"xoo-aff-input-icon fas fa-building\"><\/span><input type=\"text\" class=\"xoo-aff-required xoo-aff-text xoo-aff-field\" name=\"xoo_aff_text_gu47o\" placeholder=\"Ragione sociale\"  value=\"\" required=\"\t\"\/><\/div><\/div><div class=\"xoo-aff-group xoo-aff-cont-text one xoo-aff-cont-required partita_iva_cont\"><label for=partita_iva class=\"xoo-aff-label\">Partita Iva<\/label><div class=\"xoo-aff-input-group\"><span class=\"xoo-aff-input-icon fas fa-address-card\"><\/span><input type=\"text\" class=\"xoo-aff-required xoo-aff-text xoo-aff-field\" name=\"partita_iva\" placeholder=\"\"  value=\"\" required=\"\t\"\/><\/div><\/div><div class=\"xoo-aff-group xoo-aff-cont-checkbox_single one xoo-aff-cont-required xoo_el_reg_terms_cont\"><div class=\"xoo-aff-required xoo-aff-checkbox_single xoo-aff-field\"><label><input type=\"checkbox\" name=\"xoo_el_reg_terms\" class=\"xoo-aff-required xoo-aff-checkbox_single xoo-aff-field\" value=\"yes\" >I accept the <a href=\"https:\/\/gaspariutensili.it\/?page_id=\" target=\"_blank\"> Terms of Service and Privacy Policy <\/a><\/label><\/div><\/div><\/div>\r\n<input type=\"hidden\" name=\"_xoo_el_form\" value=\"register\">\r\n\r\n\r\n<button type=\"submit\" class=\"button btn xoo-el-action-btn xoo-el-register-btn\">Registrati<\/button>\r\n\r\n<input type=\"hidden\" name=\"xoo_el_redirect\" value=\"\/es\/wp-json\/wp\/v2\/pages\/8341\">\r\n\t\t\t\t\t\r\n\t\t\t\t<\/form>\r\n\r\n\t\t\t\t\r\n\t\r\n\t\r\n\r\n\t\r\n\t\r\n\t\t\t<\/div>\r\n\r\n\t\t<\/div>\r\n\r\n\t\r\n\t\t\t\r\n\t\t<div data-section=\"lostpw\" class=\"xoo-el-section\">\r\n\r\n\t\t\t<div class=\"xoo-el-fields\">\r\n\r\n\t\t\t\t<div class=\"xoo-el-notice\"><\/div>\r\n\t\t\t\t<form class=\"xoo-el-action-form xoo-el-form-lostpw\">\r\n\r\n\t\t\t\t\t\r\n\t\t\t\t\t\r\n\r\n<span class=\"xoo-el-form-txt\">\u00bfHas perdido tu contrase\u00f1a? Por favor, introduce tu nombre de usuario o direcci\u00f3n de correo electr\u00f3nico. Recibir\u00e1s por correo electr\u00f3nico un enlace para crear una nueva contrase\u00f1a.<\/span>\r\n\r\n<div class=\"xoo-el-fields-cont\"><div class=\"xoo-aff-group xoo-aff-cont-text one xoo-aff-cont-required user_login_cont\"><div class=\"xoo-aff-input-group\"><span class=\"xoo-aff-input-icon fas fa-user-plus\"><\/span><input type=\"text\" class=\"xoo-aff-required xoo-aff-text xoo-aff-field\" name=\"user_login\" placeholder=\"Nome utente \/ email\"  value=\"\" required=\"\t\"\/><\/div><\/div><\/div>\r\n\r\n<input type=\"hidden\" name=\"_xoo_el_form\" value=\"lostPassword\">\r\n\r\n<input type=\"hidden\" name=\"_wp_http_referer\" value=\"\/es\/wp-json\/wp\/v2\/pages\/8341\" \/>\r\n<button type=\"submit\" class=\"button btn xoo-el-action-btn xoo-el-lostpw-btn\">Email Link di Reset<\/button>\r\n\t\t\t\t\t\r\n\t\t\t\t<\/form>\r\n\r\n\t\t\t\t\r\n\t\r\n\t\r\n\r\n\t\r\n\t\r\n\t\t\t<\/div>\r\n\r\n\t\t<\/div>\r\n\r\n\t\r\n\t\r\n<\/div><\/div>\n\t\t\t\t\t\t<\/div>\n\t\t\t\t<\/div>\n\t\t\t\t\t<\/div>\n\t\t<\/div>\n\t\t\t\t\t<\/div>\n\t\t<\/section>\n\t\t\t\t<\/div>\n\t\t","protected":false},"excerpt":{"rendered":"","protected":false},"author":1,"featured_media":0,"parent":0,"menu_order":0,"comment_status":"closed","ping_status":"closed","template":"","meta":{"_acf_changed":false,"footnotes":""},"class_list":["post-8341","page","type-page","status-publish","hentry"],"acf":[],"yoast_head":"<!-- This site is optimized with the Yoast SEO plugin v27.5 - https:\/\/yoast.com\/product\/yoast-seo-wordpress\/ -->\n<title>Iniciar sesi\u00f3n2 - Gaspari<\/title>\n<meta name=\"robots\" content=\"index, follow, max-snippet:-1, max-image-preview:large, max-video-preview:-1\" \/>\n<link rel=\"canonical\" href=\"https:\/\/gaspariutensili.it\/es\/iniciar-sesion2\/\" \/>\n<meta property=\"og:locale\" content=\"es_ES\" \/>\n<meta property=\"og:type\" content=\"article\" \/>\n<meta property=\"og:title\" content=\"Iniciar sesi\u00f3n2 - Gaspari\" \/>\n<meta property=\"og:url\" content=\"https:\/\/gaspariutensili.it\/es\/iniciar-sesion2\/\" \/>\n<meta property=\"og:site_name\" content=\"Gaspari\" \/>\n<meta property=\"article:modified_time\" content=\"2024-12-19T08:35:30+00:00\" \/>\n<meta name=\"twitter:card\" content=\"summary_large_image\" \/>\n<script type=\"application\/ld+json\" class=\"yoast-schema-graph\">{\"@context\":\"https:\\\/\\\/schema.org\",\"@graph\":[{\"@type\":\"WebPage\",\"@id\":\"https:\\\/\\\/gaspariutensili.it\\\/es\\\/iniciar-sesion2\\\/\",\"url\":\"https:\\\/\\\/gaspariutensili.it\\\/es\\\/iniciar-sesion2\\\/\",\"name\":\"Iniciar sesi\u00f3n2 - Gaspari\",\"isPartOf\":{\"@id\":\"https:\\\/\\\/gaspariutensili.it\\\/es\\\/#website\"},\"datePublished\":\"2024-12-19T08:35:28+00:00\",\"dateModified\":\"2024-12-19T08:35:30+00:00\",\"breadcrumb\":{\"@id\":\"https:\\\/\\\/gaspariutensili.it\\\/es\\\/iniciar-sesion2\\\/#breadcrumb\"},\"inLanguage\":\"es\",\"potentialAction\":[{\"@type\":\"ReadAction\",\"target\":[\"https:\\\/\\\/gaspariutensili.it\\\/es\\\/iniciar-sesion2\\\/\"]}]},{\"@type\":\"BreadcrumbList\",\"@id\":\"https:\\\/\\\/gaspariutensili.it\\\/es\\\/iniciar-sesion2\\\/#breadcrumb\",\"itemListElement\":[{\"@type\":\"ListItem\",\"position\":1,\"name\":\"Home\",\"item\":\"https:\\\/\\\/gaspariutensili.it\\\/es\\\/\"},{\"@type\":\"ListItem\",\"position\":2,\"name\":\"Iniciar sesi\u00f3n2\"}]},{\"@type\":\"WebSite\",\"@id\":\"https:\\\/\\\/gaspariutensili.it\\\/es\\\/#website\",\"url\":\"https:\\\/\\\/gaspariutensili.it\\\/es\\\/\",\"name\":\"Gaspari\",\"description\":\"Special tools since 1979\",\"publisher\":{\"@id\":\"https:\\\/\\\/gaspariutensili.it\\\/es\\\/#organization\"},\"potentialAction\":[{\"@type\":\"SearchAction\",\"target\":{\"@type\":\"EntryPoint\",\"urlTemplate\":\"https:\\\/\\\/gaspariutensili.it\\\/es\\\/?s={search_term_string}\"},\"query-input\":{\"@type\":\"PropertyValueSpecification\",\"valueRequired\":true,\"valueName\":\"search_term_string\"}}],\"inLanguage\":\"es\"},{\"@type\":\"Organization\",\"@id\":\"https:\\\/\\\/gaspariutensili.it\\\/es\\\/#organization\",\"name\":\"Gaspari Utensili\",\"url\":\"https:\\\/\\\/gaspariutensili.it\\\/es\\\/\",\"logo\":{\"@type\":\"ImageObject\",\"inLanguage\":\"es\",\"@id\":\"https:\\\/\\\/gaspariutensili.it\\\/es\\\/#\\\/schema\\\/logo\\\/image\\\/\",\"url\":\"http:\\\/\\\/gaspariutensili.it\\\/wp-content\\\/uploads\\\/2021\\\/11\\\/cropped-logo_gaspari-1.png\",\"contentUrl\":\"http:\\\/\\\/gaspariutensili.it\\\/wp-content\\\/uploads\\\/2021\\\/11\\\/cropped-logo_gaspari-1.png\",\"width\":500,\"height\":268,\"caption\":\"Gaspari Utensili\"},\"image\":{\"@id\":\"https:\\\/\\\/gaspariutensili.it\\\/es\\\/#\\\/schema\\\/logo\\\/image\\\/\"},\"sameAs\":[\"https:\\\/\\\/www.linkedin.com\\\/company\\\/gaspari-utensili-srl\\\/\"]}]}<\/script>\n<!-- \/ Yoast SEO plugin. -->","yoast_head_json":{"title":"Iniciar sesi\u00f3n2 - Gaspari","robots":{"index":"index","follow":"follow","max-snippet":"max-snippet:-1","max-image-preview":"max-image-preview:large","max-video-preview":"max-video-preview:-1"},"canonical":"https:\/\/gaspariutensili.it\/es\/iniciar-sesion2\/","og_locale":"es_ES","og_type":"article","og_title":"Iniciar sesi\u00f3n2 - Gaspari","og_url":"https:\/\/gaspariutensili.it\/es\/iniciar-sesion2\/","og_site_name":"Gaspari","article_modified_time":"2024-12-19T08:35:30+00:00","twitter_card":"summary_large_image","schema":{"@context":"https:\/\/schema.org","@graph":[{"@type":"WebPage","@id":"https:\/\/gaspariutensili.it\/es\/iniciar-sesion2\/","url":"https:\/\/gaspariutensili.it\/es\/iniciar-sesion2\/","name":"Iniciar sesi\u00f3n2 - Gaspari","isPartOf":{"@id":"https:\/\/gaspariutensili.it\/es\/#website"},"datePublished":"2024-12-19T08:35:28+00:00","dateModified":"2024-12-19T08:35:30+00:00","breadcrumb":{"@id":"https:\/\/gaspariutensili.it\/es\/iniciar-sesion2\/#breadcrumb"},"inLanguage":"es","potentialAction":[{"@type":"ReadAction","target":["https:\/\/gaspariutensili.it\/es\/iniciar-sesion2\/"]}]},{"@type":"BreadcrumbList","@id":"https:\/\/gaspariutensili.it\/es\/iniciar-sesion2\/#breadcrumb","itemListElement":[{"@type":"ListItem","position":1,"name":"Home","item":"https:\/\/gaspariutensili.it\/es\/"},{"@type":"ListItem","position":2,"name":"Iniciar sesi\u00f3n2"}]},{"@type":"WebSite","@id":"https:\/\/gaspariutensili.it\/es\/#website","url":"https:\/\/gaspariutensili.it\/es\/","name":"Gaspari","description":"Special tools since 1979","publisher":{"@id":"https:\/\/gaspariutensili.it\/es\/#organization"},"potentialAction":[{"@type":"SearchAction","target":{"@type":"EntryPoint","urlTemplate":"https:\/\/gaspariutensili.it\/es\/?s={search_term_string}"},"query-input":{"@type":"PropertyValueSpecification","valueRequired":true,"valueName":"search_term_string"}}],"inLanguage":"es"},{"@type":"Organization","@id":"https:\/\/gaspariutensili.it\/es\/#organization","name":"Gaspari Utensili","url":"https:\/\/gaspariutensili.it\/es\/","logo":{"@type":"ImageObject","inLanguage":"es","@id":"https:\/\/gaspariutensili.it\/es\/#\/schema\/logo\/image\/","url":"http:\/\/gaspariutensili.it\/wp-content\/uploads\/2021\/11\/cropped-logo_gaspari-1.png","contentUrl":"http:\/\/gaspariutensili.it\/wp-content\/uploads\/2021\/11\/cropped-logo_gaspari-1.png","width":500,"height":268,"caption":"Gaspari Utensili"},"image":{"@id":"https:\/\/gaspariutensili.it\/es\/#\/schema\/logo\/image\/"},"sameAs":["https:\/\/www.linkedin.com\/company\/gaspari-utensili-srl\/"]}]}},"_links":{"self":[{"href":"https:\/\/gaspariutensili.it\/es\/wp-json\/wp\/v2\/pages\/8341","targetHints":{"allow":["GET"]}}],"collection":[{"href":"https:\/\/gaspariutensili.it\/es\/wp-json\/wp\/v2\/pages"}],"about":[{"href":"https:\/\/gaspariutensili.it\/es\/wp-json\/wp\/v2\/types\/page"}],"author":[{"embeddable":true,"href":"https:\/\/gaspariutensili.it\/es\/wp-json\/wp\/v2\/users\/1"}],"replies":[{"embeddable":true,"href":"https:\/\/gaspariutensili.it\/es\/wp-json\/wp\/v2\/comments?post=8341"}],"version-history":[{"count":2,"href":"https:\/\/gaspariutensili.it\/es\/wp-json\/wp\/v2\/pages\/8341\/revisions"}],"predecessor-version":[{"id":8344,"href":"https:\/\/gaspariutensili.it\/es\/wp-json\/wp\/v2\/pages\/8341\/revisions\/8344"}],"wp:attachment":[{"href":"https:\/\/gaspariutensili.it\/es\/wp-json\/wp\/v2\/media?parent=8341"}],"curies":[{"name":"wp","href":"https:\/\/api.w.org\/{rel}","templated":true}]}}