{"id":10321,"date":"2024-12-03T14:48:34","date_gmt":"2024-12-19T10:42:55","guid":{"rendered":"https:\/\/gaspariutensili.it\/shop\/mdre-130\/"},"modified":"2024-12-19T10:42:55","modified_gmt":"2024-12-19T10:42:55","slug":"mdre-130","status":"publish","type":"product","link":"https:\/\/gaspariutensili.it\/es\/shop\/mdre-130\/","title":{"rendered":"MDRE-130"},"content":{"rendered":"<div class=\"boxed\">\n<div id=\"lipsum\">Plato soporte de carburo de tungsteno para bru\u00f1ir \u00d8: 13 &#8211; \u00fatil: 32,5 mango \u00d8: 7,2 &#8211; fijaci\u00f3n del mango \u00d8: 14<\/div>\n<p>&nbsp;<br \/>\n<button style=\"padding: 10px 20px; border: 1px solid #018dc4; background: #014584;\"><a style=\"color: white;\" href=\"#\" target=\"_blank\" rel=\"noopener\">Descargar PDF<\/a><\/button><\/p>\n<\/div>\n","protected":false},"excerpt":{"rendered":"<p>&nbsp;<\/p>\n<table class=\"woocommerce-product-attributes shop_attributes\" aria-label=\"Product Details\">\n<tbody>\n<tr class=\"woocommerce-product-attributes-item woocommerce-product-attributes-item--attribute_%c3%b8a-toll-01mm\">\n<th class=\"woocommerce-product-attributes-item__label\" scope=\"row\">\u00d8a peaje 0,1 mm<\/th>\n<td class=\"woocommerce-product-attributes-item__value\">13<\/td>\n<\/tr>\n<tr class=\"woocommerce-product-attributes-item woocommerce-product-attributes-item--attribute_b-mm-ingombro\">\n<th class=\"woocommerce-product-attributes-item__label\" scope=\"row\">B mm Dimensiones totales<\/th>\n<td class=\"woocommerce-product-attributes-item__value\">7, 2<\/td>\n<\/tr>\n<tr class=\"woocommerce-product-attributes-item woocommerce-product-attributes-item--attribute_l-mm-utile\">\n<th class=\"woocommerce-product-attributes-item__label\" scope=\"row\">L mm \u00fatil<\/th>\n<td class=\"woocommerce-product-attributes-item__value\">32, 5<\/td>\n<\/tr>\n<tr class=\"woocommerce-product-attributes-item woocommerce-product-attributes-item--attribute_l1-mm\">\n<th class=\"woocommerce-product-attributes-item__label\" scope=\"row\">L1 mm<\/th>\n<td class=\"woocommerce-product-attributes-item__value\">3, 8<\/td>\n<\/tr>\n<tr class=\"woocommerce-product-attributes-item woocommerce-product-attributes-item--attribute_%c3%b8c-mm-toll-h6\">\n<th class=\"woocommerce-product-attributes-item__label\" scope=\"row\">\u00d8C mm peaje h6<\/th>\n<td class=\"woocommerce-product-attributes-item__value\">14<\/td>\n<\/tr>\n<tr class=\"woocommerce-product-attributes-item woocommerce-product-attributes-item--attribute_%c3%b8-minimo-foro-ingresso\">\n<th class=\"woocommerce-product-attributes-item__label\" scope=\"row\">\u00d8 m\u00ednimo del orificio de entrada<\/th>\n<td class=\"woocommerce-product-attributes-item__value\">7, 5<\/td>\n<\/tr>\n<\/tbody>\n<\/table>\n","protected":false},"featured_media":7516,"comment_status":"closed","ping_status":"closed","template":"","meta":{"_acf_changed":false},"product_brand":[],"product_cat":[139],"product_tag":[],"class_list":{"0":"post-10321","1":"product","2":"type-product","3":"status-publish","4":"has-post-thumbnail","6":"product_cat-retrolaminadores-de-carburo","8":"first","9":"instock","10":"shipping-taxable","11":"product-type-simple"},"acf":[],"yoast_head":"<!-- This site is optimized with the Yoast SEO plugin v27.5 - https:\/\/yoast.com\/product\/yoast-seo-wordpress\/ -->\n<title>MDRE-130 - Gaspari<\/title>\n<meta name=\"robots\" content=\"index, follow, max-snippet:-1, max-image-preview:large, max-video-preview:-1\" \/>\n<link rel=\"canonical\" href=\"https:\/\/gaspariutensili.it\/es\/shop\/mdre-130\/\" \/>\n<meta property=\"og:locale\" content=\"es_ES\" \/>\n<meta property=\"og:type\" content=\"article\" \/>\n<meta property=\"og:title\" content=\"MDRE-130 - Gaspari\" \/>\n<meta property=\"og:description\" content=\"&nbsp;  \u00d8a peaje 0,1 mm 13  B mm Dimensiones totales 7, 2  L mm \u00fatil 32, 5  L1 mm 3, 8  \u00d8C mm peaje h6 14  \u00d8 m\u00ednimo del orificio de entrada 7, 5\" \/>\n<meta property=\"og:url\" content=\"https:\/\/gaspariutensili.it\/es\/shop\/mdre-130\/\" \/>\n<meta property=\"og:site_name\" content=\"Gaspari\" \/>\n<meta property=\"og:image\" content=\"https:\/\/gaspariutensili.it\/wp-content\/uploads\/2024\/12\/RETROLAMATORE_MD_3.png\" \/>\n\t<meta property=\"og:image:width\" content=\"1600\" \/>\n\t<meta property=\"og:image:height\" content=\"1600\" \/>\n\t<meta property=\"og:image:type\" content=\"image\/png\" \/>\n<meta name=\"twitter:card\" content=\"summary_large_image\" \/>\n<script type=\"application\/ld+json\" class=\"yoast-schema-graph\">{\"@context\":\"https:\\\/\\\/schema.org\",\"@graph\":[{\"@type\":\"WebPage\",\"@id\":\"https:\\\/\\\/gaspariutensili.it\\\/es\\\/shop\\\/mdre-130\\\/\",\"url\":\"https:\\\/\\\/gaspariutensili.it\\\/es\\\/shop\\\/mdre-130\\\/\",\"name\":\"MDRE-130 - Gaspari\",\"isPartOf\":{\"@id\":\"https:\\\/\\\/gaspariutensili.it\\\/es\\\/#website\"},\"primaryImageOfPage\":{\"@id\":\"https:\\\/\\\/gaspariutensili.it\\\/es\\\/shop\\\/mdre-130\\\/#primaryimage\"},\"image\":{\"@id\":\"https:\\\/\\\/gaspariutensili.it\\\/es\\\/shop\\\/mdre-130\\\/#primaryimage\"},\"thumbnailUrl\":\"https:\\\/\\\/gaspariutensili.it\\\/wp-content\\\/uploads\\\/2024\\\/12\\\/RETROLAMATORE_MD_3.png\",\"datePublished\":\"2024-12-19T10:42:55+00:00\",\"breadcrumb\":{\"@id\":\"https:\\\/\\\/gaspariutensili.it\\\/es\\\/shop\\\/mdre-130\\\/#breadcrumb\"},\"inLanguage\":\"es\",\"potentialAction\":[{\"@type\":\"ReadAction\",\"target\":[\"https:\\\/\\\/gaspariutensili.it\\\/es\\\/shop\\\/mdre-130\\\/\"]}]},{\"@type\":\"ImageObject\",\"inLanguage\":\"es\",\"@id\":\"https:\\\/\\\/gaspariutensili.it\\\/es\\\/shop\\\/mdre-130\\\/#primaryimage\",\"url\":\"https:\\\/\\\/gaspariutensili.it\\\/wp-content\\\/uploads\\\/2024\\\/12\\\/RETROLAMATORE_MD_3.png\",\"contentUrl\":\"https:\\\/\\\/gaspariutensili.it\\\/wp-content\\\/uploads\\\/2024\\\/12\\\/RETROLAMATORE_MD_3.png\",\"width\":1600,\"height\":1600},{\"@type\":\"BreadcrumbList\",\"@id\":\"https:\\\/\\\/gaspariutensili.it\\\/es\\\/shop\\\/mdre-130\\\/#breadcrumb\",\"itemListElement\":[{\"@type\":\"ListItem\",\"position\":1,\"name\":\"Home\",\"item\":\"https:\\\/\\\/gaspariutensili.it\\\/es\\\/\"},{\"@type\":\"ListItem\",\"position\":2,\"name\":\"Tienda\",\"item\":\"https:\\\/\\\/gaspariutensili.it\\\/es\\\/?page_id=8126\"},{\"@type\":\"ListItem\",\"position\":3,\"name\":\"MDRE-130\"}]},{\"@type\":\"WebSite\",\"@id\":\"https:\\\/\\\/gaspariutensili.it\\\/es\\\/#website\",\"url\":\"https:\\\/\\\/gaspariutensili.it\\\/es\\\/\",\"name\":\"Gaspari\",\"description\":\"Special tools since 1979\",\"publisher\":{\"@id\":\"https:\\\/\\\/gaspariutensili.it\\\/es\\\/#organization\"},\"potentialAction\":[{\"@type\":\"SearchAction\",\"target\":{\"@type\":\"EntryPoint\",\"urlTemplate\":\"https:\\\/\\\/gaspariutensili.it\\\/es\\\/?s={search_term_string}\"},\"query-input\":{\"@type\":\"PropertyValueSpecification\",\"valueRequired\":true,\"valueName\":\"search_term_string\"}}],\"inLanguage\":\"es\"},{\"@type\":\"Organization\",\"@id\":\"https:\\\/\\\/gaspariutensili.it\\\/es\\\/#organization\",\"name\":\"Gaspari Utensili\",\"url\":\"https:\\\/\\\/gaspariutensili.it\\\/es\\\/\",\"logo\":{\"@type\":\"ImageObject\",\"inLanguage\":\"es\",\"@id\":\"https:\\\/\\\/gaspariutensili.it\\\/es\\\/#\\\/schema\\\/logo\\\/image\\\/\",\"url\":\"http:\\\/\\\/gaspariutensili.it\\\/wp-content\\\/uploads\\\/2021\\\/11\\\/cropped-logo_gaspari-1.png\",\"contentUrl\":\"http:\\\/\\\/gaspariutensili.it\\\/wp-content\\\/uploads\\\/2021\\\/11\\\/cropped-logo_gaspari-1.png\",\"width\":500,\"height\":268,\"caption\":\"Gaspari Utensili\"},\"image\":{\"@id\":\"https:\\\/\\\/gaspariutensili.it\\\/es\\\/#\\\/schema\\\/logo\\\/image\\\/\"},\"sameAs\":[\"https:\\\/\\\/www.linkedin.com\\\/company\\\/gaspari-utensili-srl\\\/\"]}]}<\/script>\n<!-- \/ Yoast SEO plugin. -->","yoast_head_json":{"title":"MDRE-130 - Gaspari","robots":{"index":"index","follow":"follow","max-snippet":"max-snippet:-1","max-image-preview":"max-image-preview:large","max-video-preview":"max-video-preview:-1"},"canonical":"https:\/\/gaspariutensili.it\/es\/shop\/mdre-130\/","og_locale":"es_ES","og_type":"article","og_title":"MDRE-130 - Gaspari","og_description":"&nbsp;  \u00d8a peaje 0,1 mm 13  B mm Dimensiones totales 7, 2  L mm \u00fatil 32, 5  L1 mm 3, 8  \u00d8C mm peaje h6 14  \u00d8 m\u00ednimo del orificio de entrada 7, 5","og_url":"https:\/\/gaspariutensili.it\/es\/shop\/mdre-130\/","og_site_name":"Gaspari","og_image":[{"width":1600,"height":1600,"url":"https:\/\/gaspariutensili.it\/wp-content\/uploads\/2024\/12\/RETROLAMATORE_MD_3.png","type":"image\/png"}],"twitter_card":"summary_large_image","schema":{"@context":"https:\/\/schema.org","@graph":[{"@type":"WebPage","@id":"https:\/\/gaspariutensili.it\/es\/shop\/mdre-130\/","url":"https:\/\/gaspariutensili.it\/es\/shop\/mdre-130\/","name":"MDRE-130 - Gaspari","isPartOf":{"@id":"https:\/\/gaspariutensili.it\/es\/#website"},"primaryImageOfPage":{"@id":"https:\/\/gaspariutensili.it\/es\/shop\/mdre-130\/#primaryimage"},"image":{"@id":"https:\/\/gaspariutensili.it\/es\/shop\/mdre-130\/#primaryimage"},"thumbnailUrl":"https:\/\/gaspariutensili.it\/wp-content\/uploads\/2024\/12\/RETROLAMATORE_MD_3.png","datePublished":"2024-12-19T10:42:55+00:00","breadcrumb":{"@id":"https:\/\/gaspariutensili.it\/es\/shop\/mdre-130\/#breadcrumb"},"inLanguage":"es","potentialAction":[{"@type":"ReadAction","target":["https:\/\/gaspariutensili.it\/es\/shop\/mdre-130\/"]}]},{"@type":"ImageObject","inLanguage":"es","@id":"https:\/\/gaspariutensili.it\/es\/shop\/mdre-130\/#primaryimage","url":"https:\/\/gaspariutensili.it\/wp-content\/uploads\/2024\/12\/RETROLAMATORE_MD_3.png","contentUrl":"https:\/\/gaspariutensili.it\/wp-content\/uploads\/2024\/12\/RETROLAMATORE_MD_3.png","width":1600,"height":1600},{"@type":"BreadcrumbList","@id":"https:\/\/gaspariutensili.it\/es\/shop\/mdre-130\/#breadcrumb","itemListElement":[{"@type":"ListItem","position":1,"name":"Home","item":"https:\/\/gaspariutensili.it\/es\/"},{"@type":"ListItem","position":2,"name":"Tienda","item":"https:\/\/gaspariutensili.it\/es\/?page_id=8126"},{"@type":"ListItem","position":3,"name":"MDRE-130"}]},{"@type":"WebSite","@id":"https:\/\/gaspariutensili.it\/es\/#website","url":"https:\/\/gaspariutensili.it\/es\/","name":"Gaspari","description":"Special tools since 1979","publisher":{"@id":"https:\/\/gaspariutensili.it\/es\/#organization"},"potentialAction":[{"@type":"SearchAction","target":{"@type":"EntryPoint","urlTemplate":"https:\/\/gaspariutensili.it\/es\/?s={search_term_string}"},"query-input":{"@type":"PropertyValueSpecification","valueRequired":true,"valueName":"search_term_string"}}],"inLanguage":"es"},{"@type":"Organization","@id":"https:\/\/gaspariutensili.it\/es\/#organization","name":"Gaspari Utensili","url":"https:\/\/gaspariutensili.it\/es\/","logo":{"@type":"ImageObject","inLanguage":"es","@id":"https:\/\/gaspariutensili.it\/es\/#\/schema\/logo\/image\/","url":"http:\/\/gaspariutensili.it\/wp-content\/uploads\/2021\/11\/cropped-logo_gaspari-1.png","contentUrl":"http:\/\/gaspariutensili.it\/wp-content\/uploads\/2021\/11\/cropped-logo_gaspari-1.png","width":500,"height":268,"caption":"Gaspari Utensili"},"image":{"@id":"https:\/\/gaspariutensili.it\/es\/#\/schema\/logo\/image\/"},"sameAs":["https:\/\/www.linkedin.com\/company\/gaspari-utensili-srl\/"]}]}},"_links":{"self":[{"href":"https:\/\/gaspariutensili.it\/es\/wp-json\/wp\/v2\/product\/10321","targetHints":{"allow":["GET"]}}],"collection":[{"href":"https:\/\/gaspariutensili.it\/es\/wp-json\/wp\/v2\/product"}],"about":[{"href":"https:\/\/gaspariutensili.it\/es\/wp-json\/wp\/v2\/types\/product"}],"replies":[{"embeddable":true,"href":"https:\/\/gaspariutensili.it\/es\/wp-json\/wp\/v2\/comments?post=10321"}],"wp:featuredmedia":[{"embeddable":true,"href":"https:\/\/gaspariutensili.it\/es\/wp-json\/wp\/v2\/media\/7516"}],"wp:attachment":[{"href":"https:\/\/gaspariutensili.it\/es\/wp-json\/wp\/v2\/media?parent=10321"}],"wp:term":[{"taxonomy":"product_brand","embeddable":true,"href":"https:\/\/gaspariutensili.it\/es\/wp-json\/wp\/v2\/product_brand?post=10321"},{"taxonomy":"product_cat","embeddable":true,"href":"https:\/\/gaspariutensili.it\/es\/wp-json\/wp\/v2\/product_cat?post=10321"},{"taxonomy":"product_tag","embeddable":true,"href":"https:\/\/gaspariutensili.it\/es\/wp-json\/wp\/v2\/product_tag?post=10321"}],"curies":[{"name":"wp","href":"https:\/\/api.w.org\/{rel}","templated":true}]}}