{"id":5169,"date":"2024-11-05T15:29:13","date_gmt":"2024-11-05T15:29:13","guid":{"rendered":"https:\/\/gaspariutensili.it\/reparation-des-outils-endommages\/"},"modified":"2024-12-12T15:39:11","modified_gmt":"2024-12-12T15:39:11","slug":"reparation-des-outils-endommages","status":"publish","type":"page","link":"https:\/\/gaspariutensili.it\/fr\/reparation-des-outils-endommages\/","title":{"rendered":"R\u00e9paration des outils endommag\u00e9s"},"content":{"rendered":"\t\t<div data-elementor-type=\"wp-page\" data-elementor-id=\"5169\" class=\"elementor elementor-5169 elementor-1092\" data-elementor-post-type=\"page\">\n\t\t\t\t\t\t<section class=\"elementor-section elementor-top-section elementor-element elementor-element-46bafb5b elementor-section-height-min-height elementor-section-full_width elementor-section-items-bottom elementor-section-content-top elementor-section-height-default\" data-id=\"46bafb5b\" data-element_type=\"section\" data-e-type=\"section\" data-settings=\"{&quot;background_background&quot;:&quot;classic&quot;}\">\n\t\t\t\t\t\t<div class=\"elementor-container elementor-column-gap-default\">\n\t\t\t\t\t<div class=\"elementor-column elementor-col-100 elementor-top-column elementor-element elementor-element-7e1b89e0 animated-fast elementor-invisible\" data-id=\"7e1b89e0\" data-element_type=\"column\" data-e-type=\"column\" data-settings=\"{&quot;background_background&quot;:&quot;classic&quot;,&quot;animation&quot;:&quot;fadeInUp&quot;}\">\n\t\t\t<div class=\"elementor-widget-wrap elementor-element-populated\">\n\t\t\t\t\t\t<section class=\"elementor-section elementor-inner-section elementor-element elementor-element-32b85edf elementor-section-full_width elementor-section-height-default elementor-section-height-default\" data-id=\"32b85edf\" data-element_type=\"section\" data-e-type=\"section\">\n\t\t\t\t\t\t<div class=\"elementor-container elementor-column-gap-default\">\n\t\t\t\t\t<div class=\"elementor-column elementor-col-50 elementor-inner-column elementor-element elementor-element-17d5a16c\" data-id=\"17d5a16c\" data-element_type=\"column\" data-e-type=\"column\">\n\t\t\t<div class=\"elementor-widget-wrap elementor-element-populated\">\n\t\t\t\t\t\t<div class=\"elementor-element elementor-element-6428143a elementor-widget elementor-widget-heading\" data-id=\"6428143a\" data-element_type=\"widget\" data-e-type=\"widget\" data-widget_type=\"heading.default\">\n\t\t\t\t<div class=\"elementor-widget-container\">\n\t\t\t\t\t<h1 class=\"elementor-heading-title elementor-size-default\">R\u00e9paration des outils endommag\u00e9s<\/h1>\t\t\t\t<\/div>\n\t\t\t\t<\/div>\n\t\t\t\t<div class=\"elementor-element elementor-element-5a731560 elementor-widget elementor-widget-text-editor\" data-id=\"5a731560\" data-element_type=\"widget\" data-e-type=\"widget\" data-widget_type=\"text-editor.default\">\n\t\t\t\t<div class=\"elementor-widget-container\">\n\t\t\t\t\t\t\t\t\t<p>La r\u00e9paration d&rsquo;outils \u00e0 serrage m\u00e9canique endommag\u00e9s est l&rsquo;un des services de longue date de notre entreprise. Ce type d&rsquo;intervention consiste \u00e0 r\u00e9parer les si\u00e8ges de plaquettes endommag\u00e9s \u00e0 la suite d&rsquo;un choc, d&rsquo;une usure ou d&rsquo;un frottement de copeaux sur le corps de l&rsquo;outil. <\/p>\n\t\t\t\t\t\t\t\t<\/div>\n\t\t\t\t<\/div>\n\t\t\t\t\t<\/div>\n\t\t<\/div>\n\t\t\t\t<div class=\"elementor-column elementor-col-50 elementor-inner-column elementor-element elementor-element-5d8e7997\" data-id=\"5d8e7997\" data-element_type=\"column\" data-e-type=\"column\" data-settings=\"{&quot;background_background&quot;:&quot;classic&quot;}\">\n\t\t\t<div class=\"elementor-widget-wrap elementor-element-populated\">\n\t\t\t\t\t\t<div class=\"elementor-element elementor-element-4d14b58e elementor-widget elementor-widget-heading\" data-id=\"4d14b58e\" data-element_type=\"widget\" data-e-type=\"widget\" data-widget_type=\"heading.default\">\n\t\t\t\t<div class=\"elementor-widget-container\">\n\t\t\t\t\t<h3 class=\"elementor-heading-title elementor-size-default\">contactez-nous<\/h3>\t\t\t\t<\/div>\n\t\t\t\t<\/div>\n\t\t\t\t<div class=\"elementor-element elementor-element-7412bb45 elementor-widget elementor-widget-text-editor\" data-id=\"7412bb45\" data-element_type=\"widget\" data-e-type=\"widget\" data-widget_type=\"text-editor.default\">\n\t\t\t\t<div class=\"elementor-widget-container\">\n\t\t\t\t\t\t\t\t\t<p>Via Lago di Costanza, 46 36015 Schio (VI) (+39) 0445.576314 commerciale@gaspariutensili.it<\/p>\n\t\t\t\t\t\t\t\t<\/div>\n\t\t\t\t<\/div>\n\t\t\t\t\t<\/div>\n\t\t<\/div>\n\t\t\t\t\t<\/div>\n\t\t<\/section>\n\t\t\t\t\t<\/div>\n\t\t<\/div>\n\t\t\t\t\t<\/div>\n\t\t<\/section>\n\t\t\t\t<section class=\"elementor-section elementor-top-section elementor-element elementor-element-7102c94f elementor-section-height-min-height elementor-section-boxed elementor-section-height-default elementor-section-items-middle\" data-id=\"7102c94f\" data-element_type=\"section\" data-e-type=\"section\" data-settings=\"{&quot;background_background&quot;:&quot;classic&quot;}\">\n\t\t\t\t\t\t<div class=\"elementor-container elementor-column-gap-default\">\n\t\t\t\t\t<div class=\"elementor-column elementor-col-100 elementor-top-column elementor-element elementor-element-5ee5d675\" data-id=\"5ee5d675\" data-element_type=\"column\" data-e-type=\"column\">\n\t\t\t<div class=\"elementor-widget-wrap elementor-element-populated\">\n\t\t\t\t\t\t<div class=\"elementor-element elementor-element-ea7d804 animated-fast elementor-invisible elementor-widget elementor-widget-heading\" data-id=\"ea7d804\" data-element_type=\"widget\" data-e-type=\"widget\" data-settings=\"{&quot;_animation&quot;:&quot;fadeInRight&quot;}\" data-widget_type=\"heading.default\">\n\t\t\t\t<div class=\"elementor-widget-container\">\n\t\t\t\t\t<h3 class=\"elementor-heading-title elementor-size-default\">R\u00e9paration des outils endommag\u00e9s<\/h3>\t\t\t\t<\/div>\n\t\t\t\t<\/div>\n\t\t\t\t<section class=\"elementor-section elementor-inner-section elementor-element elementor-element-b402779 elementor-section-boxed elementor-section-height-default elementor-section-height-default\" data-id=\"b402779\" data-element_type=\"section\" data-e-type=\"section\">\n\t\t\t\t\t\t<div class=\"elementor-container elementor-column-gap-default\">\n\t\t\t\t\t<div class=\"elementor-column elementor-col-50 elementor-inner-column elementor-element elementor-element-d2ff167\" data-id=\"d2ff167\" data-element_type=\"column\" data-e-type=\"column\">\n\t\t\t<div class=\"elementor-widget-wrap elementor-element-populated\">\n\t\t\t\t\t\t<div class=\"elementor-element elementor-element-ae8454f elementor-widget elementor-widget-text-editor\" data-id=\"ae8454f\" data-element_type=\"widget\" data-e-type=\"widget\" data-widget_type=\"text-editor.default\">\n\t\t\t\t<div class=\"elementor-widget-container\">\n\t\t\t\t\t\t\t\t\t<p>L&rsquo;un des <strong>services historiques<\/strong> de notre entreprise est la <strong>r\u00e9paration des outils \u00e0 fixation m\u00e9canique endommag\u00e9s<\/strong>. Ce type d&rsquo;intervention consiste \u00e0 restaurer les logements des inserts endommag\u00e9s suite \u00e0 des chocs, \u00e0 l&rsquo;usure ou au frottement des copeaux sur le corps de l&rsquo;outil. <strong>La r\u00e9paration est possible lorsque le logement de l&rsquo;insert conserve au moins le trou filet\u00e9 intact<\/strong> ; en revanche, si cette partie du logement est compl\u00e8tement enlev\u00e9e ou fissur\u00e9e, la r\u00e9paration n&rsquo;est plus possible. La r\u00e9paration commence par un sablage, qui permet d&rsquo;\u00e9liminer les r\u00e9sidus de mat\u00e9riau et les salissures. Ensuite, un apport de mat\u00e9riau <strong>Inconel 625<\/strong> est effectu\u00e9, fondu \u00e0 l&rsquo;aide d&rsquo;une lance \u00e0 gaz argon.<\/p><p>L&rsquo;apport de mat\u00e9riau comble les fissures, les creux et permet de disposer d&rsquo;une nouvelle base de mat\u00e9riau pour <strong>reconstruire le logement endommag\u00e9<\/strong>. Par la suite, \u00e0 l&rsquo;aide d&rsquo;une aff\u00fbteuse manuelle ou d&rsquo;un centre d&rsquo;usinage 5 axes (selon la complexit\u00e9 du logement \u00e0 reconstruire), le logement de l&rsquo;insert est restaur\u00e9.<\/p>\t\t\t\t\t\t\t\t<\/div>\n\t\t\t\t<\/div>\n\t\t\t\t\t<\/div>\n\t\t<\/div>\n\t\t\t\t<div class=\"elementor-column elementor-col-50 elementor-inner-column elementor-element elementor-element-c5ff094\" data-id=\"c5ff094\" data-element_type=\"column\" data-e-type=\"column\">\n\t\t\t<div class=\"elementor-widget-wrap elementor-element-populated\">\n\t\t\t\t\t\t<div class=\"elementor-element elementor-element-c8f2405 elementor-widget elementor-widget-text-editor\" data-id=\"c8f2405\" data-element_type=\"widget\" data-e-type=\"widget\" data-widget_type=\"text-editor.default\">\n\t\t\t\t<div class=\"elementor-widget-container\">\n\t\t\t\t\t\t\t\t\t<p>Il <strong>est \u00e9galement possible d&rsquo;\u00e9liminer les vis cass\u00e9es \u00e0 l&rsquo;int\u00e9rieur du filetage<\/strong>, \u00e0 l&rsquo;aide de micropoints ou avec une perceuse, qui, gr\u00e2ce \u00e0 un \u00e9lectrode, d\u00e9sint\u00e8gre la vis cass\u00e9e. Si le filetage est endommag\u00e9, emp\u00eachant la nouvelle vis de se fixer, <strong>un buselage du trou est effectu\u00e9 ou un apport de mat\u00e9riau TIG est r\u00e9alis\u00e9<\/strong>. Cette technique n\u00e9cessite de la pr\u00e9cision et une main s\u00fbre, elle est donc effectu\u00e9e par nos collaborateurs les plus exp\u00e9riment\u00e9s.<\/p><p>Si vous avez \u00e9galement dans votre stock des fraises ou des outils endommag\u00e9s, mais dont la <strong>valeur d&rsquo;achat \u00e0 neuf est \u00e9lev\u00e9e, discutez avec nous de la possibilit\u00e9 de les r\u00e9parer<\/strong>. Il vous suffira de nous fournir des photos d\u00e9taill\u00e9es des outils concern\u00e9s pour recevoir un devis pour leur r\u00e9g\u00e9n\u00e9ration. N&rsquo;oubliez pas que <strong>pour r\u00e9aliser cette op\u00e9ration, il est toujours n\u00e9cessaire de remettre \u00e0 Gaspari Utensili<\/strong>, avec l&rsquo;outil, <strong>ses inserts, ses vis et tous autres composants<\/strong> de fixation du logement.<\/p>\t\t\t\t\t\t\t\t<\/div>\n\t\t\t\t<\/div>\n\t\t\t\t\t<\/div>\n\t\t<\/div>\n\t\t\t\t\t<\/div>\n\t\t<\/section>\n\t\t\t\t\t<\/div>\n\t\t<\/div>\n\t\t\t\t\t<\/div>\n\t\t<\/section>\n\t\t\t\t<section class=\"elementor-section elementor-top-section elementor-element elementor-element-6ace53a elementor-section-boxed elementor-section-height-default elementor-section-height-default\" data-id=\"6ace53a\" data-element_type=\"section\" data-e-type=\"section\" data-settings=\"{&quot;background_background&quot;:&quot;classic&quot;}\">\n\t\t\t\t\t\t<div class=\"elementor-container elementor-column-gap-default\">\n\t\t\t\t\t<div class=\"elementor-column elementor-col-100 elementor-top-column elementor-element elementor-element-ea3dbd8\" data-id=\"ea3dbd8\" data-element_type=\"column\" data-e-type=\"column\">\n\t\t\t<div class=\"elementor-widget-wrap elementor-element-populated\">\n\t\t\t\t\t\t<div class=\"elementor-element elementor-element-c714968 gallery-spacing-custom elementor-widget elementor-widget-image-gallery\" data-id=\"c714968\" data-element_type=\"widget\" data-e-type=\"widget\" data-widget_type=\"image-gallery.default\">\n\t\t\t\t<div class=\"elementor-widget-container\">\n\t\t\t\t\t\t\t<div class=\"elementor-image-gallery\">\n\t\t\t<div id='gallery-1' class='gallery galleryid-5169 gallery-columns-2 gallery-size-full'><figure class='gallery-item'>\n\t\t\t<div class='gallery-icon landscape'>\n\t\t\t\t<a data-elementor-open-lightbox=\"yes\" data-elementor-lightbox-slideshow=\"c714968\" data-elementor-lightbox-title=\"riparazione-utensile-a-bm_ok\" data-e-action-hash=\"#elementor-action%3Aaction%3Dlightbox%26settings%3DeyJpZCI6NzA3NCwidXJsIjoiaHR0cHM6XC9cL2dhc3Bhcml1dGVuc2lsaS5pdFwvd3AtY29udGVudFwvdXBsb2Fkc1wvMjAyNFwvMTJcL3JpcGFyYXppb25lLXV0ZW5zaWxlLWEtYm1fb2stMS5qcGciLCJzbGlkZXNob3ciOiJjNzE0OTY4In0%3D\" href='https:\/\/gaspariutensili.it\/wp-content\/uploads\/2024\/12\/riparazione-utensile-a-bm_ok-1.jpg'><img fetchpriority=\"high\" decoding=\"async\" width=\"2560\" height=\"2124\" src=\"https:\/\/gaspariutensili.it\/wp-content\/uploads\/2024\/12\/riparazione-utensile-a-bm_ok-1.jpg\" class=\"attachment-full size-full\" alt=\"\" aria-describedby=\"gallery-1-7074\" srcset=\"https:\/\/gaspariutensili.it\/wp-content\/uploads\/2024\/12\/riparazione-utensile-a-bm_ok-1.jpg 2560w, https:\/\/gaspariutensili.it\/wp-content\/uploads\/2024\/12\/riparazione-utensile-a-bm_ok-1-300x249.jpg 300w, https:\/\/gaspariutensili.it\/wp-content\/uploads\/2024\/12\/riparazione-utensile-a-bm_ok-1-1024x850.jpg 1024w, https:\/\/gaspariutensili.it\/wp-content\/uploads\/2024\/12\/riparazione-utensile-a-bm_ok-1-768x637.jpg 768w, https:\/\/gaspariutensili.it\/wp-content\/uploads\/2024\/12\/riparazione-utensile-a-bm_ok-1-1536x1274.jpg 1536w, https:\/\/gaspariutensili.it\/wp-content\/uploads\/2024\/12\/riparazione-utensile-a-bm_ok-1-2048x1699.jpg 2048w, https:\/\/gaspariutensili.it\/wp-content\/uploads\/2024\/12\/riparazione-utensile-a-bm_ok-1-600x498.jpg 600w\" sizes=\"(max-width: 2560px) 100vw, 2560px\" \/><\/a>\n\t\t\t<\/div>\n\t\t\t\t<figcaption class='wp-caption-text gallery-caption' id='gallery-1-7074'>\n\t\t\t\tRev\u00eatement TIG r\u00e9alis\u00e9 sur un outil tournant pour r\u00e9paration ult\u00e9rieure du si\u00e8ge endommag\u00e9\n\t\t\t\t<\/figcaption><\/figure><figure class='gallery-item'>\n\t\t\t<div class='gallery-icon landscape'>\n\t\t\t\t<a data-elementor-open-lightbox=\"yes\" data-elementor-lightbox-slideshow=\"c714968\" data-elementor-lightbox-title=\"riparazione-fresa-a-bm_ok\" data-e-action-hash=\"#elementor-action%3Aaction%3Dlightbox%26settings%3DeyJpZCI6NzA3OCwidXJsIjoiaHR0cHM6XC9cL2dhc3Bhcml1dGVuc2lsaS5pdFwvd3AtY29udGVudFwvdXBsb2Fkc1wvMjAyNFwvMTJcL3JpcGFyYXppb25lLWZyZXNhLWEtYm1fb2stMS5qcGciLCJzbGlkZXNob3ciOiJjNzE0OTY4In0%3D\" href='https:\/\/gaspariutensili.it\/wp-content\/uploads\/2024\/12\/riparazione-fresa-a-bm_ok-1.jpg'><img decoding=\"async\" width=\"2560\" height=\"2124\" src=\"https:\/\/gaspariutensili.it\/wp-content\/uploads\/2024\/12\/riparazione-fresa-a-bm_ok-1.jpg\" class=\"attachment-full size-full\" alt=\"\" aria-describedby=\"gallery-1-7078\" srcset=\"https:\/\/gaspariutensili.it\/wp-content\/uploads\/2024\/12\/riparazione-fresa-a-bm_ok-1.jpg 2560w, https:\/\/gaspariutensili.it\/wp-content\/uploads\/2024\/12\/riparazione-fresa-a-bm_ok-1-300x249.jpg 300w, https:\/\/gaspariutensili.it\/wp-content\/uploads\/2024\/12\/riparazione-fresa-a-bm_ok-1-1024x850.jpg 1024w, https:\/\/gaspariutensili.it\/wp-content\/uploads\/2024\/12\/riparazione-fresa-a-bm_ok-1-768x637.jpg 768w, https:\/\/gaspariutensili.it\/wp-content\/uploads\/2024\/12\/riparazione-fresa-a-bm_ok-1-1536x1274.jpg 1536w, https:\/\/gaspariutensili.it\/wp-content\/uploads\/2024\/12\/riparazione-fresa-a-bm_ok-1-2048x1699.jpg 2048w, https:\/\/gaspariutensili.it\/wp-content\/uploads\/2024\/12\/riparazione-fresa-a-bm_ok-1-600x498.jpg 600w\" sizes=\"(max-width: 2560px) 100vw, 2560px\" \/><\/a>\n\t\t\t<\/div>\n\t\t\t\t<figcaption class='wp-caption-text gallery-caption' id='gallery-1-7078'>\n\t\t\t\tRev\u00eatement TIG r\u00e9alis\u00e9 sur une fraise fris\u00e9e pour r\u00e9paration ult\u00e9rieure des si\u00e8ges endommag\u00e9s\n\t\t\t\t<\/figcaption><\/figure>\n\t\t<\/div>\n\t\t<\/div>\n\t\t\t\t\t\t<\/div>\n\t\t\t\t<\/div>\n\t\t\t\t\t<\/div>\n\t\t<\/div>\n\t\t\t\t\t<\/div>\n\t\t<\/section>\n\t\t\t\t<section class=\"elementor-section elementor-top-section elementor-element elementor-element-7fbbb9f4 elementor-section-full_width elementor-section-height-default elementor-section-height-default\" data-id=\"7fbbb9f4\" data-element_type=\"section\" data-e-type=\"section\" data-settings=\"{&quot;background_background&quot;:&quot;classic&quot;}\">\n\t\t\t\t\t\t<div class=\"elementor-container elementor-column-gap-default\">\n\t\t\t\t\t<div class=\"elementor-column elementor-col-100 elementor-top-column elementor-element elementor-element-1f2f0ae6\" data-id=\"1f2f0ae6\" data-element_type=\"column\" data-e-type=\"column\">\n\t\t\t<div class=\"elementor-widget-wrap elementor-element-populated\">\n\t\t\t\t\t\t<div class=\"elementor-element elementor-element-52314b21 elementor-widget elementor-widget-spacer\" data-id=\"52314b21\" data-element_type=\"widget\" data-e-type=\"widget\" data-widget_type=\"spacer.default\">\n\t\t\t\t<div class=\"elementor-widget-container\">\n\t\t\t\t\t\t\t<div class=\"elementor-spacer\">\n\t\t\t<div class=\"elementor-spacer-inner\"><\/div>\n\t\t<\/div>\n\t\t\t\t\t\t<\/div>\n\t\t\t\t<\/div>\n\t\t\t\t\t<\/div>\n\t\t<\/div>\n\t\t\t\t\t<\/div>\n\t\t<\/section>\n\t\t\t\t<\/div>\n\t\t","protected":false},"excerpt":{"rendered":"<p>R\u00e9paration des outils endommag\u00e9s La r\u00e9paration d&rsquo;outils \u00e0 serrage m\u00e9canique endommag\u00e9s est l&rsquo;un des services de longue date de notre entreprise. Ce type d&rsquo;intervention consiste \u00e0 r\u00e9parer les si\u00e8ges de plaquettes endommag\u00e9s \u00e0 la suite d&rsquo;un choc, d&rsquo;une usure ou d&rsquo;un frottement de copeaux sur le corps de l&rsquo;outil. contactez-nous Via Lago di Costanza, 46 [&hellip;]<\/p>\n","protected":false},"author":1,"featured_media":0,"parent":0,"menu_order":0,"comment_status":"closed","ping_status":"closed","template":"elementor_header_footer","meta":{"_acf_changed":false,"footnotes":""},"class_list":["post-5169","page","type-page","status-publish","hentry"],"acf":[],"yoast_head":"<!-- This site is optimized with the Yoast SEO plugin v27.5 - https:\/\/yoast.com\/product\/yoast-seo-wordpress\/ -->\n<title>Gaspari Utensili - Services | R\u00e9paration d&#039;outils endommag\u00e9s<\/title>\n<meta name=\"description\" content=\"L&#039;un des services historiques de notre entreprise est la r\u00e9paration d&#039;outils \u00e0 fixation m\u00e9canique endommag\u00e9s.\" \/>\n<meta name=\"robots\" content=\"index, follow, max-snippet:-1, max-image-preview:large, max-video-preview:-1\" \/>\n<link rel=\"canonical\" href=\"https:\/\/gaspariutensili.it\/fr\/reparation-des-outils-endommages\/\" \/>\n<meta property=\"og:locale\" content=\"fr_FR\" \/>\n<meta property=\"og:type\" content=\"article\" \/>\n<meta property=\"og:title\" content=\"Gaspari Utensili - Services | R\u00e9paration d&#039;outils endommag\u00e9s\" \/>\n<meta property=\"og:description\" content=\"L&#039;un des services historiques de notre entreprise est la r\u00e9paration d&#039;outils \u00e0 fixation m\u00e9canique endommag\u00e9s.\" \/>\n<meta property=\"og:url\" content=\"https:\/\/gaspariutensili.it\/fr\/reparation-des-outils-endommages\/\" \/>\n<meta property=\"og:site_name\" content=\"Gaspari\" \/>\n<meta property=\"article:modified_time\" content=\"2024-12-12T15:39:11+00:00\" \/>\n<meta property=\"og:image\" content=\"https:\/\/gaspariutensili.it\/wp-content\/uploads\/2024\/12\/riparazione-utensile-a-bm_ok-1.jpg\" \/>\n<meta name=\"twitter:card\" content=\"summary_large_image\" \/>\n<meta name=\"twitter:label1\" content=\"Dur\u00e9e de lecture estim\u00e9e\" \/>\n\t<meta name=\"twitter:data1\" content=\"2 minutes\" \/>\n<script type=\"application\/ld+json\" class=\"yoast-schema-graph\">{\"@context\":\"https:\\\/\\\/schema.org\",\"@graph\":[{\"@type\":\"WebPage\",\"@id\":\"https:\\\/\\\/gaspariutensili.it\\\/fr\\\/reparation-des-outils-endommages\\\/\",\"url\":\"https:\\\/\\\/gaspariutensili.it\\\/fr\\\/reparation-des-outils-endommages\\\/\",\"name\":\"Gaspari Utensili - Services | R\u00e9paration d'outils endommag\u00e9s\",\"isPartOf\":{\"@id\":\"https:\\\/\\\/gaspariutensili.it\\\/fr\\\/#website\"},\"primaryImageOfPage\":{\"@id\":\"https:\\\/\\\/gaspariutensili.it\\\/fr\\\/reparation-des-outils-endommages\\\/#primaryimage\"},\"image\":{\"@id\":\"https:\\\/\\\/gaspariutensili.it\\\/fr\\\/reparation-des-outils-endommages\\\/#primaryimage\"},\"thumbnailUrl\":\"https:\\\/\\\/gaspariutensili.it\\\/wp-content\\\/uploads\\\/2024\\\/12\\\/riparazione-utensile-a-bm_ok-1.jpg\",\"datePublished\":\"2024-11-05T15:29:13+00:00\",\"dateModified\":\"2024-12-12T15:39:11+00:00\",\"description\":\"L'un des services historiques de notre entreprise est la r\u00e9paration d'outils \u00e0 fixation m\u00e9canique endommag\u00e9s.\",\"breadcrumb\":{\"@id\":\"https:\\\/\\\/gaspariutensili.it\\\/fr\\\/reparation-des-outils-endommages\\\/#breadcrumb\"},\"inLanguage\":\"fr-FR\",\"potentialAction\":[{\"@type\":\"ReadAction\",\"target\":[\"https:\\\/\\\/gaspariutensili.it\\\/fr\\\/reparation-des-outils-endommages\\\/\"]}]},{\"@type\":\"ImageObject\",\"inLanguage\":\"fr-FR\",\"@id\":\"https:\\\/\\\/gaspariutensili.it\\\/fr\\\/reparation-des-outils-endommages\\\/#primaryimage\",\"url\":\"https:\\\/\\\/gaspariutensili.it\\\/wp-content\\\/uploads\\\/2024\\\/12\\\/riparazione-utensile-a-bm_ok-1.jpg\",\"contentUrl\":\"https:\\\/\\\/gaspariutensili.it\\\/wp-content\\\/uploads\\\/2024\\\/12\\\/riparazione-utensile-a-bm_ok-1.jpg\"},{\"@type\":\"BreadcrumbList\",\"@id\":\"https:\\\/\\\/gaspariutensili.it\\\/fr\\\/reparation-des-outils-endommages\\\/#breadcrumb\",\"itemListElement\":[{\"@type\":\"ListItem\",\"position\":1,\"name\":\"Home\",\"item\":\"https:\\\/\\\/gaspariutensili.it\\\/fr\\\/\"},{\"@type\":\"ListItem\",\"position\":2,\"name\":\"R\u00e9paration des outils endommag\u00e9s\"}]},{\"@type\":\"WebSite\",\"@id\":\"https:\\\/\\\/gaspariutensili.it\\\/fr\\\/#website\",\"url\":\"https:\\\/\\\/gaspariutensili.it\\\/fr\\\/\",\"name\":\"Gaspari\",\"description\":\"Special tools since 1979\",\"publisher\":{\"@id\":\"https:\\\/\\\/gaspariutensili.it\\\/fr\\\/#organization\"},\"potentialAction\":[{\"@type\":\"SearchAction\",\"target\":{\"@type\":\"EntryPoint\",\"urlTemplate\":\"https:\\\/\\\/gaspariutensili.it\\\/fr\\\/?s={search_term_string}\"},\"query-input\":{\"@type\":\"PropertyValueSpecification\",\"valueRequired\":true,\"valueName\":\"search_term_string\"}}],\"inLanguage\":\"fr-FR\"},{\"@type\":\"Organization\",\"@id\":\"https:\\\/\\\/gaspariutensili.it\\\/fr\\\/#organization\",\"name\":\"Gaspari Utensili\",\"url\":\"https:\\\/\\\/gaspariutensili.it\\\/fr\\\/\",\"logo\":{\"@type\":\"ImageObject\",\"inLanguage\":\"fr-FR\",\"@id\":\"https:\\\/\\\/gaspariutensili.it\\\/fr\\\/#\\\/schema\\\/logo\\\/image\\\/\",\"url\":\"http:\\\/\\\/gaspariutensili.it\\\/wp-content\\\/uploads\\\/2021\\\/11\\\/cropped-logo_gaspari-1.png\",\"contentUrl\":\"http:\\\/\\\/gaspariutensili.it\\\/wp-content\\\/uploads\\\/2021\\\/11\\\/cropped-logo_gaspari-1.png\",\"width\":500,\"height\":268,\"caption\":\"Gaspari Utensili\"},\"image\":{\"@id\":\"https:\\\/\\\/gaspariutensili.it\\\/fr\\\/#\\\/schema\\\/logo\\\/image\\\/\"},\"sameAs\":[\"https:\\\/\\\/www.linkedin.com\\\/company\\\/gaspari-utensili-srl\\\/\"]}]}<\/script>\n<!-- \/ Yoast SEO plugin. -->","yoast_head_json":{"title":"Gaspari Utensili - Services | R\u00e9paration d'outils endommag\u00e9s","description":"L'un des services historiques de notre entreprise est la r\u00e9paration d'outils \u00e0 fixation m\u00e9canique endommag\u00e9s.","robots":{"index":"index","follow":"follow","max-snippet":"max-snippet:-1","max-image-preview":"max-image-preview:large","max-video-preview":"max-video-preview:-1"},"canonical":"https:\/\/gaspariutensili.it\/fr\/reparation-des-outils-endommages\/","og_locale":"fr_FR","og_type":"article","og_title":"Gaspari Utensili - Services | R\u00e9paration d'outils endommag\u00e9s","og_description":"L'un des services historiques de notre entreprise est la r\u00e9paration d'outils \u00e0 fixation m\u00e9canique endommag\u00e9s.","og_url":"https:\/\/gaspariutensili.it\/fr\/reparation-des-outils-endommages\/","og_site_name":"Gaspari","article_modified_time":"2024-12-12T15:39:11+00:00","og_image":[{"url":"https:\/\/gaspariutensili.it\/wp-content\/uploads\/2024\/12\/riparazione-utensile-a-bm_ok-1.jpg","type":"","width":"","height":""}],"twitter_card":"summary_large_image","twitter_misc":{"Dur\u00e9e de lecture estim\u00e9e":"2 minutes"},"schema":{"@context":"https:\/\/schema.org","@graph":[{"@type":"WebPage","@id":"https:\/\/gaspariutensili.it\/fr\/reparation-des-outils-endommages\/","url":"https:\/\/gaspariutensili.it\/fr\/reparation-des-outils-endommages\/","name":"Gaspari Utensili - Services | R\u00e9paration d'outils endommag\u00e9s","isPartOf":{"@id":"https:\/\/gaspariutensili.it\/fr\/#website"},"primaryImageOfPage":{"@id":"https:\/\/gaspariutensili.it\/fr\/reparation-des-outils-endommages\/#primaryimage"},"image":{"@id":"https:\/\/gaspariutensili.it\/fr\/reparation-des-outils-endommages\/#primaryimage"},"thumbnailUrl":"https:\/\/gaspariutensili.it\/wp-content\/uploads\/2024\/12\/riparazione-utensile-a-bm_ok-1.jpg","datePublished":"2024-11-05T15:29:13+00:00","dateModified":"2024-12-12T15:39:11+00:00","description":"L'un des services historiques de notre entreprise est la r\u00e9paration d'outils \u00e0 fixation m\u00e9canique endommag\u00e9s.","breadcrumb":{"@id":"https:\/\/gaspariutensili.it\/fr\/reparation-des-outils-endommages\/#breadcrumb"},"inLanguage":"fr-FR","potentialAction":[{"@type":"ReadAction","target":["https:\/\/gaspariutensili.it\/fr\/reparation-des-outils-endommages\/"]}]},{"@type":"ImageObject","inLanguage":"fr-FR","@id":"https:\/\/gaspariutensili.it\/fr\/reparation-des-outils-endommages\/#primaryimage","url":"https:\/\/gaspariutensili.it\/wp-content\/uploads\/2024\/12\/riparazione-utensile-a-bm_ok-1.jpg","contentUrl":"https:\/\/gaspariutensili.it\/wp-content\/uploads\/2024\/12\/riparazione-utensile-a-bm_ok-1.jpg"},{"@type":"BreadcrumbList","@id":"https:\/\/gaspariutensili.it\/fr\/reparation-des-outils-endommages\/#breadcrumb","itemListElement":[{"@type":"ListItem","position":1,"name":"Home","item":"https:\/\/gaspariutensili.it\/fr\/"},{"@type":"ListItem","position":2,"name":"R\u00e9paration des outils endommag\u00e9s"}]},{"@type":"WebSite","@id":"https:\/\/gaspariutensili.it\/fr\/#website","url":"https:\/\/gaspariutensili.it\/fr\/","name":"Gaspari","description":"Special tools since 1979","publisher":{"@id":"https:\/\/gaspariutensili.it\/fr\/#organization"},"potentialAction":[{"@type":"SearchAction","target":{"@type":"EntryPoint","urlTemplate":"https:\/\/gaspariutensili.it\/fr\/?s={search_term_string}"},"query-input":{"@type":"PropertyValueSpecification","valueRequired":true,"valueName":"search_term_string"}}],"inLanguage":"fr-FR"},{"@type":"Organization","@id":"https:\/\/gaspariutensili.it\/fr\/#organization","name":"Gaspari Utensili","url":"https:\/\/gaspariutensili.it\/fr\/","logo":{"@type":"ImageObject","inLanguage":"fr-FR","@id":"https:\/\/gaspariutensili.it\/fr\/#\/schema\/logo\/image\/","url":"http:\/\/gaspariutensili.it\/wp-content\/uploads\/2021\/11\/cropped-logo_gaspari-1.png","contentUrl":"http:\/\/gaspariutensili.it\/wp-content\/uploads\/2021\/11\/cropped-logo_gaspari-1.png","width":500,"height":268,"caption":"Gaspari Utensili"},"image":{"@id":"https:\/\/gaspariutensili.it\/fr\/#\/schema\/logo\/image\/"},"sameAs":["https:\/\/www.linkedin.com\/company\/gaspari-utensili-srl\/"]}]}},"_links":{"self":[{"href":"https:\/\/gaspariutensili.it\/fr\/wp-json\/wp\/v2\/pages\/5169","targetHints":{"allow":["GET"]}}],"collection":[{"href":"https:\/\/gaspariutensili.it\/fr\/wp-json\/wp\/v2\/pages"}],"about":[{"href":"https:\/\/gaspariutensili.it\/fr\/wp-json\/wp\/v2\/types\/page"}],"author":[{"embeddable":true,"href":"https:\/\/gaspariutensili.it\/fr\/wp-json\/wp\/v2\/users\/1"}],"replies":[{"embeddable":true,"href":"https:\/\/gaspariutensili.it\/fr\/wp-json\/wp\/v2\/comments?post=5169"}],"version-history":[{"count":11,"href":"https:\/\/gaspariutensili.it\/fr\/wp-json\/wp\/v2\/pages\/5169\/revisions"}],"predecessor-version":[{"id":7218,"href":"https:\/\/gaspariutensili.it\/fr\/wp-json\/wp\/v2\/pages\/5169\/revisions\/7218"}],"wp:attachment":[{"href":"https:\/\/gaspariutensili.it\/fr\/wp-json\/wp\/v2\/media?parent=5169"}],"curies":[{"name":"wp","href":"https:\/\/api.w.org\/{rel}","templated":true}]}}