{"id":5184,"date":"2024-11-05T15:29:15","date_gmt":"2024-11-05T15:29:15","guid":{"rendered":"https:\/\/gaspariutensili.it\/politique-de-confidentialite\/"},"modified":"2024-11-05T15:29:20","modified_gmt":"2024-11-05T15:29:20","slug":"politique-de-confidentialite","status":"publish","type":"page","link":"https:\/\/gaspariutensili.it\/fr\/politique-de-confidentialite\/","title":{"rendered":"Politique de confidentialit\u00e9"},"content":{"rendered":"\n<p>POLITIQUE DE CONFIDENTIALIT\u00c9<\/p>\n\n<p>Informations sur le traitement, la communication et la diffusion des donn\u00e9es en application du r\u00e8glement europ\u00e9en sur la protection des donn\u00e9es -Reg. 679\/2016 (GDPR) <\/p>\n\n<p>Ce site recueille certaines donn\u00e9es personnelles de ses utilisateurs<\/p>\n\n<p>Nous nous soucions de votre vie priv\u00e9e et n&rsquo;utiliserons les informations personnelles que vous nous fournissez que pour mieux vous servir et vous fournir les informations que vous avez demand\u00e9es.<\/p>\n\n<p>Nous ne vendrons pas vos donn\u00e9es \u00e0 des tiers et nous ne les utiliserons pas pour vous envoyer des spams.<\/p>\n\n<p>\u2014\u2014\u2014\u2014-<\/p>\n\n<p>Responsable du traitement des donn\u00e9es :<\/p>\n\n<p><br\/><br\/>Gaspari Utensili Srl &#8211; Via Lago di Costanza 46, Schio 36015 (VI)<\/p>\n\n<p>\u2014\u2014\u2014\u2014-<\/p>\n\n<p>Ces donn\u00e9es sont collect\u00e9es par le biais de :<\/p>\n\n<p>Formulaires de contact (donn\u00e9es personnelles fournies telles que : nom, pr\u00e9nom, e-mail)<\/p>\n\n<p>Google Analytics, avec des adresses IP anonymes : Statistiques d&rsquo;utilisation, dur\u00e9e de s\u00e9jour sur le site, etc.<\/p>\n\n<p>Google maps, youtube et le contenu int\u00e9gr\u00e9 d&rsquo;autres sites web : peuvent collecter des donn\u00e9es personnelles hors de notre contr\u00f4le, conform\u00e9ment \u00e0 la politique de confidentialit\u00e9 de Google.<\/p>\n\n<p>\u2014\u2014\u2014\u2014-<\/p>\n\n<p>Conform\u00e9ment aux articles 13 et 14 du r\u00e8glement (UE) 2016\/679 (GDPR), \u00e9tablissant des dispositions relatives \u00e0 la protection des personnes physiques \u00e0 l&rsquo;\u00e9gard du traitement des donn\u00e9es \u00e0 caract\u00e8re personnel, le responsable du traitement est tenu de fournir aux personnes concern\u00e9es certaines informations concernant l&rsquo;utilisation de leurs donn\u00e9es \u00e0 caract\u00e8re personnel.<\/p>\n\n<p>Dans le cas pr\u00e9sent, le soussign\u00e9 Gaspari Utensili Srl, dans l&rsquo;exercice de ses activit\u00e9s\/fonctions, a besoin de traiter des informations et des donn\u00e9es \u00e0 caract\u00e8re personnel relatives \u00e0 son organisation, agissant en tant que responsable du traitement des donn\u00e9es conform\u00e9ment au GDPR.<\/p>\n\n<p>Les informations et les donn\u00e9es personnelles que vous nous fournissez, ou qui sont acquises dans le cadre de votre relation contractuelle avec nous, sont trait\u00e9es conform\u00e9ment aux lois en vigueur et aux obligations de confidentialit\u00e9 qui ont toujours inspir\u00e9 notre activit\u00e9.<\/p>\n\n<p>FINALIT\u00c9 DU TRAITEMENT<\/p>\n\n<p>Le traitement des donn\u00e9es a pour but la gestion pr\u00e9contractuelle et contractuelle des activit\u00e9s effectu\u00e9es pour le compte du client par Gaspari Utensili Srl. L&rsquo;accent est mis en particulier sur les finalit\u00e9s suivantes <\/p>\n\n<p>Gestion commerciale et pr\u00e9contractuelle, couvrant toutes les activit\u00e9s pr\u00e9c\u00e9dant la conclusion du contrat ;<\/p>\n\n<p>Gestion administrative et comptable ;<\/p>\n\n<p>Gestion des services d&rsquo;approvisionnement, de livraison et de soutien pour les solutions et les produits fournis conform\u00e9ment au contrat et\/ou \u00e0 la commande.<\/p>\n\n<p>Gestion commerciale et promotionnelle apr\u00e8s-vente de solutions, de nouveaux produits, organisation d&rsquo;\u00e9v\u00e9nements, en lien avec les services et solutions propos\u00e9s.<\/p>\n\n<p>Le traitement sera effectu\u00e9 \u00e0 l&rsquo;aide d&rsquo;instruments \u00e9lectroniques et pourra concerner des donn\u00e9es et des informations sur support informatique ou papier, par des personnes sp\u00e9cialement autoris\u00e9es.<\/p>\n\n<p>En g\u00e9n\u00e9ral, aux fins susmentionn\u00e9es, selon le cas, les donn\u00e9es seront stock\u00e9es dans notre entreprise, dans l&rsquo;infrastructure informatique du client, dans nos centres de donn\u00e9es ou dans les centres de donn\u00e9es de nos fournisseurs, et seront communiqu\u00e9es exclusivement aux parties comp\u00e9tentes, internes ou externes \u00e0 l&rsquo;organisation, comme d\u00e9crit ci-dessous, pour l&rsquo;ex\u00e9cution des services n\u00e9cessaires \u00e0 la bonne gestion de la relation contractuelle et des services sous-jacents, avec la garantie de la protection des droits de la personne concern\u00e9e. <\/p>\n\n<p>LIC\u00c9IT\u00c9 ET BASE JURIDIQUE DU TRAITEMENT<\/p>\n\n<p>Le traitement des donn\u00e9es personnelles par le contr\u00f4leur est l\u00e9gitim\u00e9 par les conditions suivantes (article 6 du GDPR) :<\/p>\n\n<p>La personne concern\u00e9e a consenti au traitement de ses donn\u00e9es \u00e0 caract\u00e8re personnel pour une ou plusieurs finalit\u00e9s sp\u00e9cifiques.<\/p>\n\n<p>Le traitement est n\u00e9cessaire \u00e0 l&rsquo;ex\u00e9cution d&rsquo;un contrat auquel la personne concern\u00e9e est partie et \u00e0 l&rsquo;ex\u00e9cution \u00e9ventuelle de mesures pr\u00e9contractuelles ou postcontractuelles prises \u00e0 la demande de la personne concern\u00e9e.<\/p>\n\n<p>Le traitement est n\u00e9cessaire pour remplir une obligation l\u00e9gale \u00e0 laquelle le responsable du traitement est soumis (notamment \u00e0 des fins administratives et comptables).<\/p>\n\n<p>Approfondissement :<\/p>\n\n<p>Politique en mati\u00e8re de cookies<\/p>\n\n<p>Ce site utilise des cookies, pour la plupart anonymes, afin d&rsquo;am\u00e9liorer ses performances. Il vous sera demand\u00e9 d&rsquo;accepter ces cookies lors de votre premi\u00e8re visite sur le site. Le consentement \u00e0 l&rsquo;utilisation des cookies a une dur\u00e9e de 12 mois et peut \u00eatre r\u00e9voqu\u00e9 \u00e0 tout moment.  <\/p>\n\n<p>Pour une lecture approfondie des cookies utilis\u00e9s, cliquez ici.<\/p>\n\n<p>Google Analytics &#8211; IP anonyme<\/p>\n\n<p>Ce site recueille, au moyen de google analytics et de ses cookies, des donn\u00e9es g\u00e9n\u00e9rales sur le comportement des utilisateurs. Les adresses IP sont anonymis\u00e9es et aucun identifiant d&rsquo;utilisateur n&rsquo;est attribu\u00e9.<\/p>\n\n<p>Cela nous permet d&rsquo;am\u00e9liorer la qualit\u00e9 de notre service sans collecter vos donn\u00e9es personnelles.<\/p>\n\n<p>Ces donn\u00e9es \u00e9tant collect\u00e9es par Google, elles sont \u00e9galement h\u00e9berg\u00e9es dans des espaces web situ\u00e9s en dehors de l&rsquo;Union europ\u00e9enne, Google agissant dans ce contexte en tant que responsable du traitement des donn\u00e9es.<\/p>\n\n<p>Flamingo &#8211; Archive des courriers et demandes envoy\u00e9s<\/p>\n\n<p>Nous collectons sur le site les donn\u00e9es envoy\u00e9es via les formulaires de contact, ainsi que les \u00e9ventuels consentements donn\u00e9s et leur date de collecte. Ces donn\u00e9es sont utilis\u00e9es \u00e0 des fins de service \u00e0 la client\u00e8le uniquement, sans aucune finalit\u00e9 commerciale. <\/p>\n\n<p>Vous pouvez \u00eatre contact\u00e9 \u00e0 tout moment \u00e0 l&rsquo;adresse commerciale@gaspariutensili.it pour demander la soumission, la modification ou la suppression de ces donn\u00e9es, ou d&rsquo;une partie d&rsquo;entre elles.<\/p>\n\n<p>Les contacts archiv\u00e9s sont p\u00e9riodiquement supprim\u00e9s, de sorte qu&rsquo;apr\u00e8s un certain temps, il ne sera plus possible de les demander.<\/p>\n\n<p>Ces donn\u00e9es sont stock\u00e9es localement dans notre espace d&rsquo;h\u00e9bergement, h\u00e9berg\u00e9 en Italie.<\/p>\n\n<p>Contenu int\u00e9gr\u00e9 d&rsquo;autres sites web<\/p>\n\n<p>Les articles de ce site peuvent contenir du contenu int\u00e9gr\u00e9 (par exemple des vid\u00e9os, des images, des articles, etc.). Le contenu int\u00e9gr\u00e9 provenant d&rsquo;autres sites web se comporte exactement de la m\u00eame mani\u00e8re que si le visiteur avait visit\u00e9 l&rsquo;autre site web. <\/p>\n\n<p>Ces sites web peuvent collecter des donn\u00e9es vous concernant, utiliser des cookies, int\u00e9grer un suivi suppl\u00e9mentaire par des tiers et surveiller votre interaction avec ce contenu int\u00e9gr\u00e9, y compris votre interaction avec le contenu int\u00e9gr\u00e9 si vous avez un compte et que vous \u00eates connect\u00e9 \u00e0 ce site web.<\/p>\n\n<p>Dur\u00e9e de conservation de vos donn\u00e9es<\/p>\n\n<p>Les donn\u00e9es ne sont conserv\u00e9es que pendant la dur\u00e9e n\u00e9cessaire aux finalit\u00e9s pour lesquelles elles sont trait\u00e9es ou dans les d\u00e9lais pr\u00e9vus par les lois, r\u00e8gles et r\u00e9glementations nationales et europ\u00e9ennes auxquelles l&rsquo;organisation doit se conformer (par exemple, les r\u00e9glementations comptables et fiscales, etc.) Un contr\u00f4le p\u00e9riodique doit \u00eatre effectu\u00e9 chaque ann\u00e9e sur les donn\u00e9es trait\u00e9es et sur la possibilit\u00e9 de les supprimer si elles ne sont plus n\u00e9cessaires aux fins pr\u00e9vues. <\/p>\n\n<p>Si vous laissez un commentaire, celui-ci et ses m\u00e9tadonn\u00e9es sont stock\u00e9s ind\u00e9finiment. C&rsquo;est ainsi que nous pouvons reconna\u00eetre et approuver automatiquement les commentaires suivants au lieu de les garder dans une file d&rsquo;attente de mod\u00e9ration. <\/p>\n\n<p>Pour les utilisateurs qui s&rsquo;inscrivent sur notre site web (le cas \u00e9ch\u00e9ant), nous stockons \u00e9galement les informations personnelles qu&rsquo;ils fournissent dans leur profil d&rsquo;utilisateur. Tous les utilisateurs peuvent consulter, modifier ou supprimer leurs informations personnelles \u00e0 tout moment (\u00e0 l&rsquo;exception de leur nom d&rsquo;utilisateur, qu&rsquo;ils ne peuvent pas modifier). Les administrateurs du site web peuvent \u00e9galement consulter et modifier ces informations.  <\/p>\n\n<p>Quels sont vos droits sur vos donn\u00e9es ?<\/p>\n\n<p>Si vous avez un compte sur ce site, ou si vous avez laiss\u00e9 des commentaires, vous pouvez demander \u00e0 recevoir un fichier export\u00e9 du site avec les donn\u00e9es personnelles que nous avons sur vous, y compris les donn\u00e9es que vous nous avez fournies. Vous pouvez \u00e9galement nous demander de supprimer toutes les donn\u00e9es \u00e0 caract\u00e8re personnel vous concernant. Cela n&rsquo;inclut pas les donn\u00e9es que nous sommes oblig\u00e9s de conserver \u00e0 des fins administratives, juridiques ou de s\u00e9curit\u00e9.  <\/p>\n\n<p>O\u00f9 nous h\u00e9bergeons vos donn\u00e9es<\/p>\n\n<p>En dehors de Google Analytics, vos donn\u00e9es sont conserv\u00e9es sur nos serveurs, mis \u00e0 jour et s\u00e9curis\u00e9s.<\/p>\n\n<p>Les courriers \u00e9lectroniques envoy\u00e9s via le formulaire de contact sont re\u00e7us par des personnes form\u00e9es au traitement de ces donn\u00e9es personnelles et sur des ordinateurs s\u00e9curis\u00e9s.<\/p>\n\n<p>Vos donn\u00e9es d&rsquo;analyse et vos donn\u00e9es de tiers sont collect\u00e9es et h\u00e9berg\u00e9es sur les serveurs de ces tiers, situ\u00e9s en dehors de l&rsquo;Union europ\u00e9enne, et g\u00e9r\u00e9es de mani\u00e8re s\u00e9curis\u00e9e conform\u00e9ment aux r\u00e9glementations applicables.<\/p>\n\n<p>Les m\u00e9dias :<\/p>\n\n<p>Si vous t\u00e9l\u00e9chargez des images sur le site web, vous devez \u00e9viter de t\u00e9l\u00e9charger des images contenant des donn\u00e9es de localisation int\u00e9gr\u00e9es (EXIF GPS). Les visiteurs du site web peuvent t\u00e9l\u00e9charger et extraire toutes les donn\u00e9es de localisation des images sur le site web. <\/p>\n\n<p>Cookie :<\/p>\n\n<p>Si vous laissez un commentaire sur notre site, vous pouvez choisir d&rsquo;enregistrer votre nom, votre adresse \u00e9lectronique et votre site web dans des cookies. Ceux-ci sont utilis\u00e9s pour votre commodit\u00e9 afin que vous n&rsquo;ayez pas \u00e0 saisir \u00e0 nouveau vos coordonn\u00e9es lorsque vous laissez un autre commentaire. Ces cookies ont une dur\u00e9e de vie d&rsquo;un an.  <\/p>\n\n<p>Si vous avez un compte et que vous acc\u00e9dez \u00e0 ce site, un cookie temporaire sera install\u00e9 pour d\u00e9terminer si votre navigateur accepte les cookies. Ce cookie ne contient aucune donn\u00e9e personnelle et est supprim\u00e9 lorsque vous fermez votre navigateur. <\/p>\n\n<p>Lorsque vous vous connectez, plusieurs cookies sont install\u00e9s pour stocker vos informations de connexion et vos options d&rsquo;\u00e9cran. Les cookies de connexion ont une dur\u00e9e de vie de deux jours, tandis que les cookies d&rsquo;options d&rsquo;\u00e9cran ont une dur\u00e9e de vie d&rsquo;un an. Si vous s\u00e9lectionnez \u00ab\u00a0Se souvenir de moi\u00a0\u00bb, votre connexion sera conserv\u00e9e pendant une quinzaine de jours. Si vous vous d\u00e9connectez de votre compte, les cookies de connexion seront supprim\u00e9s. Si vous modifiez ou publiez un article, un cookie suppl\u00e9mentaire sera enregistr\u00e9 dans votre navigateur. Ce cookie ne contient aucune donn\u00e9e personnelle, mais indique simplement l&rsquo;identifiant de l&rsquo;article que vous venez de modifier. Il expire au bout d&rsquo;un jour.      <\/p>\n\n<p>Comment nous prot\u00e9geons vos donn\u00e9es<\/p>\n\n<p>Ce site prot\u00e8ge vos donn\u00e9es au moyen d&rsquo;un cryptage SSL (\u00e9galement utilis\u00e9 lors de l&rsquo;envoi d&rsquo;e-mails \u00e0 partir de formulaires de contact).<\/p>\n\n<p>Le site lui-m\u00eame est r\u00e9guli\u00e8rement mis \u00e0 jour et est prot\u00e9g\u00e9 par des syst\u00e8mes de d\u00e9fense contre les cyberattaques. Les personnes qui ont un acc\u00e8s administratif \u00e0 ce site ont re\u00e7u une formation sur la s\u00e9curit\u00e9 des donn\u00e9es. <\/p>\n\n<p>Quelles sont les proc\u00e9dures mises en place pour pr\u00e9venir les violations de donn\u00e9es ?<\/p>\n\n<p>Nos programmes internes sont programm\u00e9s pour nous alerter en cas de d\u00e9tection de failles ou d&rsquo;infractions sur le site.<\/p>\n","protected":false},"excerpt":{"rendered":"<p>POLITIQUE DE CONFIDENTIALIT\u00c9 Informations sur le traitement, la communication et la diffusion des donn\u00e9es en application du r\u00e8glement europ\u00e9en sur la protection des donn\u00e9es -Reg. 679\/2016 (GDPR) Ce site recueille certaines donn\u00e9es personnelles de ses utilisateurs Nous nous soucions de votre vie priv\u00e9e et n&rsquo;utiliserons les informations personnelles que vous nous fournissez que pour mieux [&hellip;]<\/p>\n","protected":false},"author":1,"featured_media":0,"parent":0,"menu_order":0,"comment_status":"closed","ping_status":"closed","template":"","meta":{"_acf_changed":false,"footnotes":""},"class_list":["post-5184","page","type-page","status-publish","hentry"],"acf":[],"yoast_head":"<!-- This site is optimized with the Yoast SEO plugin v27.5 - https:\/\/yoast.com\/product\/yoast-seo-wordpress\/ -->\n<title>Politique de confidentialit\u00e9 - Gaspari<\/title>\n<meta name=\"robots\" content=\"index, follow, max-snippet:-1, max-image-preview:large, max-video-preview:-1\" \/>\n<link rel=\"canonical\" href=\"https:\/\/gaspariutensili.it\/fr\/politique-de-confidentialite\/\" \/>\n<meta property=\"og:locale\" content=\"fr_FR\" \/>\n<meta property=\"og:type\" content=\"article\" \/>\n<meta property=\"og:title\" content=\"Politique de confidentialit\u00e9 - Gaspari\" \/>\n<meta property=\"og:description\" content=\"POLITIQUE DE CONFIDENTIALIT\u00c9 Informations sur le traitement, la communication et la diffusion des donn\u00e9es en application du r\u00e8glement europ\u00e9en sur la protection des donn\u00e9es -Reg. 679\/2016 (GDPR) Ce site recueille certaines donn\u00e9es personnelles de ses utilisateurs Nous nous soucions de votre vie priv\u00e9e et n&rsquo;utiliserons les informations personnelles que vous nous fournissez que pour mieux [&hellip;]\" \/>\n<meta property=\"og:url\" content=\"https:\/\/gaspariutensili.it\/fr\/politique-de-confidentialite\/\" \/>\n<meta property=\"og:site_name\" content=\"Gaspari\" \/>\n<meta property=\"article:modified_time\" content=\"2024-11-05T15:29:20+00:00\" \/>\n<meta name=\"twitter:card\" content=\"summary_large_image\" \/>\n<meta name=\"twitter:label1\" content=\"Dur\u00e9e de lecture estim\u00e9e\" \/>\n\t<meta name=\"twitter:data1\" content=\"9 minutes\" \/>\n<script type=\"application\/ld+json\" class=\"yoast-schema-graph\">{\"@context\":\"https:\\\/\\\/schema.org\",\"@graph\":[{\"@type\":\"WebPage\",\"@id\":\"https:\\\/\\\/gaspariutensili.it\\\/fr\\\/politique-de-confidentialite\\\/\",\"url\":\"https:\\\/\\\/gaspariutensili.it\\\/fr\\\/politique-de-confidentialite\\\/\",\"name\":\"Politique de confidentialit\u00e9 - Gaspari\",\"isPartOf\":{\"@id\":\"https:\\\/\\\/gaspariutensili.it\\\/fr\\\/#website\"},\"datePublished\":\"2024-11-05T15:29:15+00:00\",\"dateModified\":\"2024-11-05T15:29:20+00:00\",\"breadcrumb\":{\"@id\":\"https:\\\/\\\/gaspariutensili.it\\\/fr\\\/politique-de-confidentialite\\\/#breadcrumb\"},\"inLanguage\":\"fr-FR\",\"potentialAction\":[{\"@type\":\"ReadAction\",\"target\":[\"https:\\\/\\\/gaspariutensili.it\\\/fr\\\/politique-de-confidentialite\\\/\"]}]},{\"@type\":\"BreadcrumbList\",\"@id\":\"https:\\\/\\\/gaspariutensili.it\\\/fr\\\/politique-de-confidentialite\\\/#breadcrumb\",\"itemListElement\":[{\"@type\":\"ListItem\",\"position\":1,\"name\":\"Home\",\"item\":\"https:\\\/\\\/gaspariutensili.it\\\/fr\\\/\"},{\"@type\":\"ListItem\",\"position\":2,\"name\":\"Politique de confidentialit\u00e9\"}]},{\"@type\":\"WebSite\",\"@id\":\"https:\\\/\\\/gaspariutensili.it\\\/fr\\\/#website\",\"url\":\"https:\\\/\\\/gaspariutensili.it\\\/fr\\\/\",\"name\":\"Gaspari\",\"description\":\"Special tools since 1979\",\"publisher\":{\"@id\":\"https:\\\/\\\/gaspariutensili.it\\\/fr\\\/#organization\"},\"potentialAction\":[{\"@type\":\"SearchAction\",\"target\":{\"@type\":\"EntryPoint\",\"urlTemplate\":\"https:\\\/\\\/gaspariutensili.it\\\/fr\\\/?s={search_term_string}\"},\"query-input\":{\"@type\":\"PropertyValueSpecification\",\"valueRequired\":true,\"valueName\":\"search_term_string\"}}],\"inLanguage\":\"fr-FR\"},{\"@type\":\"Organization\",\"@id\":\"https:\\\/\\\/gaspariutensili.it\\\/fr\\\/#organization\",\"name\":\"Gaspari Utensili\",\"url\":\"https:\\\/\\\/gaspariutensili.it\\\/fr\\\/\",\"logo\":{\"@type\":\"ImageObject\",\"inLanguage\":\"fr-FR\",\"@id\":\"https:\\\/\\\/gaspariutensili.it\\\/fr\\\/#\\\/schema\\\/logo\\\/image\\\/\",\"url\":\"http:\\\/\\\/gaspariutensili.it\\\/wp-content\\\/uploads\\\/2021\\\/11\\\/cropped-logo_gaspari-1.png\",\"contentUrl\":\"http:\\\/\\\/gaspariutensili.it\\\/wp-content\\\/uploads\\\/2021\\\/11\\\/cropped-logo_gaspari-1.png\",\"width\":500,\"height\":268,\"caption\":\"Gaspari Utensili\"},\"image\":{\"@id\":\"https:\\\/\\\/gaspariutensili.it\\\/fr\\\/#\\\/schema\\\/logo\\\/image\\\/\"},\"sameAs\":[\"https:\\\/\\\/www.linkedin.com\\\/company\\\/gaspari-utensili-srl\\\/\"]}]}<\/script>\n<!-- \/ Yoast SEO plugin. -->","yoast_head_json":{"title":"Politique de confidentialit\u00e9 - Gaspari","robots":{"index":"index","follow":"follow","max-snippet":"max-snippet:-1","max-image-preview":"max-image-preview:large","max-video-preview":"max-video-preview:-1"},"canonical":"https:\/\/gaspariutensili.it\/fr\/politique-de-confidentialite\/","og_locale":"fr_FR","og_type":"article","og_title":"Politique de confidentialit\u00e9 - Gaspari","og_description":"POLITIQUE DE CONFIDENTIALIT\u00c9 Informations sur le traitement, la communication et la diffusion des donn\u00e9es en application du r\u00e8glement europ\u00e9en sur la protection des donn\u00e9es -Reg. 679\/2016 (GDPR) Ce site recueille certaines donn\u00e9es personnelles de ses utilisateurs Nous nous soucions de votre vie priv\u00e9e et n&rsquo;utiliserons les informations personnelles que vous nous fournissez que pour mieux [&hellip;]","og_url":"https:\/\/gaspariutensili.it\/fr\/politique-de-confidentialite\/","og_site_name":"Gaspari","article_modified_time":"2024-11-05T15:29:20+00:00","twitter_card":"summary_large_image","twitter_misc":{"Dur\u00e9e de lecture estim\u00e9e":"9 minutes"},"schema":{"@context":"https:\/\/schema.org","@graph":[{"@type":"WebPage","@id":"https:\/\/gaspariutensili.it\/fr\/politique-de-confidentialite\/","url":"https:\/\/gaspariutensili.it\/fr\/politique-de-confidentialite\/","name":"Politique de confidentialit\u00e9 - Gaspari","isPartOf":{"@id":"https:\/\/gaspariutensili.it\/fr\/#website"},"datePublished":"2024-11-05T15:29:15+00:00","dateModified":"2024-11-05T15:29:20+00:00","breadcrumb":{"@id":"https:\/\/gaspariutensili.it\/fr\/politique-de-confidentialite\/#breadcrumb"},"inLanguage":"fr-FR","potentialAction":[{"@type":"ReadAction","target":["https:\/\/gaspariutensili.it\/fr\/politique-de-confidentialite\/"]}]},{"@type":"BreadcrumbList","@id":"https:\/\/gaspariutensili.it\/fr\/politique-de-confidentialite\/#breadcrumb","itemListElement":[{"@type":"ListItem","position":1,"name":"Home","item":"https:\/\/gaspariutensili.it\/fr\/"},{"@type":"ListItem","position":2,"name":"Politique de confidentialit\u00e9"}]},{"@type":"WebSite","@id":"https:\/\/gaspariutensili.it\/fr\/#website","url":"https:\/\/gaspariutensili.it\/fr\/","name":"Gaspari","description":"Special tools since 1979","publisher":{"@id":"https:\/\/gaspariutensili.it\/fr\/#organization"},"potentialAction":[{"@type":"SearchAction","target":{"@type":"EntryPoint","urlTemplate":"https:\/\/gaspariutensili.it\/fr\/?s={search_term_string}"},"query-input":{"@type":"PropertyValueSpecification","valueRequired":true,"valueName":"search_term_string"}}],"inLanguage":"fr-FR"},{"@type":"Organization","@id":"https:\/\/gaspariutensili.it\/fr\/#organization","name":"Gaspari Utensili","url":"https:\/\/gaspariutensili.it\/fr\/","logo":{"@type":"ImageObject","inLanguage":"fr-FR","@id":"https:\/\/gaspariutensili.it\/fr\/#\/schema\/logo\/image\/","url":"http:\/\/gaspariutensili.it\/wp-content\/uploads\/2021\/11\/cropped-logo_gaspari-1.png","contentUrl":"http:\/\/gaspariutensili.it\/wp-content\/uploads\/2021\/11\/cropped-logo_gaspari-1.png","width":500,"height":268,"caption":"Gaspari Utensili"},"image":{"@id":"https:\/\/gaspariutensili.it\/fr\/#\/schema\/logo\/image\/"},"sameAs":["https:\/\/www.linkedin.com\/company\/gaspari-utensili-srl\/"]}]}},"_links":{"self":[{"href":"https:\/\/gaspariutensili.it\/fr\/wp-json\/wp\/v2\/pages\/5184","targetHints":{"allow":["GET"]}}],"collection":[{"href":"https:\/\/gaspariutensili.it\/fr\/wp-json\/wp\/v2\/pages"}],"about":[{"href":"https:\/\/gaspariutensili.it\/fr\/wp-json\/wp\/v2\/types\/page"}],"author":[{"embeddable":true,"href":"https:\/\/gaspariutensili.it\/fr\/wp-json\/wp\/v2\/users\/1"}],"replies":[{"embeddable":true,"href":"https:\/\/gaspariutensili.it\/fr\/wp-json\/wp\/v2\/comments?post=5184"}],"version-history":[{"count":2,"href":"https:\/\/gaspariutensili.it\/fr\/wp-json\/wp\/v2\/pages\/5184\/revisions"}],"predecessor-version":[{"id":5193,"href":"https:\/\/gaspariutensili.it\/fr\/wp-json\/wp\/v2\/pages\/5184\/revisions\/5193"}],"wp:attachment":[{"href":"https:\/\/gaspariutensili.it\/fr\/wp-json\/wp\/v2\/media?parent=5184"}],"curies":[{"name":"wp","href":"https:\/\/api.w.org\/{rel}","templated":true}]}}