{"id":5205,"date":"2024-11-05T15:29:19","date_gmt":"2024-11-05T15:29:19","guid":{"rendered":"https:\/\/gaspariutensili.it\/politique-en-matiere-de-cookies\/"},"modified":"2024-11-05T15:29:20","modified_gmt":"2024-11-05T15:29:20","slug":"politique-en-matiere-de-cookies","status":"publish","type":"page","link":"https:\/\/gaspariutensili.it\/fr\/politique-en-matiere-de-cookies\/","title":{"rendered":"Politique en mati\u00e8re de cookies"},"content":{"rendered":"\n<p><br\/>UTILISATION DES COOKIES Ce site utilise des cookies afin d&rsquo;offrir une meilleure exp\u00e9rience \u00e0 l&rsquo;utilisateur.<\/p>\n\n<p>Lors de la visite du site, l&rsquo;utilisateur verra de petites quantit\u00e9s d&rsquo;informations ins\u00e9r\u00e9es dans l&rsquo;appareil utilis\u00e9 (qu&rsquo;il s&rsquo;agisse d&rsquo;un ordinateur, d&rsquo;un smartphone ou autre), sous la forme de fichiers texte appel\u00e9s \u00ab\u00a0cookies\u00a0\u00bb enregistr\u00e9s dans les r\u00e9pertoires utilis\u00e9s par le navigateur web de l&rsquo;utilisateur.<\/p>\n\n<p>Les cookies appartiennent \u00e0 diff\u00e9rentes cat\u00e9gories et remplissent diff\u00e9rentes fonctions, certains pour rendre l&rsquo;utilisation du site plus efficace, d&rsquo;autres pour permettre certaines fonctionnalit\u00e9s.<\/p>\n\n<p>Dans notre cas sp\u00e9cifique, les cookies utilis\u00e9s nous permettent de :<\/p>\n\n<p><br\/><br\/><br\/><br\/>m\u00e9moriser les pr\u00e9f\u00e9rences saisies \u00e9viter de saisir plusieurs fois les m\u00eames informations au cours d&rsquo;une visite, telles que le nom d&rsquo;utilisateur, l&rsquo;e-mail et le mot de passe analyser l&rsquo;utilisation des services et des contenus fournis par le site pour optimiser et am\u00e9liorer l&rsquo;exp\u00e9rience de navigation et les services offerts TYPES DE COOKIES UTILIS\u00c9S PAR gaspariutensili.it Les diff\u00e9rents types de cookies utilis\u00e9s par gaspariutensili.it en fonction de leur finalit\u00e9 d&rsquo;utilisation sont d\u00e9crits ci-dessous.<\/p>\n\n<p><br\/>Cookies techniques Ce type de cookies permet \u00e0 certaines sections du site de fonctionner correctement. Il existe deux cat\u00e9gories de cookies : les cookies persistants et les cookies de session : <\/p>\n\n<p><br\/><br\/>persistants : une fois le navigateur ferm\u00e9, ils ne sont pas d\u00e9truits mais restent jusqu&rsquo;\u00e0 une date d&rsquo;expiration session : ils sont d\u00e9truits \u00e0 chaque fois que le navigateur est ferm\u00e9 Ces cookies, toujours envoy\u00e9s depuis notre domaine, sont n\u00e9cessaires pour afficher le site correctement et en relation avec les services techniques offerts, ils seront donc toujours utilis\u00e9s et envoy\u00e9s, \u00e0 moins que l&rsquo;utilisateur ne modifie les param\u00e8tres de son navigateur (affectant ainsi l&rsquo;affichage des pages du site).<\/p>\n\n<p><br\/>Cookies analytiques Les cookies de cette cat\u00e9gorie sont utilis\u00e9s pour collecter des informations sur l&rsquo;utilisation du site. gaspariutensili.it utilisera ces informations pour des analyses statistiques anonymes afin d&rsquo;am\u00e9liorer l&rsquo;utilisation du site et de rendre le contenu plus int\u00e9ressant et plus adapt\u00e9 aux souhaits des utilisateurs. <\/p>\n\n<p>Ce type de cookie recueille des donn\u00e9es anonymes sur l&rsquo;activit\u00e9 des utilisateurs et sur la mani\u00e8re dont ils sont arriv\u00e9s sur le site. Les cookies analytiques sont envoy\u00e9s par le site lui-m\u00eame ou par des domaines tiers. <\/p>\n\n<p>gaspariutensili.it utilise google analytics<\/p>\n\n<p>Google analytics &#8211; protection des donn\u00e9es<\/p>\n\n<p>Google Analytics<\/p>\n\n<p>L&rsquo;utilisateur peut d\u00e9sactiver de mani\u00e8re s\u00e9lective l&rsquo;action de Google Analytics en installant sur son navigateur le composant de d\u00e9sactivation fourni par Google. Pour d\u00e9sactiver la collecte de donn\u00e9es par Google Analytics, veuillez consulter le lien ci-dessus. <\/p>\n\n<p>Les cookies utilis\u00e9s par G. analytics sur les sites<\/p>\n\n<p><br\/>Cookies d&rsquo;analyse provenant de services tiers Ces cookies sont utilis\u00e9s pour collecter des informations sur l&rsquo;utilisation du site par les utilisateurs sous une forme anonyme, telles que les pages visit\u00e9es, le temps pass\u00e9, l&rsquo;origine du trafic, l&rsquo;origine g\u00e9ographique, l&rsquo;\u00e2ge, le sexe et les centres d&rsquo;int\u00e9r\u00eat, dans le but de mener des campagnes de marketing. Ces cookies sont envoy\u00e9s par des domaines tiers en dehors du site. <\/p>\n\n<p><br\/>Cookies d&rsquo;int\u00e9gration de produits et fonctions de logiciels tiers Ce type de cookies int\u00e8gre des fonctionnalit\u00e9s d\u00e9velopp\u00e9es par des tiers au sein des pages du Site telles que les ic\u00f4nes et les pr\u00e9f\u00e9rences exprim\u00e9es dans les r\u00e9seaux sociaux afin de partager le contenu du Site ou pour l&rsquo;utilisation de services de logiciels tiers (tels que les logiciels de g\u00e9n\u00e9ration de cartes et autres logiciels offrant des services additionnels). Ces cookies sont envoy\u00e9s par des domaines tiers et des sites partenaires qui proposent leurs fonctionnalit\u00e9s entre les pages du Site. <\/p>\n\n<p><br\/>Cookies de profilage Il s&rsquo;agit des cookies n\u00e9cessaires pour cr\u00e9er des profils d&rsquo;utilisateurs afin d&rsquo;envoyer des messages publicitaires en fonction des pr\u00e9f\u00e9rences exprim\u00e9es par l&rsquo;utilisateur dans les pages du site.<\/p>\n\n<hr class=\"wp-block-separator\"\/>\n\n<p>gaspariutensili.it, conform\u00e9ment \u00e0 la r\u00e9glementation en vigueur, n&rsquo;est pas tenu de demander le consentement pour les cookies techniques et analytiques, car ils sont n\u00e9cessaires pour fournir les services demand\u00e9s.<\/p>\n\n<p>Pour tous les autres types de cookies, le consentement peut \u00eatre exprim\u00e9 par l&rsquo;utilisateur d&rsquo;une ou plusieurs des mani\u00e8res suivantes :<\/p>\n\n<p><br\/><br\/>par le biais de configurations sp\u00e9cifiques du navigateur utilis\u00e9 ou des programmes informatiques connexes utilis\u00e9s pour naviguer sur les pages qui composent le Site. par la modification des param\u00e8tres dans l&rsquo;utilisation de services de tiers Ces deux solutions peuvent emp\u00eacher l&rsquo;utilisateur d&rsquo;utiliser ou de visualiser certaines parties du Site.<\/p>\n\n<hr class=\"wp-block-separator\"\/>\n\n<p><br\/>Sites et services de tiers Le site peut contenir des liens vers d&rsquo;autres sites web qui ont leurs propres politiques de confidentialit\u00e9 qui peuvent diff\u00e9rer de celles adopt\u00e9es par gaspariutensili.it et qui, par cons\u00e9quent, ne sont pas responsables de ces sites.<\/p>\n\n<p><br\/>COMMENT D\u00c9SACTIVER LES COOKIES EN CONFIGURANT LE BROWSER : Chrome<\/p>\n\n<p><br\/><br\/><br\/><br\/><br\/>Lancer le navigateur Chrome Cliquez sur le menu de la barre d&rsquo;outils du navigateur \u00e0 c\u00f4t\u00e9 de la fen\u00eatre d&rsquo;entr\u00e9e de l&rsquo;url pour la navigation S\u00e9lectionnez Param\u00e8tres Cliquez sur Afficher les param\u00e8tres avanc\u00e9s Dans la section \u00ab\u00a0Confidentialit\u00e9\u00a0\u00bb, cliquez sur le bouton \u00ab\u00a0Param\u00e8tres de contenu\u00a0\u00bb Dans la section \u00ab\u00a0Cookies\u00a0\u00bb, vous pouvez modifier les param\u00e8tres suivants relatifs aux cookies :<\/p>\n\n<ol class=\"wp-block-list\"><li>Permettre l&rsquo;enregistrement local des donn\u00e9es<\/li><li>Les donn\u00e9es locales ne sont modifi\u00e9es que jusqu&rsquo;\u00e0 la fermeture du navigateur<\/li><li>Emp\u00eacher les sites de placer des cookies<\/li><li>Bloquer les cookies de tiers et les donn\u00e9es du site<\/li><li>Gestion des exceptions pour certains sites web<\/li><li>Suppression d&rsquo;un ou de tous les cookies<\/li><\/ol>\n\n<p>Pour plus d&rsquo;informations, visitez la page d\u00e9di\u00e9e.<\/p>\n\n<p>Mozilla Firefox<\/p>\n\n<p><br\/><br\/><br\/><br\/><br\/><br\/>Lancez le navigateur Mozilla Firefox Cliquez sur le menu de la barre d&rsquo;outils du navigateur \u00e0 c\u00f4t\u00e9 de la fen\u00eatre d&rsquo;entr\u00e9e de l&rsquo;url pour la navigation S\u00e9lectionnez Options S\u00e9lectionnez le panneau Confidentialit\u00e9 Cliquez sur Afficher les param\u00e8tres avanc\u00e9s Dans la section \u00ab\u00a0Confidentialit\u00e9\u00a0\u00bb, cliquez sur le bouton \u00ab\u00a0Param\u00e8tres de contenu\u00a0\u00bb Dans la section \u00ab\u00a0Suivi\u00a0\u00bb, vous pouvez modifier les param\u00e8tres des cookies suivants :<\/p>\n\n<ol class=\"wp-block-list\"><li>Exiger des sites qu&rsquo;ils n&rsquo;effectuent aucun suivi<\/li><li>Notifier aux sites leur volont\u00e9 d&rsquo;\u00eatre suivis<\/li><li>Ne communiquez pas vos pr\u00e9f\u00e9rences en mati\u00e8re de suivi des donn\u00e9es<\/li><li>Il est possible de le faire \u00e0 partir de la section \u00ab\u00a0Historique\u00a0\u00bb :<\/li><li>En activant l&rsquo;option \u00ab\u00a0Utiliser les param\u00e8tres personnalis\u00e9s\u00a0\u00bb, choisissez d&rsquo;accepter les cookies de tiers (toujours, \u00e0 partir des sites les plus visit\u00e9s ou jamais) et de les conserver pendant une p\u00e9riode d\u00e9termin\u00e9e (jusqu&rsquo;\u00e0 ce qu&rsquo;ils expirent, lorsque Firefox est ferm\u00e9 ou pour demander \u00e0 chaque fois<\/li><li>Suppression des cookies individuels stock\u00e9s<\/li><\/ol>\n\n<p>Pour plus d&rsquo;informations, visitez la page d\u00e9di\u00e9e.<\/p>\n\n<p>Internet Explorer<\/p>\n\n<p><br\/><br\/>Lancez le navigateur Internet Explorer Cliquez sur le bouton Outils et choisissez Options Internet Cliquez sur l&rsquo;onglet Confidentialit\u00e9 et, dans la section Param\u00e8tres, modifiez le curseur en fonction de l&rsquo;action de cookie souhait\u00e9e :<\/p>\n\n<ol class=\"wp-block-list\"><li>Bloquer tous les cookies<\/li><li>Autoriser tous les cookies<\/li><li>S\u00e9lection de sites pour l&rsquo;obtention de cookies : d\u00e9placez le curseur vers une position interm\u00e9diaire afin de ne pas bloquer ou autoriser tous les cookies, puis cliquez sur Sites, dans la case Adresse du site web, entrez un site web et cliquez sur Bloquer ou Autoriser.<\/li><\/ol>\n\n<p>Pour plus d&rsquo;informations, visitez la page d\u00e9di\u00e9e.<\/p>\n\n<p>Safari 6<\/p>\n\n<p><br\/><br\/><br\/><br\/>Lancez le navigateur Safari Cliquez sur Safari, s\u00e9lectionnez Pr\u00e9f\u00e9rences et cliquez sur Confidentialit\u00e9 Dans la section Bloquer les cookies, indiquez comment Safari doit accepter les cookies des sites web. Pour voir quels sites ont stock\u00e9 des cookies, cliquez sur D\u00e9tails Pour plus d&rsquo;informations, veuillez consulter la page d\u00e9di\u00e9e.<\/p>\n\n<p>Safari iOS (appareils mobiles)<\/p>\n\n<p><br\/><br\/><br\/><br\/>Lancez le navigateur Safari iOS Tapez sur Param\u00e8tres puis sur Safari Tapez sur Bloquer les cookies et choisissez parmi les diff\u00e9rentes options : \u00ab\u00a0Jamais\u00a0\u00bb, \u00ab\u00a0Tiers et annonceurs\u00a0\u00bb ou \u00ab\u00a0Toujours\u00a0\u00bb Pour supprimer tous les cookies stock\u00e9s par Safari, tapez sur Param\u00e8tres, puis sur Safari et enfin sur Supprimer les cookies et les donn\u00e9es Pour plus d&rsquo;informations, veuillez consulter la page d\u00e9di\u00e9e \u00e0 ce sujet.<\/p>\n\n<p>Op\u00e9ra<\/p>\n\n<p><br\/><br\/>Lancez le navigateur Opera Cliquez sur Pr\u00e9f\u00e9rences puis sur Avanc\u00e9 et enfin sur Cookie S\u00e9lectionnez l&rsquo;une des options suivantes :<\/p>\n\n<ol class=\"wp-block-list\"><li>Accepter tous les cookies<\/li><li>Accepter uniquement les cookies provenant du site que vous visitez : les cookies de tiers et les cookies provenant d&rsquo;un domaine autre que celui que vous visitez seront rejet\u00e9s.<\/li><li>N&rsquo;acceptez jamais de cookies : tous les cookies ne seront jamais sauvegard\u00e9s.<\/li><\/ol>\n\n<p>Pour plus d&rsquo;informations, visitez la page d\u00e9di\u00e9e.<\/p>\n\n<p><br\/>POLITIQUE EN MATI\u00c8RE DE COOKIE ET CONFIDENTIALIT\u00c9 DES TIERS Les cookies Google utilis\u00e9s<\/p>\n\n<p>Politique de confidentialit\u00e9 de Google<\/p>\n\n<p>Google anlytics &#8211; protection des donn\u00e9es<\/p>\n\n<p>Twitter &#8211; politique de confidentialit\u00e9<\/p>\n\n<p>Pinterest &#8211; politique de confidentialit\u00e9<\/p>\n\n<p><br\/>COMMENT D\u00c9SACTIVER LES COOKIES DES SERVICES TIERS Mise en place des autorisations des soci\u00e9t\u00e9s de publicit\u00e9<\/p>\n\n<p>Services Google<\/p>\n\n<p>Google Analytics<\/p>\n\n<p>L&rsquo;utilisateur peut d\u00e9sactiver de mani\u00e8re s\u00e9lective l&rsquo;action de Google Analytics en installant sur son navigateur le composant de d\u00e9sactivation fourni par Google. Pour d\u00e9sactiver la collecte de donn\u00e9es par Google Analytics, veuillez consulter le lien ci-dessus. <\/p>\n\n<p>Facebook<\/p>\n\n<p>Twitter<\/p>\n\n<p>Pinterest<\/p>\n\n<p>Cette page est visible au moyen d&rsquo;un lien situ\u00e9 en bas de toutes les pages du Site conform\u00e9ment \u00e0 l&rsquo;article 122 deuxi\u00e8me alin\u00e9a du d\u00e9cret l\u00e9gislatif 196\/2003 et suivant les proc\u00e9dures simplifi\u00e9es d&rsquo;information et d&rsquo;obtention du consentement pour l&rsquo;utilisation des cookies publi\u00e9es dans le Journal Officiel n\u00b0 126 du 3 juin 2014 et dans son registre des dispositions n\u00b0 229 du 8 mai 2014.  <\/p>\n","protected":false},"excerpt":{"rendered":"<p>UTILISATION DES COOKIES Ce site utilise des cookies afin d&rsquo;offrir une meilleure exp\u00e9rience \u00e0 l&rsquo;utilisateur. Lors de la visite du site, l&rsquo;utilisateur verra de petites quantit\u00e9s d&rsquo;informations ins\u00e9r\u00e9es dans l&rsquo;appareil utilis\u00e9 (qu&rsquo;il s&rsquo;agisse d&rsquo;un ordinateur, d&rsquo;un smartphone ou autre), sous la forme de fichiers texte appel\u00e9s \u00ab\u00a0cookies\u00a0\u00bb enregistr\u00e9s dans les r\u00e9pertoires utilis\u00e9s par le navigateur [&hellip;]<\/p>\n","protected":false},"author":1,"featured_media":0,"parent":0,"menu_order":0,"comment_status":"closed","ping_status":"closed","template":"","meta":{"_acf_changed":false,"footnotes":""},"class_list":["post-5205","page","type-page","status-publish","hentry"],"acf":[],"yoast_head":"<!-- This site is optimized with the Yoast SEO plugin v27.5 - https:\/\/yoast.com\/product\/yoast-seo-wordpress\/ -->\n<title>Politique en mati\u00e8re de cookies - Gaspari<\/title>\n<meta name=\"robots\" content=\"index, follow, max-snippet:-1, max-image-preview:large, max-video-preview:-1\" \/>\n<link rel=\"canonical\" href=\"https:\/\/gaspariutensili.it\/fr\/politique-en-matiere-de-cookies\/\" \/>\n<meta property=\"og:locale\" content=\"fr_FR\" \/>\n<meta property=\"og:type\" content=\"article\" \/>\n<meta property=\"og:title\" content=\"Politique en mati\u00e8re de cookies - Gaspari\" \/>\n<meta property=\"og:description\" content=\"UTILISATION DES COOKIES Ce site utilise des cookies afin d&rsquo;offrir une meilleure exp\u00e9rience \u00e0 l&rsquo;utilisateur. Lors de la visite du site, l&rsquo;utilisateur verra de petites quantit\u00e9s d&rsquo;informations ins\u00e9r\u00e9es dans l&rsquo;appareil utilis\u00e9 (qu&rsquo;il s&rsquo;agisse d&rsquo;un ordinateur, d&rsquo;un smartphone ou autre), sous la forme de fichiers texte appel\u00e9s \u00ab\u00a0cookies\u00a0\u00bb enregistr\u00e9s dans les r\u00e9pertoires utilis\u00e9s par le navigateur [&hellip;]\" \/>\n<meta property=\"og:url\" content=\"https:\/\/gaspariutensili.it\/fr\/politique-en-matiere-de-cookies\/\" \/>\n<meta property=\"og:site_name\" content=\"Gaspari\" \/>\n<meta property=\"article:modified_time\" content=\"2024-11-05T15:29:20+00:00\" \/>\n<meta name=\"twitter:card\" content=\"summary_large_image\" \/>\n<meta name=\"twitter:label1\" content=\"Dur\u00e9e de lecture estim\u00e9e\" \/>\n\t<meta name=\"twitter:data1\" content=\"8 minutes\" \/>\n<script type=\"application\/ld+json\" class=\"yoast-schema-graph\">{\"@context\":\"https:\\\/\\\/schema.org\",\"@graph\":[{\"@type\":\"WebPage\",\"@id\":\"https:\\\/\\\/gaspariutensili.it\\\/fr\\\/politique-en-matiere-de-cookies\\\/\",\"url\":\"https:\\\/\\\/gaspariutensili.it\\\/fr\\\/politique-en-matiere-de-cookies\\\/\",\"name\":\"Politique en mati\u00e8re de cookies - Gaspari\",\"isPartOf\":{\"@id\":\"https:\\\/\\\/gaspariutensili.it\\\/fr\\\/#website\"},\"datePublished\":\"2024-11-05T15:29:19+00:00\",\"dateModified\":\"2024-11-05T15:29:20+00:00\",\"breadcrumb\":{\"@id\":\"https:\\\/\\\/gaspariutensili.it\\\/fr\\\/politique-en-matiere-de-cookies\\\/#breadcrumb\"},\"inLanguage\":\"fr-FR\",\"potentialAction\":[{\"@type\":\"ReadAction\",\"target\":[\"https:\\\/\\\/gaspariutensili.it\\\/fr\\\/politique-en-matiere-de-cookies\\\/\"]}]},{\"@type\":\"BreadcrumbList\",\"@id\":\"https:\\\/\\\/gaspariutensili.it\\\/fr\\\/politique-en-matiere-de-cookies\\\/#breadcrumb\",\"itemListElement\":[{\"@type\":\"ListItem\",\"position\":1,\"name\":\"Home\",\"item\":\"https:\\\/\\\/gaspariutensili.it\\\/fr\\\/\"},{\"@type\":\"ListItem\",\"position\":2,\"name\":\"Politique en mati\u00e8re de cookies\"}]},{\"@type\":\"WebSite\",\"@id\":\"https:\\\/\\\/gaspariutensili.it\\\/fr\\\/#website\",\"url\":\"https:\\\/\\\/gaspariutensili.it\\\/fr\\\/\",\"name\":\"Gaspari\",\"description\":\"Special tools since 1979\",\"publisher\":{\"@id\":\"https:\\\/\\\/gaspariutensili.it\\\/fr\\\/#organization\"},\"potentialAction\":[{\"@type\":\"SearchAction\",\"target\":{\"@type\":\"EntryPoint\",\"urlTemplate\":\"https:\\\/\\\/gaspariutensili.it\\\/fr\\\/?s={search_term_string}\"},\"query-input\":{\"@type\":\"PropertyValueSpecification\",\"valueRequired\":true,\"valueName\":\"search_term_string\"}}],\"inLanguage\":\"fr-FR\"},{\"@type\":\"Organization\",\"@id\":\"https:\\\/\\\/gaspariutensili.it\\\/fr\\\/#organization\",\"name\":\"Gaspari Utensili\",\"url\":\"https:\\\/\\\/gaspariutensili.it\\\/fr\\\/\",\"logo\":{\"@type\":\"ImageObject\",\"inLanguage\":\"fr-FR\",\"@id\":\"https:\\\/\\\/gaspariutensili.it\\\/fr\\\/#\\\/schema\\\/logo\\\/image\\\/\",\"url\":\"http:\\\/\\\/gaspariutensili.it\\\/wp-content\\\/uploads\\\/2021\\\/11\\\/cropped-logo_gaspari-1.png\",\"contentUrl\":\"http:\\\/\\\/gaspariutensili.it\\\/wp-content\\\/uploads\\\/2021\\\/11\\\/cropped-logo_gaspari-1.png\",\"width\":500,\"height\":268,\"caption\":\"Gaspari Utensili\"},\"image\":{\"@id\":\"https:\\\/\\\/gaspariutensili.it\\\/fr\\\/#\\\/schema\\\/logo\\\/image\\\/\"},\"sameAs\":[\"https:\\\/\\\/www.linkedin.com\\\/company\\\/gaspari-utensili-srl\\\/\"]}]}<\/script>\n<!-- \/ Yoast SEO plugin. -->","yoast_head_json":{"title":"Politique en mati\u00e8re de cookies - Gaspari","robots":{"index":"index","follow":"follow","max-snippet":"max-snippet:-1","max-image-preview":"max-image-preview:large","max-video-preview":"max-video-preview:-1"},"canonical":"https:\/\/gaspariutensili.it\/fr\/politique-en-matiere-de-cookies\/","og_locale":"fr_FR","og_type":"article","og_title":"Politique en mati\u00e8re de cookies - Gaspari","og_description":"UTILISATION DES COOKIES Ce site utilise des cookies afin d&rsquo;offrir une meilleure exp\u00e9rience \u00e0 l&rsquo;utilisateur. Lors de la visite du site, l&rsquo;utilisateur verra de petites quantit\u00e9s d&rsquo;informations ins\u00e9r\u00e9es dans l&rsquo;appareil utilis\u00e9 (qu&rsquo;il s&rsquo;agisse d&rsquo;un ordinateur, d&rsquo;un smartphone ou autre), sous la forme de fichiers texte appel\u00e9s \u00ab\u00a0cookies\u00a0\u00bb enregistr\u00e9s dans les r\u00e9pertoires utilis\u00e9s par le navigateur [&hellip;]","og_url":"https:\/\/gaspariutensili.it\/fr\/politique-en-matiere-de-cookies\/","og_site_name":"Gaspari","article_modified_time":"2024-11-05T15:29:20+00:00","twitter_card":"summary_large_image","twitter_misc":{"Dur\u00e9e de lecture estim\u00e9e":"8 minutes"},"schema":{"@context":"https:\/\/schema.org","@graph":[{"@type":"WebPage","@id":"https:\/\/gaspariutensili.it\/fr\/politique-en-matiere-de-cookies\/","url":"https:\/\/gaspariutensili.it\/fr\/politique-en-matiere-de-cookies\/","name":"Politique en mati\u00e8re de cookies - Gaspari","isPartOf":{"@id":"https:\/\/gaspariutensili.it\/fr\/#website"},"datePublished":"2024-11-05T15:29:19+00:00","dateModified":"2024-11-05T15:29:20+00:00","breadcrumb":{"@id":"https:\/\/gaspariutensili.it\/fr\/politique-en-matiere-de-cookies\/#breadcrumb"},"inLanguage":"fr-FR","potentialAction":[{"@type":"ReadAction","target":["https:\/\/gaspariutensili.it\/fr\/politique-en-matiere-de-cookies\/"]}]},{"@type":"BreadcrumbList","@id":"https:\/\/gaspariutensili.it\/fr\/politique-en-matiere-de-cookies\/#breadcrumb","itemListElement":[{"@type":"ListItem","position":1,"name":"Home","item":"https:\/\/gaspariutensili.it\/fr\/"},{"@type":"ListItem","position":2,"name":"Politique en mati\u00e8re de cookies"}]},{"@type":"WebSite","@id":"https:\/\/gaspariutensili.it\/fr\/#website","url":"https:\/\/gaspariutensili.it\/fr\/","name":"Gaspari","description":"Special tools since 1979","publisher":{"@id":"https:\/\/gaspariutensili.it\/fr\/#organization"},"potentialAction":[{"@type":"SearchAction","target":{"@type":"EntryPoint","urlTemplate":"https:\/\/gaspariutensili.it\/fr\/?s={search_term_string}"},"query-input":{"@type":"PropertyValueSpecification","valueRequired":true,"valueName":"search_term_string"}}],"inLanguage":"fr-FR"},{"@type":"Organization","@id":"https:\/\/gaspariutensili.it\/fr\/#organization","name":"Gaspari Utensili","url":"https:\/\/gaspariutensili.it\/fr\/","logo":{"@type":"ImageObject","inLanguage":"fr-FR","@id":"https:\/\/gaspariutensili.it\/fr\/#\/schema\/logo\/image\/","url":"http:\/\/gaspariutensili.it\/wp-content\/uploads\/2021\/11\/cropped-logo_gaspari-1.png","contentUrl":"http:\/\/gaspariutensili.it\/wp-content\/uploads\/2021\/11\/cropped-logo_gaspari-1.png","width":500,"height":268,"caption":"Gaspari Utensili"},"image":{"@id":"https:\/\/gaspariutensili.it\/fr\/#\/schema\/logo\/image\/"},"sameAs":["https:\/\/www.linkedin.com\/company\/gaspari-utensili-srl\/"]}]}},"_links":{"self":[{"href":"https:\/\/gaspariutensili.it\/fr\/wp-json\/wp\/v2\/pages\/5205","targetHints":{"allow":["GET"]}}],"collection":[{"href":"https:\/\/gaspariutensili.it\/fr\/wp-json\/wp\/v2\/pages"}],"about":[{"href":"https:\/\/gaspariutensili.it\/fr\/wp-json\/wp\/v2\/types\/page"}],"author":[{"embeddable":true,"href":"https:\/\/gaspariutensili.it\/fr\/wp-json\/wp\/v2\/users\/1"}],"replies":[{"embeddable":true,"href":"https:\/\/gaspariutensili.it\/fr\/wp-json\/wp\/v2\/comments?post=5205"}],"version-history":[{"count":2,"href":"https:\/\/gaspariutensili.it\/fr\/wp-json\/wp\/v2\/pages\/5205\/revisions"}],"predecessor-version":[{"id":5208,"href":"https:\/\/gaspariutensili.it\/fr\/wp-json\/wp\/v2\/pages\/5205\/revisions\/5208"}],"wp:attachment":[{"href":"https:\/\/gaspariutensili.it\/fr\/wp-json\/wp\/v2\/media?parent=5205"}],"curies":[{"name":"wp","href":"https:\/\/api.w.org\/{rel}","templated":true}]}}